{"id":485,"date":"2023-03-18T14:49:38","date_gmt":"2023-03-18T13:49:38","guid":{"rendered":"https::\/\/www.confianz.eu\/?page_id=485"},"modified":"2023-03-19T12:33:23","modified_gmt":"2023-03-19T11:33:23","slug":"aangifte-nalatenschap","status":"publish","type":"page","link":"https:\/\/www.confianz.eu\/sv\/aangifte-nalatenschap\/","title":{"rendered":"Aangifte van nalatenschap"},"content":{"rendered":"<div data-elementor-type=\"wp-page\" data-elementor-id=\"485\" class=\"elementor elementor-485\" data-elementor-post-type=\"page\">\n\t\t\t\t\t\t<section data-dce-background-overlay-color=\"#22559C22\" data-dce-background-image-url=\"https:\/\/www.confianz.eu\/app\/uploads\/2023\/03\/aankoopbegeleiding-spanje.jpeg\" class=\"elementor-section elementor-top-section elementor-element elementor-element-59ec6b5a elementor-section-height-min-height elementor-section-boxed elementor-section-height-default elementor-section-items-middle\" data-id=\"59ec6b5a\" data-element_type=\"section\" data-e-type=\"section\" data-settings=\"{&quot;background_background&quot;:&quot;classic&quot;}\">\n\t\t\t\t\t\t\t<div class=\"elementor-background-overlay\"><\/div>\n\t\t\t\t\t\t\t<div class=\"elementor-container elementor-column-gap-default\">\n\t\t\t\t\t<div class=\"elementor-column elementor-col-100 elementor-top-column elementor-element elementor-element-73d922a0\" data-id=\"73d922a0\" data-element_type=\"column\" data-e-type=\"column\">\n\t\t\t<div class=\"elementor-widget-wrap elementor-element-populated\">\n\t\t\t\t\t\t<div class=\"elementor-element elementor-element-66331cf elementor-widget elementor-widget-heading\" data-id=\"66331cf\" data-element_type=\"widget\" data-e-type=\"widget\" data-widget_type=\"heading.default\">\n\t\t\t\t<div class=\"elementor-widget-container\">\n\t\t\t\t\t<h1 class=\"elementor-heading-title elementor-size-default\">Aangifte van nalatenschap<\/h1>\t\t\t\t<\/div>\n\t\t\t\t<\/div>\n\t\t\t\t\t<\/div>\n\t\t<\/div>\n\t\t\t\t\t<\/div>\n\t\t<\/section>\n\t\t\t\t<section class=\"elementor-section elementor-top-section elementor-element elementor-element-89748a8 elementor-section-boxed elementor-section-height-default elementor-section-height-default\" data-id=\"89748a8\" data-element_type=\"section\" data-e-type=\"section\">\n\t\t\t\t\t\t<div class=\"elementor-container elementor-column-gap-default\">\n\t\t\t\t\t<div class=\"elementor-column elementor-col-50 elementor-top-column elementor-element elementor-element-c6ceaef animated-fast elementor-invisible\" data-id=\"c6ceaef\" data-element_type=\"column\" data-e-type=\"column\" data-settings=\"{&quot;animation&quot;:&quot;subtleFadeInLeft&quot;,&quot;animation_mobile&quot;:&quot;subtleFadeInUp&quot;}\">\n\t\t\t<div class=\"elementor-widget-wrap elementor-element-populated\">\n\t\t\t\t\t\t<div class=\"elementor-element elementor-element-438c267 elementor-widget elementor-widget-heading\" data-id=\"438c267\" data-element_type=\"widget\" data-e-type=\"widget\" data-widget_type=\"heading.default\">\n\t\t\t\t<div class=\"elementor-widget-container\">\n\t\t\t\t\t<h2 class=\"elementor-heading-title elementor-size-default\">Belang van een correcte aangifte<\/h2>\t\t\t\t<\/div>\n\t\t\t\t<\/div>\n\t\t\t\t<div class=\"elementor-element elementor-element-1001986 elementor-widget elementor-widget-text-editor\" data-id=\"1001986\" data-element_type=\"widget\" data-e-type=\"widget\" data-widget_type=\"text-editor.default\">\n\t\t\t\t<div class=\"elementor-widget-container\">\n\t\t\t\t\t\t\t\t\t<p>F\u00f6r en nalatenschap-angrepp skall erflaterns vermogenssituatie i kartan tas bort. H\u00e4r kommer en hel\u00a0<strong>juridisk f\u00f6rberedelse<\/strong>\u00a0p\u00e5 f\u00f6rhand. Hur g\u00f6r vi med fastigheten? \u00c4r det i det f\u00f6rflutna schenkingen gebeurd? Fr\u00e5n vilka befrielser och minskningar kan vi njuta? En god f\u00f6rberedelse \u00e4r d\u00e4rf\u00f6r avg\u00f6rande. De finansiella konsekvenserna \u00e4r ocks\u00e5 betydande:<strong>\u00a0en onjuiste aangifte kan leda till en h\u00f6gre erfbelasting, boete eller betwisting<\/strong>.<\/p>\t\t\t\t\t\t\t\t<\/div>\n\t\t\t\t<\/div>\n\t\t\t\t<div class=\"elementor-element elementor-element-c0a9881 elementor-widget elementor-widget-heading\" data-id=\"c0a9881\" data-element_type=\"widget\" data-e-type=\"widget\" data-widget_type=\"heading.default\">\n\t\t\t\t<div class=\"elementor-widget-container\">\n\t\t\t\t\t<h2 class=\"elementor-heading-title elementor-size-default\">Administrativ ontzorging\n<\/h2>\t\t\t\t<\/div>\n\t\t\t\t<\/div>\n\t\t\t\t<div class=\"elementor-element elementor-element-b537394 elementor-widget elementor-widget-text-editor\" data-id=\"b537394\" data-element_type=\"widget\" data-e-type=\"widget\" data-widget_type=\"text-editor.default\">\n\t\t\t\t<div class=\"elementor-widget-container\">\n\t\t\t\t\t\t\t\t\t<p>I samband med att du \u00f6ppnar d\u00f6rren st\u00e4lls regelbundet krav p\u00e5 att du ska g\u00f6ra en anteckning om nalatenschap in orde. Confianz erbjuder dig ett totalpaket till. Vi tar alla m\u00f6jliga\u00a0<strong>administrativa \u00e5tg\u00e4rder<\/strong>\u00a0f\u00f6r dig och din familj\u00a0<strong>ut handen<\/strong>.<\/p><p>Inte bara kan vi de n\u00f6dv\u00e4ndiga uppgifterna bekomen vid officiella instanser, ocks\u00e5 st\u00e5r vi dig med den fullst\u00e4ndiga f\u00f6rberedelsen. D\u00e4rf\u00f6r beh\u00f6ver du inte bry dig om dessa administrativa steg.<\/p>\t\t\t\t\t\t\t\t<\/div>\n\t\t\t\t<\/div>\n\t\t\t\t\t<\/div>\n\t\t<\/div>\n\t\t\t\t<div class=\"elementor-column elementor-col-50 elementor-top-column elementor-element elementor-element-82226cc animated-fast elementor-invisible\" data-id=\"82226cc\" data-element_type=\"column\" data-e-type=\"column\" data-settings=\"{&quot;animation&quot;:&quot;subtleFadeInRight&quot;,&quot;animation_mobile&quot;:&quot;subtleFadeInUp&quot;}\">\n\t\t\t<div class=\"elementor-widget-wrap elementor-element-populated\">\n\t\t\t\t\t\t<div class=\"elementor-element elementor-element-361e46f elementor-widget elementor-widget-heading\" data-id=\"361e46f\" data-element_type=\"widget\" data-e-type=\"widget\" data-widget_type=\"heading.default\">\n\t\t\t\t<div class=\"elementor-widget-container\">\n\t\t\t\t\t<h2 class=\"elementor-heading-title elementor-size-default\">\u00c4ven vid utl\u00e4ndska activa<\/h2>\t\t\t\t<\/div>\n\t\t\t\t<\/div>\n\t\t\t\t<div class=\"elementor-element elementor-element-8b6112b elementor-widget elementor-widget-text-editor\" data-id=\"8b6112b\" data-element_type=\"widget\" data-e-type=\"widget\" data-widget_type=\"text-editor.default\">\n\t\t\t\t<div class=\"elementor-widget-container\">\n\t\t\t\t\t\t\t\t\t<p>\u00c4r du god i utlandet? \u00c4ven dessa utl\u00e4ndska varor tj\u00e4nar dig till att ge. Confianz \u00e4r specialiserad p\u00e5 de aangifte van nalatenschap met buitenlands vastgoed.<\/p><p>Om du till exempel Spaans vastgoed erft, kan vi de waarde ervan correct en tijdig opnemen. Dessutom kan vi ocks\u00e5 g\u00f6ra anpassningen i Spanien i ordning.\u00a0<a href=\"https:\/\/www.confianz.eu\/sv\/2022\/08\/04\/aangifte-van-nalatenschap-met-spaans-vastgoed\/\">H\u00e4r hittar du alvast mer information om de aangifte van nalatenschap met Spaans vastgoed.<\/a><\/p>\t\t\t\t\t\t\t\t<\/div>\n\t\t\t\t<\/div>\n\t\t\t\t<div class=\"elementor-element elementor-element-a7967e1 elementor-widget elementor-widget-heading\" data-id=\"a7967e1\" data-element_type=\"widget\" data-e-type=\"widget\" data-widget_type=\"heading.default\">\n\t\t\t\t<div class=\"elementor-widget-container\">\n\t\t\t\t\t<h2 class=\"elementor-heading-title elementor-size-default\">Regelm\u00e4ssig och personlig kommunikation\n<\/h2>\t\t\t\t<\/div>\n\t\t\t\t<\/div>\n\t\t\t\t<div class=\"elementor-element elementor-element-6c6b8d9 elementor-widget elementor-widget-text-editor\" data-id=\"6c6b8d9\" data-element_type=\"widget\" data-e-type=\"widget\" data-widget_type=\"text-editor.default\">\n\t\t\t\t<div class=\"elementor-widget-container\">\n\t\t\t\t\t\t\t\t\t<p>Din feedback och dina kommentarer \u00e4r viktiga f\u00f6r att f\u00f6rst\u00e5 (familje-) situationen f\u00f6r den drabbade. T\u00e4nk till exempel p\u00e5 bek\u00e4nnelsen av en korrekt v\u00e4rdering av bezittingen.\u00a0<strong>Dina insikter \u00e4r d\u00e4rf\u00f6r verkligen v\u00e4lkomna.<\/strong>\u00a0D\u00e4rf\u00f6r \u00e4r det viktigt att vi regelbundet och personligen \u00f6verl\u00e4gger. Confianz streeft er naar om u periodiek te informeren over de stand van zaken.<\/p>\t\t\t\t\t\t\t\t<\/div>\n\t\t\t\t<\/div>\n\t\t\t\t\t<\/div>\n\t\t<\/div>\n\t\t\t\t\t<\/div>\n\t\t<\/section>\n\t\t\t\t<\/div>","protected":false},"excerpt":{"rendered":"<p>Aangifte van nalatenschap Belang van een correcte aangifte Voor een aangifte van nalatenschap dient u heel de vermogenssituatie van de erflater in kaart te brengen. Hier gaat een hele\u00a0juridische voorbereiding\u00a0aan vooraf. Hoe waarderen we het vastgoed? Zijn er in het verleden schenkingen gebeurd? Van welke vrijstellingen en verminderingen kunnen we genieten? Een goede voorbereiding is [&hellip;]<\/p>\n","protected":false},"author":1,"featured_media":0,"parent":0,"menu_order":0,"comment_status":"closed","ping_status":"closed","template":"","meta":{"_acf_changed":false,"footnotes":""},"class_list":["post-485","page","type-page","status-publish","hentry"],"acf":[],"_links":{"self":[{"href":"https:\/\/www.confianz.eu\/sv\/wp-json\/wp\/v2\/pages\/485","targetHints":{"allow":["GET"]}}],"collection":[{"href":"https:\/\/www.confianz.eu\/sv\/wp-json\/wp\/v2\/pages"}],"about":[{"href":"https:\/\/www.confianz.eu\/sv\/wp-json\/wp\/v2\/types\/page"}],"author":[{"embeddable":true,"href":"https:\/\/www.confianz.eu\/sv\/wp-json\/wp\/v2\/users\/1"}],"replies":[{"embeddable":true,"href":"https:\/\/www.confianz.eu\/sv\/wp-json\/wp\/v2\/comments?post=485"}],"version-history":[{"count":10,"href":"https:\/\/www.confianz.eu\/sv\/wp-json\/wp\/v2\/pages\/485\/revisions"}],"predecessor-version":[{"id":29410,"href":"https:\/\/www.confianz.eu\/sv\/wp-json\/wp\/v2\/pages\/485\/revisions\/29410"}],"wp:attachment":[{"href":"https:\/\/www.confianz.eu\/sv\/wp-json\/wp\/v2\/media?parent=485"}],"curies":[{"name":"wp","href":"https:\/\/api.w.org\/{rel}","templated":true}]}}