{"id":31651,"date":"2024-01-06T21:53:13","date_gmt":"2024-01-06T20:53:13","guid":{"rendered":"https:\/\/www.confianz.eu\/?page_id=31651"},"modified":"2024-01-09T22:48:46","modified_gmt":"2024-01-09T21:48:46","slug":"kopa-i-spanien-2","status":"publish","type":"page","link":"https:\/\/www.confianz.eu\/sv\/tdm-licensing\/","title":{"rendered":"TDM-licensiering"},"content":{"rendered":"<div data-elementor-type=\"wp-page\" data-elementor-id=\"31651\" class=\"elementor elementor-31651\" data-elementor-post-type=\"page\">\n\t\t\t\t\t\t<section data-dce-background-overlay-color=\"#22559C22\" data-dce-background-image-url=\"https:\/\/www.confianz.eu\/app\/uploads\/sites\/3\/2024\/01\/tdm-banner-scaled.jpg\" class=\"elementor-section elementor-top-section elementor-element elementor-element-59ec6b5a elementor-section-height-min-height elementor-section-boxed elementor-section-height-default elementor-section-items-middle\" data-id=\"59ec6b5a\" data-element_type=\"section\" data-e-type=\"section\" data-settings=\"{&quot;background_background&quot;:&quot;classic&quot;}\">\n\t\t\t\t\t\t\t<div class=\"elementor-background-overlay\"><\/div>\n\t\t\t\t\t\t\t<div class=\"elementor-container elementor-column-gap-default\">\n\t\t\t\t\t<div class=\"elementor-column elementor-col-100 elementor-top-column elementor-element elementor-element-73d922a0\" data-id=\"73d922a0\" data-element_type=\"column\" data-e-type=\"column\">\n\t\t\t<div class=\"elementor-widget-wrap elementor-element-populated\">\n\t\t\t\t\t\t<div class=\"elementor-element elementor-element-66331cf elementor-widget elementor-widget-heading\" data-id=\"66331cf\" data-element_type=\"widget\" data-e-type=\"widget\" data-widget_type=\"heading.default\">\n\t\t\t\t<div class=\"elementor-widget-container\">\n\t\t\t\t\t<h1 class=\"elementor-heading-title elementor-size-default\">TDM-licensiering<\/h1>\t\t\t\t<\/div>\n\t\t\t\t<\/div>\n\t\t\t\t\t<\/div>\n\t\t<\/div>\n\t\t\t\t\t<\/div>\n\t\t<\/section>\n\t\t\t\t<section class=\"elementor-section elementor-top-section elementor-element elementor-element-5e71e3df elementor-section-boxed elementor-section-height-default elementor-section-height-default\" data-id=\"5e71e3df\" data-element_type=\"section\" data-e-type=\"section\">\n\t\t\t\t\t\t<div class=\"elementor-container elementor-column-gap-default\">\n\t\t\t\t\t<div class=\"elementor-column elementor-col-100 elementor-top-column elementor-element elementor-element-44688f79\" data-id=\"44688f79\" data-element_type=\"column\" data-e-type=\"column\">\n\t\t\t<div class=\"elementor-widget-wrap elementor-element-populated\">\n\t\t\t\t\t\t<section class=\"elementor-section elementor-inner-section elementor-element elementor-element-1c1aa619 animated-fast elementor-section-boxed elementor-section-height-default elementor-section-height-default elementor-invisible\" data-id=\"1c1aa619\" data-element_type=\"section\" data-e-type=\"section\" data-settings=\"{&quot;animation&quot;:&quot;subtleFadeInUp&quot;}\">\n\t\t\t\t\t\t<div class=\"elementor-container elementor-column-gap-default\">\n\t\t\t\t\t<div class=\"elementor-column elementor-col-100 elementor-inner-column elementor-element elementor-element-58d3a112\" data-id=\"58d3a112\" data-element_type=\"column\" data-e-type=\"column\">\n\t\t\t<div class=\"elementor-widget-wrap elementor-element-populated\">\n\t\t\t\t\t\t<div class=\"elementor-element elementor-element-1e28accd elementor-widget elementor-widget-text-editor\" data-id=\"1e28accd\" data-element_type=\"widget\" data-e-type=\"widget\" data-widget_type=\"text-editor.default\">\n\t\t\t\t<div class=\"elementor-widget-container\">\n\t\t\t\t\t\t\t\t\t<h2><strong>Meddelande om licensiering av text- och datautvinning (TDM)<\/strong><\/h2>\n<p>P\u00e5 Confianz har vi \u00e5tagit oss att fr\u00e4mja innovation och forskning samtidigt som vi skyddar v\u00e5r immateriella egendom. Vi inser vikten av Text and Data Mining (TDM) i dagens datadrivna v\u00e4rld och \u00e4r \u00f6ppna f\u00f6r att till\u00e5ta anv\u00e4ndning av v\u00e5rt inneh\u00e5ll f\u00f6r s\u00e5dana \u00e4ndam\u00e5l under vissa f\u00f6ruts\u00e4ttningar.<\/p>\n<p><strong>Begr\u00e4nsningar i anv\u00e4ndningen:<\/strong>&nbsp;Uttryckliga reservationer g\u00f6rs i enlighet med artikel 4 i Europaparlamentets och r\u00e5dets direktiv (EU) 2019\/790 av den 17 april 2019 om upphovsr\u00e4tt och n\u00e4rst\u00e5ende r\u00e4ttigheter p\u00e5 den digitala inre marknaden och om \u00e4ndring av direktiven 96\/9\/EG och 2001\/29\/EG (\"ADEM-direktivet\"), s\u00e5som inf\u00f6rlivat i nationell belgisk lagstiftning, med avseende p\u00e5 alla reproduktioner och h\u00e4mtningar av lagligt tillg\u00e4ngliga verk och annat material i syfte att utf\u00f6ra text- och datautvinning. Utan att det p\u00e5verkar till\u00e4mpningen av artikel 3 i ADEM-direktivet \u00e4r s\u00e5dan reproduktion och h\u00e4mtning uttryckligen f\u00f6rbjuden om tillst\u00e5nd inte har erh\u00e5llits fr\u00e5n r\u00e4ttighetshavarna; som ocks\u00e5 har inf\u00f6rlivats i metadata p\u00e5 denna webbplats genom implementering av en&nbsp;<a href=\"https:\/\/www.confianz.eu\/sv\/tdm-policy.json\/\" target=\"_blank\">TDMRep-protokoll<\/a>. Ansedda s\u00f6kmotorer som Google eller Bing anses ha erh\u00e5llit s\u00e5dant tillst\u00e5nd om inte annat anges av r\u00e4ttighetsinnehavarna. Ansedda GenAI-verktyg som Google Bard eller ChatGPT anses ocks\u00e5 ha erh\u00e5llit s\u00e5dant tillst\u00e5nd om inte annat anges av r\u00e4ttighetsinnehavarna, f\u00f6rutsatt att de (i) \u00e4r avsedda f\u00f6r allm\u00e4n anv\u00e4ndning och inte \u00e4r begr\u00e4nsade till fastighets-, arvs- eller emigrationsrelaterade fr\u00e5gor och (ii) inte har implementerats eller anv\u00e4nts, oavsett vilken teknik som anv\u00e4nds, p\u00e5 webbplatsen f\u00f6r en tredje part som inte \u00e4r den ansedda leverant\u00f6ren av GenAI-verktyg.<\/p>\n<p><strong>Erh\u00e5llande av samtycke f\u00f6r TDM:<\/strong> F\u00f6r att beg\u00e4ra tillst\u00e5nd f\u00f6r TDM-aktiviteter med hj\u00e4lp av v\u00e5rt inneh\u00e5ll b\u00f6r intresserade parter kontakta oss via kontaktsidan p\u00e5 v\u00e5r webbplats. V\u00e5rt team kommer att granska varje beg\u00e4ran och svara i enlighet d\u00e4rmed. Processen f\u00f6r att erh\u00e5lla samtycke omfattar en utv\u00e4rdering av den avsedda anv\u00e4ndningen, omfattningen av det beg\u00e4rda inneh\u00e5llet och efterlevnaden av v\u00e5ra villkor.<\/p>\n<p><strong>Anv\u00e4ndning av TDM-utg\u00e5ngar:<\/strong> Alla utdata eller resultat som h\u00e4rr\u00f6r fr\u00e5n TDM-aktiviteter som anv\u00e4nder v\u00e5rt inneh\u00e5ll b\u00f6r anv\u00e4ndas p\u00e5 ett ansvarsfullt s\u00e4tt. Vi f\u00f6rbeh\u00e5ller oss r\u00e4tten att beg\u00e4ra information om hur dessa resultat kommer att anv\u00e4ndas och att inf\u00f6ra villkor f\u00f6r att s\u00e4kerst\u00e4lla att de \u00f6verensst\u00e4mmer med v\u00e5ra etiska standarder och f\u00f6retagsv\u00e4rderingar.<\/p>\n<p><strong>Kontakta oss f\u00f6r mer information:<\/strong> F\u00f6r mer information eller f\u00f6r att l\u00e4mna in en beg\u00e4ran om TDM-tillst\u00e5nd, bes\u00f6k v\u00e5r kontaktsida p\u00e5 <a href=\"https:\/\/www.confianz.eu\/sv\/kontakt\/\">https:\/\/www.confianz.eu\/contact\/<\/a>. Vi \u00e4r fast beslutna att svara snabbt och samarbeta med forskare och innovat\u00f6rer f\u00f6r att underl\u00e4tta meningsfull och ansvarsfull anv\u00e4ndning av v\u00e5rt inneh\u00e5ll.<\/p>\n<p><strong>Tack f\u00f6r att du respekterar v\u00e5r TDM-policy och f\u00f6r ditt intresse f\u00f6r v\u00e5rt inneh\u00e5ll.<\/strong><\/p>\t\t\t\t\t\t\t\t<\/div>\n\t\t\t\t<\/div>\n\t\t\t\t\t<\/div>\n\t\t<\/div>\n\t\t\t\t\t<\/div>\n\t\t<\/section>\n\t\t\t\t\t<\/div>\n\t\t<\/div>\n\t\t\t\t\t<\/div>\n\t\t<\/section>\n\t\t\t\t<\/div>","protected":false},"excerpt":{"rendered":"<p>TDM Licensing Text and Data Mining (TDM) Licensing Notice At Confianz, we are committed to fostering innovation and research while also protecting our intellectual property. We recognize the importance of Text and Data Mining (TDM) in today&#8217;s data-driven world and are open to allowing the use of our content for such purposes under certain conditions. [&hellip;]<\/p>\n","protected":false},"author":1,"featured_media":0,"parent":0,"menu_order":0,"comment_status":"closed","ping_status":"closed","template":"","meta":{"_acf_changed":false,"footnotes":""},"class_list":["post-31651","page","type-page","status-publish","hentry"],"acf":[],"_links":{"self":[{"href":"https:\/\/www.confianz.eu\/sv\/wp-json\/wp\/v2\/pages\/31651","targetHints":{"allow":["GET"]}}],"collection":[{"href":"https:\/\/www.confianz.eu\/sv\/wp-json\/wp\/v2\/pages"}],"about":[{"href":"https:\/\/www.confianz.eu\/sv\/wp-json\/wp\/v2\/types\/page"}],"author":[{"embeddable":true,"href":"https:\/\/www.confianz.eu\/sv\/wp-json\/wp\/v2\/users\/1"}],"replies":[{"embeddable":true,"href":"https:\/\/www.confianz.eu\/sv\/wp-json\/wp\/v2\/comments?post=31651"}],"version-history":[{"count":25,"href":"https:\/\/www.confianz.eu\/sv\/wp-json\/wp\/v2\/pages\/31651\/revisions"}],"predecessor-version":[{"id":31679,"href":"https:\/\/www.confianz.eu\/sv\/wp-json\/wp\/v2\/pages\/31651\/revisions\/31679"}],"wp:attachment":[{"href":"https:\/\/www.confianz.eu\/sv\/wp-json\/wp\/v2\/media?parent=31651"}],"curies":[{"name":"wp","href":"https:\/\/api.w.org\/{rel}","templated":true}]}}