{"id":29475,"date":"2023-03-19T13:13:30","date_gmt":"2023-03-19T12:13:30","guid":{"rendered":"https::\/\/www.confianz.eu\/?page_id=29475"},"modified":"2023-03-19T13:18:30","modified_gmt":"2023-03-19T12:18:30","slug":"afspraakbevestiging-nalatenschap","status":"publish","type":"page","link":"https:\/\/www.confianz.eu\/sv\/afspraakbevestiging-nalatenschap\/","title":{"rendered":"Afspraakbevestiging bespreking nalatenschap"},"content":{"rendered":"<div data-elementor-type=\"wp-page\" data-elementor-id=\"29475\" class=\"elementor elementor-29475\" data-elementor-post-type=\"page\">\n\t\t\t\t\t\t<section data-dce-background-overlay-color=\"#22559C22\" data-dce-background-image-url=\"https:\/\/www.confianz.eu\/app\/uploads\/2023\/03\/benidorm.jpg\" class=\"elementor-section elementor-top-section elementor-element elementor-element-59ec6b5a elementor-section-height-min-height elementor-section-boxed elementor-section-height-default elementor-section-items-middle\" data-id=\"59ec6b5a\" data-element_type=\"section\" data-e-type=\"section\" data-settings=\"{&quot;background_background&quot;:&quot;classic&quot;}\">\n\t\t\t\t\t\t\t<div class=\"elementor-background-overlay\"><\/div>\n\t\t\t\t\t\t\t<div class=\"elementor-container elementor-column-gap-default\">\n\t\t\t\t\t<div class=\"elementor-column elementor-col-100 elementor-top-column elementor-element elementor-element-73d922a0\" data-id=\"73d922a0\" data-element_type=\"column\" data-e-type=\"column\">\n\t\t\t<div class=\"elementor-widget-wrap elementor-element-populated\">\n\t\t\t\t\t\t<div data-dce-title-color=\"#FFFFFF\" class=\"elementor-element elementor-element-66331cf elementor-widget elementor-widget-heading\" data-id=\"66331cf\" data-element_type=\"widget\" data-e-type=\"widget\" data-widget_type=\"heading.default\">\n\t\t\t\t<div class=\"elementor-widget-container\">\n\t\t\t\t\t<h1 class=\"elementor-heading-title elementor-size-default\">Afspraakbevestiging bespreking nalatenschap<\/h1>\t\t\t\t<\/div>\n\t\t\t\t<\/div>\n\t\t\t\t\t<\/div>\n\t\t<\/div>\n\t\t\t\t\t<\/div>\n\t\t<\/section>\n\t\t\t\t<section class=\"elementor-section elementor-top-section elementor-element elementor-element-89748a8 elementor-section-boxed elementor-section-height-default elementor-section-height-default\" data-id=\"89748a8\" data-element_type=\"section\" data-e-type=\"section\">\n\t\t\t\t\t\t<div class=\"elementor-container elementor-column-gap-default\">\n\t\t\t\t\t<div class=\"elementor-column elementor-col-100 elementor-top-column elementor-element elementor-element-c6ceaef animated-fast elementor-invisible\" data-id=\"c6ceaef\" data-element_type=\"column\" data-e-type=\"column\" data-settings=\"{&quot;animation&quot;:&quot;subtleFadeInUp&quot;,&quot;animation_mobile&quot;:&quot;subtleFadeInUp&quot;}\">\n\t\t\t<div class=\"elementor-widget-wrap elementor-element-populated\">\n\t\t\t\t\t\t<div class=\"elementor-element elementor-element-1001986 elementor-widget elementor-widget-text-editor\" data-id=\"1001986\" data-element_type=\"widget\" data-e-type=\"widget\" data-widget_type=\"text-editor.default\">\n\t\t\t\t<div class=\"elementor-widget-container\">\n\t\t\t\t\t\t\t\t\t<p>Hartelijk bedankt om een afspraak vast te leggen.<\/p>\t\t\t\t\t\t\t\t<\/div>\n\t\t\t\t<\/div>\n\t\t\t\t<div class=\"elementor-element elementor-element-10ba24f elementor-widget elementor-widget-text-editor\" data-id=\"10ba24f\" data-element_type=\"widget\" data-e-type=\"widget\" data-widget_type=\"text-editor.default\">\n\t\t\t\t<div class=\"elementor-widget-container\">\n\t\t\t\t\t\t\t\t\t<p>F\u00f6r att du under konsultationen ska kunna hj\u00e4lpa till p\u00e5 ett bra s\u00e4tt \u00e4r det viktigt att du:<\/p><ul><li>Vi ber om urs\u00e4kt f\u00f6r att vi har tagit upp en situation och\/eller f\u00f6r att vi har st\u00e4llt fr\u00e5gor till dig;<\/li><li>och alla dokument med anknytning till din dossier meebrengt.<\/li><\/ul>\t\t\t\t\t\t\t\t<\/div>\n\t\t\t\t<\/div>\n\t\t\t\t<div class=\"elementor-element elementor-element-f1f9d97 elementor-widget elementor-widget-text-editor\" data-id=\"f1f9d97\" data-element_type=\"widget\" data-e-type=\"widget\" data-widget_type=\"text-editor.default\">\n\t\t\t\t<div class=\"elementor-widget-container\">\n\t\t\t\t\t\t\t\t\t<p>Du hittar bekr\u00e4ftelsen med instruktioner i din\u00a0<strong>e-post<\/strong>. Mogelijks kommer detta e-postmeddelande i din skr\u00e4ppostmapp terecht.<\/p>\n<section>\n<div class=\"container\">\n<div class=\"row\">\n<div class=\"col-md-8 animate fadeInRight\">\n<p>Om du inte vill annullera din kontakt, skicka ett e-postmeddelande till <a href=\"mailto:info@confianz.eu\">info@confianz.eu<\/a>.<\/p>\n<\/div>\n<\/div>\n<\/div>\n<\/section>\t\t\t\t\t\t\t\t<\/div>\n\t\t\t\t<\/div>\n\t\t\t\t\t<\/div>\n\t\t<\/div>\n\t\t\t\t\t<\/div>\n\t\t<\/section>\n\t\t\t\t<\/div>","protected":false},"excerpt":{"rendered":"<p>Afspraak&#173;bevestiging bespreking nalatenschap Hartelijk bedankt om een afspraak vast te leggen. Om u tijdens de consultatie goed te kunnen helpen, is het belangrijk dat u: ons op voorhand een situatieschets en\/of uw vragen bezorgt; en alle documenten met betrekking tot uw dossier meebrengt. U vindt de afspraakbevestiging met instructies in uw\u00a0e-mail. Mogelijks komt deze e-mail [&hellip;]<\/p>\n","protected":false},"author":1,"featured_media":0,"parent":0,"menu_order":0,"comment_status":"closed","ping_status":"closed","template":"","meta":{"_acf_changed":false,"footnotes":""},"class_list":["post-29475","page","type-page","status-publish","hentry"],"acf":[],"_links":{"self":[{"href":"https:\/\/www.confianz.eu\/sv\/wp-json\/wp\/v2\/pages\/29475","targetHints":{"allow":["GET"]}}],"collection":[{"href":"https:\/\/www.confianz.eu\/sv\/wp-json\/wp\/v2\/pages"}],"about":[{"href":"https:\/\/www.confianz.eu\/sv\/wp-json\/wp\/v2\/types\/page"}],"author":[{"embeddable":true,"href":"https:\/\/www.confianz.eu\/sv\/wp-json\/wp\/v2\/users\/1"}],"replies":[{"embeddable":true,"href":"https:\/\/www.confianz.eu\/sv\/wp-json\/wp\/v2\/comments?post=29475"}],"version-history":[{"count":10,"href":"https:\/\/www.confianz.eu\/sv\/wp-json\/wp\/v2\/pages\/29475\/revisions"}],"predecessor-version":[{"id":29493,"href":"https:\/\/www.confianz.eu\/sv\/wp-json\/wp\/v2\/pages\/29475\/revisions\/29493"}],"wp:attachment":[{"href":"https:\/\/www.confianz.eu\/sv\/wp-json\/wp\/v2\/media?parent=29475"}],"curies":[{"name":"wp","href":"https:\/\/api.w.org\/{rel}","templated":true}]}}