{"id":29440,"date":"2023-03-19T12:53:54","date_gmt":"2023-03-19T11:53:54","guid":{"rendered":"https::\/\/www.confianz.eu\/?page_id=29440"},"modified":"2023-03-19T13:01:43","modified_gmt":"2023-03-19T12:01:43","slug":"omgivningsratt","status":"publish","type":"page","link":"https:\/\/www.confianz.eu\/sv\/omgevingsrecht\/","title":{"rendered":"Advocaten omgevingsrecht"},"content":{"rendered":"<div data-elementor-type=\"wp-page\" data-elementor-id=\"29440\" class=\"elementor elementor-29440\" data-elementor-post-type=\"page\">\n\t\t\t\t\t\t<section data-dce-background-overlay-color=\"#22559C22\" data-dce-background-image-url=\"https:\/\/www.confianz.eu\/app\/uploads\/2023\/03\/omgevingsrecht-huis.jpg\" class=\"elementor-section elementor-top-section elementor-element elementor-element-59ec6b5a elementor-section-height-min-height elementor-section-boxed elementor-section-height-default elementor-section-items-middle\" data-id=\"59ec6b5a\" data-element_type=\"section\" data-e-type=\"section\" data-settings=\"{&quot;background_background&quot;:&quot;classic&quot;}\">\n\t\t\t\t\t\t\t<div class=\"elementor-background-overlay\"><\/div>\n\t\t\t\t\t\t\t<div class=\"elementor-container elementor-column-gap-default\">\n\t\t\t\t\t<div class=\"elementor-column elementor-col-100 elementor-top-column elementor-element elementor-element-73d922a0\" data-id=\"73d922a0\" data-element_type=\"column\" data-e-type=\"column\">\n\t\t\t<div class=\"elementor-widget-wrap elementor-element-populated\">\n\t\t\t\t\t\t<div class=\"elementor-element elementor-element-66331cf elementor-widget elementor-widget-heading\" data-id=\"66331cf\" data-element_type=\"widget\" data-e-type=\"widget\" data-widget_type=\"heading.default\">\n\t\t\t\t<div class=\"elementor-widget-container\">\n\t\t\t\t\t<h1 class=\"elementor-heading-title elementor-size-default\">Advocaten omgevingsrecht<\/h1>\t\t\t\t<\/div>\n\t\t\t\t<\/div>\n\t\t\t\t\t<\/div>\n\t\t<\/div>\n\t\t\t\t\t<\/div>\n\t\t<\/section>\n\t\t\t\t<section class=\"elementor-section elementor-top-section elementor-element elementor-element-9542fbf elementor-section-boxed elementor-section-height-default elementor-section-height-default\" data-id=\"9542fbf\" data-element_type=\"section\" data-e-type=\"section\">\n\t\t\t\t\t\t<div class=\"elementor-container elementor-column-gap-default\">\n\t\t\t\t\t<div class=\"elementor-column elementor-col-100 elementor-top-column elementor-element elementor-element-d0c868c animated-fast elementor-invisible\" data-id=\"d0c868c\" data-element_type=\"column\" data-e-type=\"column\" data-settings=\"{&quot;animation&quot;:&quot;subtleFadeInUp&quot;}\">\n\t\t\t<div class=\"elementor-widget-wrap elementor-element-populated\">\n\t\t\t\t\t\t<div class=\"elementor-element elementor-element-edfae78 elementor-widget elementor-widget-text-editor\" data-id=\"edfae78\" data-element_type=\"widget\" data-e-type=\"widget\" data-widget_type=\"text-editor.default\">\n\t\t\t\t<div class=\"elementor-widget-container\">\n\t\t\t\t\t\t\t\t\t<p>\u00c4r du intresserad av att f\u00f6rverkliga ett fastighetsprojekt? V\u00e5r advocaat omgevingsrecht st\u00e5r dig bi med alla stedenbouwkundige aspekter i Vlaanderen.<\/p>\t\t\t\t\t\t\t\t<\/div>\n\t\t\t\t<\/div>\n\t\t\t\t<div class=\"elementor-element elementor-element-b49f739 elementor-blockquote--skin-border elementor-widget elementor-widget-blockquote\" data-id=\"b49f739\" data-element_type=\"widget\" data-e-type=\"widget\" data-widget_type=\"blockquote.default\">\n\t\t\t\t<div class=\"elementor-widget-container\">\n\t\t\t\t\t\t\t<blockquote class=\"elementor-blockquote\">\n\t\t\t<p class=\"elementor-blockquote__content\">\n\t\t\t\tOnze dienstverlening kenmerkt zich door drie termen: <strong>begeleiden - voorkomen - procederen<\/strong>. Confianz behandlar \u00e4renden som g\u00e4ller omgevingsrecht f\u00f6r Heel Vlaanderen.\t\t\t<\/p>\n\t\t\t\t\t<\/blockquote>\n\t\t\t\t\t\t<\/div>\n\t\t\t\t<\/div>\n\t\t\t\t\t<\/div>\n\t\t<\/div>\n\t\t\t\t\t<\/div>\n\t\t<\/section>\n\t\t\t\t<section class=\"elementor-section elementor-top-section elementor-element elementor-element-89748a8 elementor-section-boxed elementor-section-height-default elementor-section-height-default\" data-id=\"89748a8\" data-element_type=\"section\" data-e-type=\"section\">\n\t\t\t\t\t\t<div class=\"elementor-container elementor-column-gap-default\">\n\t\t\t\t\t<div class=\"elementor-column elementor-col-50 elementor-top-column elementor-element elementor-element-c6ceaef animated-fast elementor-invisible\" data-id=\"c6ceaef\" data-element_type=\"column\" data-e-type=\"column\" data-settings=\"{&quot;animation&quot;:&quot;subtleFadeInLeft&quot;,&quot;animation_delay&quot;:100,&quot;animation_mobile&quot;:&quot;subtleFadeInUp&quot;}\">\n\t\t\t<div class=\"elementor-widget-wrap elementor-element-populated\">\n\t\t\t\t\t\t<div class=\"elementor-element elementor-element-438c267 elementor-widget elementor-widget-heading\" data-id=\"438c267\" data-element_type=\"widget\" data-e-type=\"widget\" data-widget_type=\"heading.default\">\n\t\t\t\t<div class=\"elementor-widget-container\">\n\t\t\t\t\t<h2 class=\"elementor-heading-title elementor-size-default\">1. Begr\u00e4nsning av antalet ans\u00f6kningar om utbetalning<\/h2>\t\t\t\t<\/div>\n\t\t\t\t<\/div>\n\t\t\t\t<div class=\"elementor-element elementor-element-1001986 elementor-widget elementor-widget-text-editor\" data-id=\"1001986\" data-element_type=\"widget\" data-e-type=\"widget\" data-widget_type=\"text-editor.default\">\n\t\t\t\t<div class=\"elementor-widget-container\">\n\t\t\t\t\t\t\t\t\t<p>Som specialister p\u00e5 omgivningsr\u00e4tt screenen vi<strong>\u00a0<\/strong>vergunningsaanvragen om zo te vermijden dat een procedure mogelijks vastloopt. Hieronder valt bijvoorbeeld ook overleg met gemeentes en adviesinstanties, wegwerken van bezwaren uit de buurt en het samenwerken met externe deskundigen zoals een landmeter of architect.<\/p>\n<p><strong><a href=\"https:\/\/www.confianz.eu\/sv\/2020\/12\/28\/omgevingsvergunning-aanvragen\/\">H\u00e4r hittar du de olika stegen \u00f6ver en omgevingsvergunning aanvragen.<\/a><\/strong><\/p>\t\t\t\t\t\t\t\t<\/div>\n\t\t\t\t<\/div>\n\t\t\t\t<div class=\"elementor-element elementor-element-f78cf3d elementor-widget elementor-widget-heading\" data-id=\"f78cf3d\" data-element_type=\"widget\" data-e-type=\"widget\" data-widget_type=\"heading.default\">\n\t\t\t\t<div class=\"elementor-widget-container\">\n\t\t\t\t\t<h2 class=\"elementor-heading-title elementor-size-default\">2. Bijstand vid v\u00e4gning av omgivningstillst\u00e5nd<\/h2>\t\t\t\t<\/div>\n\t\t\t\t<\/div>\n\t\t\t\t<div class=\"elementor-element elementor-element-2dcd4d5 elementor-widget elementor-widget-text-editor\" data-id=\"2dcd4d5\" data-element_type=\"widget\" data-e-type=\"widget\" data-widget_type=\"text-editor.default\">\n\t\t\t\t<div class=\"elementor-widget-container\">\n\t\t\t\t\t\t\t\t\t<p>Var din omgivningsgodk\u00e4nnande geweigerd? Detta betyder inte att ditt projekt tio einde \u00e4r. Du beh\u00f6ver inte heller l\u00e4gga dig h\u00e4r. Vi kan hj\u00e4lpa dig med din verweer.<\/p>\n<p><strong><a href=\"https:\/\/www.confianz.eu\/sv\/2021\/02\/08\/weigering-omgevingsvergunning\/\">Vilka \u00e4r dina m\u00f6jligheter vid en weigering av en vergunning?<\/a><\/strong><\/p>\t\t\t\t\t\t\t\t<\/div>\n\t\t\t\t<\/div>\n\t\t\t\t\t<\/div>\n\t\t<\/div>\n\t\t\t\t<div class=\"elementor-column elementor-col-50 elementor-top-column elementor-element elementor-element-82226cc animated-fast elementor-invisible\" data-id=\"82226cc\" data-element_type=\"column\" data-e-type=\"column\" data-settings=\"{&quot;animation&quot;:&quot;subtleFadeInRight&quot;,&quot;animation_mobile&quot;:&quot;subtleFadeInUp&quot;}\">\n\t\t\t<div class=\"elementor-widget-wrap elementor-element-populated\">\n\t\t\t\t\t\t<div class=\"elementor-element elementor-element-14efc71 elementor-widget elementor-widget-heading\" data-id=\"14efc71\" data-element_type=\"widget\" data-e-type=\"widget\" data-widget_type=\"heading.default\">\n\t\t\t\t<div class=\"elementor-widget-container\">\n\t\t\t\t\t<h2 class=\"elementor-heading-title elementor-size-default\">3. Bezwaren och beroepen<\/h2>\t\t\t\t<\/div>\n\t\t\t\t<\/div>\n\t\t\t\t<div class=\"elementor-element elementor-element-36ab8a1 elementor-widget elementor-widget-text-editor\" data-id=\"36ab8a1\" data-element_type=\"widget\" data-e-type=\"widget\" data-widget_type=\"text-editor.default\">\n\t\t\t\t<div class=\"elementor-widget-container\">\n\t\t\t\t\t\t\t\t\t<p>V\u00e5r advocaat omgevingsrecht vrijwaart uw belangen en staat u bij met stedenbouwkundige geschillen en procedures voor individueel verleende vergunningen in Vlaanderen. \u00c4ven som advocaat stedenbouw kan vi hj\u00e4lpa dig med f\u00f6ljande\u00a0<strong>beroepsprocedurer<\/strong>\u00a0bij de provincie en de Raad voor Vergunningsbetwistingen.<\/p>\n<p><strong><a href=\"https:\/\/www.confianz.eu\/sv\/2020\/12\/11\/een-bouwvergunning-aanvechten-3-praktische-tips\/\">L\u00e4s mer om hur man g\u00e5r till v\u00e4ga f\u00f6r att f\u00e5 en omgivningstillst\u00e5nd<\/a><\/strong>.<\/p>\t\t\t\t\t\t\t\t<\/div>\n\t\t\t\t<\/div>\n\t\t\t\t<div class=\"elementor-element elementor-element-361e46f elementor-widget elementor-widget-heading\" data-id=\"361e46f\" data-element_type=\"widget\" data-e-type=\"widget\" data-widget_type=\"heading.default\">\n\t\t\t\t<div class=\"elementor-widget-container\">\n\t\t\t\t\t<h2 class=\"elementor-heading-title elementor-size-default\">4. Vastgoed due diligence<\/h2>\t\t\t\t<\/div>\n\t\t\t\t<\/div>\n\t\t\t\t<div class=\"elementor-element elementor-element-8b6112b elementor-widget elementor-widget-text-editor\" data-id=\"8b6112b\" data-element_type=\"widget\" data-e-type=\"widget\" data-widget_type=\"text-editor.default\">\n\t\t\t\t<div class=\"elementor-widget-container\">\n\t\t\t\t\t\t\t\t\t<p>Confianz hj\u00e4lper dig med due diligence vad g\u00e4ller den stadsbebyggelse-tekniska aspekten vid fastighetsinvesteringar i Flandern. Vilka \u00e4r de m\u00f6jliga fr\u00e5gorna som kan rijzen till aanleiding van geplande verbouwingswerken of de nieuwe bestemming die u aan het goed wil geven? Onze advocaat ruimtelijke ordening adviseert u over de haalbaarheid van uw project voor een definitieve aankoop.<\/p>\n<p><strong><a href=\"https:\/\/www.confianz.eu\/sv\/2021\/01\/13\/stedenbouwkundig-onderzoek-vlaanderen\/\">Vad inneb\u00e4r due diligence av vastgoed eller stedenbouwkundig onderzoek i?<\/a><\/strong><\/p>\t\t\t\t\t\t\t\t<\/div>\n\t\t\t\t<\/div>\n\t\t\t\t\t<\/div>\n\t\t<\/div>\n\t\t\t\t\t<\/div>\n\t\t<\/section>\n\t\t\t\t<\/div>","protected":false},"excerpt":{"rendered":"<p>Advocaten omgevingsrecht Werkt u aan de realisatie van een vastgoedproject? Onze advocaat omgevingsrecht staat u bij met alle stedenbouwkundige aspecten in Vlaanderen. Onze dienstverlening kenmerkt zich door drie termen: begeleiden \u2013 voorkomen \u2013 procederen. Confianz behandelt dossiers omgevingsrecht voor heel Vlaanderen. 1. Begeleiding van vergunningsaanvragen Als specialisten omgevingsrecht screenen we\u00a0vergunningsaanvragen om zo te vermijden dat [&hellip;]<\/p>\n","protected":false},"author":1,"featured_media":0,"parent":0,"menu_order":0,"comment_status":"closed","ping_status":"closed","template":"","meta":{"_acf_changed":false,"footnotes":""},"class_list":["post-29440","page","type-page","status-publish","hentry"],"acf":[],"_links":{"self":[{"href":"https:\/\/www.confianz.eu\/sv\/wp-json\/wp\/v2\/pages\/29440","targetHints":{"allow":["GET"]}}],"collection":[{"href":"https:\/\/www.confianz.eu\/sv\/wp-json\/wp\/v2\/pages"}],"about":[{"href":"https:\/\/www.confianz.eu\/sv\/wp-json\/wp\/v2\/types\/page"}],"author":[{"embeddable":true,"href":"https:\/\/www.confianz.eu\/sv\/wp-json\/wp\/v2\/users\/1"}],"replies":[{"embeddable":true,"href":"https:\/\/www.confianz.eu\/sv\/wp-json\/wp\/v2\/comments?post=29440"}],"version-history":[{"count":7,"href":"https:\/\/www.confianz.eu\/sv\/wp-json\/wp\/v2\/pages\/29440\/revisions"}],"predecessor-version":[{"id":29448,"href":"https:\/\/www.confianz.eu\/sv\/wp-json\/wp\/v2\/pages\/29440\/revisions\/29448"}],"wp:attachment":[{"href":"https:\/\/www.confianz.eu\/sv\/wp-json\/wp\/v2\/media?parent=29440"}],"curies":[{"name":"wp","href":"https:\/\/api.w.org\/{rel}","templated":true}]}}