{"id":620,"date":"2023-03-18T16:43:23","date_gmt":"2023-03-18T15:43:23","guid":{"rendered":"https::\/\/www.confianz.eu\/?page_id=620"},"modified":"2023-11-21T21:29:04","modified_gmt":"2023-11-21T20:29:04","slug":"zalecenia","status":"publish","type":"page","link":"https:\/\/www.confianz.eu\/pl\/recommendations\/","title":{"rendered":"Co m\u00f3wi\u0105 nasi klienci?"},"content":{"rendered":"<div data-elementor-type=\"wp-page\" data-elementor-id=\"620\" class=\"elementor elementor-620\" data-elementor-post-type=\"page\">\n\t\t\t\t\t\t<section data-dce-background-overlay-color=\"#22559C22\" data-dce-background-image-url=\"https:\/\/www.confianz.eu\/app\/uploads\/2023\/03\/benidorm.jpg\" class=\"elementor-section elementor-top-section elementor-element elementor-element-59ec6b5a elementor-section-height-min-height elementor-section-boxed elementor-section-height-default elementor-section-items-middle\" data-id=\"59ec6b5a\" data-element_type=\"section\" data-e-type=\"section\" data-settings=\"{&quot;background_background&quot;:&quot;classic&quot;}\">\n\t\t\t\t\t\t\t<div class=\"elementor-background-overlay\"><\/div>\n\t\t\t\t\t\t\t<div class=\"elementor-container elementor-column-gap-default\">\n\t\t\t\t\t<div class=\"elementor-column elementor-col-100 elementor-top-column elementor-element elementor-element-73d922a0\" data-id=\"73d922a0\" data-element_type=\"column\" data-e-type=\"column\">\n\t\t\t<div class=\"elementor-widget-wrap elementor-element-populated\">\n\t\t\t\t\t\t<div class=\"elementor-element elementor-element-66331cf elementor-widget elementor-widget-heading\" data-id=\"66331cf\" data-element_type=\"widget\" data-e-type=\"widget\" data-widget_type=\"heading.default\">\n\t\t\t\t<div class=\"elementor-widget-container\">\n\t\t\t\t\t<h1 class=\"elementor-heading-title elementor-size-default\">Co m\u00f3wi\u0105 nasi klienci?<\/h1>\t\t\t\t<\/div>\n\t\t\t\t<\/div>\n\t\t\t\t\t<\/div>\n\t\t<\/div>\n\t\t\t\t\t<\/div>\n\t\t<\/section>\n\t\t\t\t<section class=\"elementor-section elementor-top-section elementor-element elementor-element-5e71e3df elementor-section-boxed elementor-section-height-default elementor-section-height-default\" data-id=\"5e71e3df\" data-element_type=\"section\" data-e-type=\"section\">\n\t\t\t\t\t\t<div class=\"elementor-container elementor-column-gap-default\">\n\t\t\t\t\t<div class=\"elementor-column elementor-col-100 elementor-top-column elementor-element elementor-element-2fa4ce7b animated-fast elementor-invisible\" data-id=\"2fa4ce7b\" data-element_type=\"column\" data-e-type=\"column\" data-settings=\"{&quot;animation&quot;:&quot;subtleFadeInUp&quot;,&quot;animation_mobile&quot;:&quot;subtleFadeInUp&quot;}\">\n\t\t\t<div class=\"elementor-widget-wrap elementor-element-populated\">\n\t\t\t\t\t\t<section class=\"elementor-section elementor-inner-section elementor-element elementor-element-e29138f elementor-section-boxed elementor-section-height-default elementor-section-height-default\" data-id=\"e29138f\" data-element_type=\"section\" data-e-type=\"section\">\n\t\t\t\t\t\t<div class=\"elementor-container elementor-column-gap-default\">\n\t\t\t\t\t<div class=\"elementor-column elementor-col-100 elementor-inner-column elementor-element elementor-element-69646ec\" data-id=\"69646ec\" data-element_type=\"column\" data-e-type=\"column\">\n\t\t\t<div class=\"elementor-widget-wrap elementor-element-populated\">\n\t\t\t\t\t\t<div class=\"elementor-element elementor-element-1fad60d elementor-widget elementor-widget-template\" data-id=\"1fad60d\" data-element_type=\"widget\" data-e-type=\"widget\" data-widget_type=\"template.default\">\n\t\t\t\t<div class=\"elementor-widget-container\">\n\t\t\t\t\t\t\t<div class=\"elementor-template\">\n\t\t\t\t\t<div data-elementor-type=\"section\" data-elementor-id=\"614\" class=\"elementor elementor-614\" data-elementor-post-type=\"elementor_library\">\n\t\t\t\t\t<section class=\"elementor-section elementor-inner-section elementor-element elementor-element-3b2389ba elementor-section-boxed elementor-section-height-default elementor-section-height-default\" data-id=\"3b2389ba\" data-element_type=\"section\" data-e-type=\"section\">\n\t\t\t\t\t\t<div class=\"elementor-container elementor-column-gap-default\">\n\t\t\t\t\t<div class=\"elementor-column elementor-col-100 elementor-inner-column elementor-element elementor-element-26a3cc5e\" data-id=\"26a3cc5e\" data-element_type=\"column\" data-e-type=\"column\">\n\t\t\t<div class=\"elementor-widget-wrap elementor-element-populated\">\n\t\t\t\t\t\t<div class=\"elementor-element elementor-element-2965e8d0 elementor-widget elementor-widget-testimonial\" data-id=\"2965e8d0\" data-element_type=\"widget\" data-e-type=\"widget\" data-widget_type=\"testimonial.default\">\n\t\t\t\t<div class=\"elementor-widget-container\">\n\t\t\t\t\t\t\t<div class=\"elementor-testimonial-wrapper\">\n\t\t\t\t\t\t\t<div class=\"elementor-testimonial-content\">Ca\u0142y proces przebieg\u0142 bardzo sprawnie dzi\u0119ki Confianz \ud83d\udc4d\ud83c\udffc Wracamy do domu dumni i zadowoleni. Zdecydowanie polec\u0119 was tym, kt\u00f3rzy r\u00f3wnie\u017c chc\u0105 kupi\u0107 nieruchomo\u015b\u0107 w po\u0142udniowej Hiszpanii.<\/div>\n\t\t\t\n\t\t\t\t\t\t<div class=\"elementor-testimonial-meta elementor-has-image elementor-testimonial-image-position-aside\">\n\t\t\t\t<div class=\"elementor-testimonial-meta-inner\">\n\t\t\t\t\t\t\t\t\t\t\t<div class=\"elementor-testimonial-image\">\n\t\t\t\t\t\t\t<img fetchpriority=\"high\" decoding=\"async\" width=\"264\" height=\"280\" src=\"https:\/\/www.confianz.eu\/app\/uploads\/sites\/3\/2023\/03\/avatar-male.svg\" class=\"attachment-medium size-medium wp-image-418\" alt=\"\" \/>\t\t\t\t\t\t<\/div>\n\t\t\t\t\t\n\t\t\t\t\t\t\t\t\t\t<div class=\"elementor-testimonial-details\">\n\t\t\t\t\t\t\t\t\t\t\t\t\t\t<div class=\"elementor-testimonial-name\">R. Smeets<\/div>\n\t\t\t\t\t\t\t\t\t\t\t\t\t\t\t\t\t\t\t\t\t\t<div class=\"elementor-testimonial-job\">Samozatrudniony<\/div>\n\t\t\t\t\t\t\t\t\t\t\t\t\t<\/div>\n\t\t\t\t\t\t\t\t\t<\/div>\n\t\t\t<\/div>\n\t\t\t\t\t<\/div>\n\t\t\t\t\t\t<\/div>\n\t\t\t\t<\/div>\n\t\t\t\t<div class=\"elementor-element elementor-element-4dfa7e56 elementor-widget elementor-widget-testimonial\" data-id=\"4dfa7e56\" data-element_type=\"widget\" data-e-type=\"widget\" data-widget_type=\"testimonial.default\">\n\t\t\t\t<div class=\"elementor-widget-container\">\n\t\t\t\t\t\t\t<div class=\"elementor-testimonial-wrapper\">\n\t\t\t\t\t\t\t<div class=\"elementor-testimonial-content\">Wszystko posz\u0142o zgodnie z planem, dzi\u0119kujemy za pomoc. Jeste\u015bmy bardzo zadowoleni z obs\u0142ugi.<\/div>\n\t\t\t\n\t\t\t\t\t\t<div class=\"elementor-testimonial-meta elementor-has-image elementor-testimonial-image-position-aside\">\n\t\t\t\t<div class=\"elementor-testimonial-meta-inner\">\n\t\t\t\t\t\t\t\t\t\t\t<div class=\"elementor-testimonial-image\">\n\t\t\t\t\t\t\t<img decoding=\"async\" width=\"264\" height=\"280\" src=\"https:\/\/www.confianz.eu\/app\/uploads\/sites\/3\/2023\/03\/avatar-male.svg\" class=\"attachment-full size-full wp-image-418\" alt=\"\" \/>\t\t\t\t\t\t<\/div>\n\t\t\t\t\t\n\t\t\t\t\t\t\t\t\t\t<div class=\"elementor-testimonial-details\">\n\t\t\t\t\t\t\t\t\t\t\t\t\t\t<div class=\"elementor-testimonial-name\">L. De Meester<\/div>\n\t\t\t\t\t\t\t\t\t\t\t\t\t\t\t\t\t\t\t\t\t\t<div class=\"elementor-testimonial-job\">In\u017cynier<\/div>\n\t\t\t\t\t\t\t\t\t\t\t\t\t<\/div>\n\t\t\t\t\t\t\t\t\t<\/div>\n\t\t\t<\/div>\n\t\t\t\t\t<\/div>\n\t\t\t\t\t\t<\/div>\n\t\t\t\t<\/div>\n\t\t\t\t<div class=\"elementor-element elementor-element-66e354f5 elementor-widget elementor-widget-testimonial\" data-id=\"66e354f5\" data-element_type=\"widget\" data-e-type=\"widget\" data-widget_type=\"testimonial.default\">\n\t\t\t\t<div class=\"elementor-widget-container\">\n\t\t\t\t\t\t\t<div class=\"elementor-testimonial-wrapper\">\n\t\t\t\t\t\t\t<div class=\"elementor-testimonial-content\">Trzydziesty pierwszy grudnia, trzecia po po\u0142udniu. Tak! Mamy ustn\u0105 umow\u0119 na zakup ma\u0142ego penthouse'u na La Gomerze. Dzwoni\u0119 do Glenna, kt\u00f3rego znam tylko z zapytania mailowego. Ku naszemu zaskoczeniu, natychmiast zabiera si\u0119 do pracy, wi\u0119c tego samego wieczoru zostaje zawarta umowa przedwst\u0119pna. Wida\u0107, \u017ce jeste\u015bmy w dobrych r\u0119kach. Teraz, prawie rok p\u00f3\u017aniej, nasz zakup zosta\u0142 zarejestrowany przez hiszpa\u0144skie w\u0142adze. Nast\u0119pnie otrzymujemy ostateczn\u0105 faktur\u0119 od Confianz. Ku naszemu wielkiemu zaskoczeniu, otrzymujemy niez\u0142\u0105 sumk\u0119 z powrotem. Jak mi\u0142o. Kr\u00f3tko m\u00f3wi\u0105c: mo\u017cemy gor\u0105co poleci\u0107 Glenna i jego zesp\u00f3\u0142! Gor\u0105ce pozdrowienia z La Gomery. Lut i Herwig<\/div>\n\t\t\t\n\t\t\t\t\t\t<div class=\"elementor-testimonial-meta elementor-has-image elementor-testimonial-image-position-aside\">\n\t\t\t\t<div class=\"elementor-testimonial-meta-inner\">\n\t\t\t\t\t\t\t\t\t\t\t<div class=\"elementor-testimonial-image\">\n\t\t\t\t\t\t\t<img decoding=\"async\" width=\"264\" height=\"280\" src=\"https:\/\/www.confianz.eu\/app\/uploads\/sites\/3\/2023\/03\/avatar-female.svg\" class=\"attachment-full size-full wp-image-419\" alt=\"\" \/>\t\t\t\t\t\t<\/div>\n\t\t\t\t\t\n\t\t\t\t\t\t\t\t\t\t<div class=\"elementor-testimonial-details\">\n\t\t\t\t\t\t\t\t\t\t\t\t\t\t<div class=\"elementor-testimonial-name\">Lut &amp; Herwig<\/div>\n\t\t\t\t\t\t\t\t\t\t\t\t\t\t\t\t\t\t\t\t\t\t<div class=\"elementor-testimonial-job\">Cieszenie si\u0119 \u017cyciem na La Gomerze<\/div>\n\t\t\t\t\t\t\t\t\t\t\t\t\t<\/div>\n\t\t\t\t\t\t\t\t\t<\/div>\n\t\t\t<\/div>\n\t\t\t\t\t<\/div>\n\t\t\t\t\t\t<\/div>\n\t\t\t\t<\/div>\n\t\t\t\t<div class=\"elementor-element elementor-element-19c5e694 elementor-widget elementor-widget-testimonial\" data-id=\"19c5e694\" data-element_type=\"widget\" data-e-type=\"widget\" data-widget_type=\"testimonial.default\">\n\t\t\t\t<div class=\"elementor-widget-container\">\n\t\t\t\t\t\t\t<div class=\"elementor-testimonial-wrapper\">\n\t\t\t\t\t\t\t<div class=\"elementor-testimonial-content\">Jestem bardzo zadowolony z waszej pracy i chcia\u0142bym podzi\u0119kowa\u0107 za wskaz\u00f3wki.<\/div>\n\t\t\t\n\t\t\t\t\t\t<div class=\"elementor-testimonial-meta elementor-has-image elementor-testimonial-image-position-aside\">\n\t\t\t\t<div class=\"elementor-testimonial-meta-inner\">\n\t\t\t\t\t\t\t\t\t\t\t<div class=\"elementor-testimonial-image\">\n\t\t\t\t\t\t\t<img decoding=\"async\" width=\"264\" height=\"280\" src=\"https:\/\/www.confianz.eu\/app\/uploads\/sites\/3\/2023\/03\/avatar-male.svg\" class=\"attachment-full size-full wp-image-418\" alt=\"\" \/>\t\t\t\t\t\t<\/div>\n\t\t\t\t\t\n\t\t\t\t\t\t\t\t\t\t<div class=\"elementor-testimonial-details\">\n\t\t\t\t\t\t\t\t\t\t\t\t\t\t<div class=\"elementor-testimonial-name\">F. Pollet<\/div>\n\t\t\t\t\t\t\t\t\t\t\t\t\t\t\t\t\t\t\t<\/div>\n\t\t\t\t\t\t\t\t\t<\/div>\n\t\t\t<\/div>\n\t\t\t\t\t<\/div>\n\t\t\t\t\t\t<\/div>\n\t\t\t\t<\/div>\n\t\t\t\t<div class=\"elementor-element elementor-element-14e3e80a elementor-widget elementor-widget-testimonial\" data-id=\"14e3e80a\" data-element_type=\"widget\" data-e-type=\"widget\" data-widget_type=\"testimonial.default\">\n\t\t\t\t<div class=\"elementor-widget-container\">\n\t\t\t\t\t\t\t<div class=\"elementor-testimonial-wrapper\">\n\t\t\t\t\t\t\t<div class=\"elementor-testimonial-content\">Dzi\u0119kujemy za wsp\u00f3\u0142prac\u0119 i pomoc. Wszystko posz\u0142o zgodnie z planem. Gor\u0105co polecam. Jeste\u015bmy teraz dumnymi w\u0142a\u015bcicielami i cieszymy si\u0119 naszym domem.<\/div>\n\t\t\t\n\t\t\t\t\t\t<div class=\"elementor-testimonial-meta elementor-has-image elementor-testimonial-image-position-aside\">\n\t\t\t\t<div class=\"elementor-testimonial-meta-inner\">\n\t\t\t\t\t\t\t\t\t\t\t<div class=\"elementor-testimonial-image\">\n\t\t\t\t\t\t\t<img decoding=\"async\" width=\"264\" height=\"280\" src=\"https:\/\/www.confianz.eu\/app\/uploads\/sites\/3\/2023\/03\/avatar-male.svg\" class=\"attachment-full size-full wp-image-418\" alt=\"\" \/>\t\t\t\t\t\t<\/div>\n\t\t\t\t\t\n\t\t\t\t\t\t\t\t\t\t<div class=\"elementor-testimonial-details\">\n\t\t\t\t\t\t\t\t\t\t\t\t\t\t<div class=\"elementor-testimonial-name\">D. Vanaken<\/div>\n\t\t\t\t\t\t\t\t\t\t\t\t\t\t\t\t\t\t\t<\/div>\n\t\t\t\t\t\t\t\t\t<\/div>\n\t\t\t<\/div>\n\t\t\t\t\t<\/div>\n\t\t\t\t\t\t<\/div>\n\t\t\t\t<\/div>\n\t\t\t\t\t<\/div>\n\t\t<\/div>\n\t\t\t\t\t<\/div>\n\t\t<\/section>\n\t\t\t\t<\/div>\n\t\t\t\t<\/div>\n\t\t\t\t\t\t<\/div>\n\t\t\t\t<\/div>\n\t\t\t\t\t<\/div>\n\t\t<\/div>\n\t\t\t\t\t<\/div>\n\t\t<\/section>\n\t\t\t\t\t<\/div>\n\t\t<\/div>\n\t\t\t\t\t<\/div>\n\t\t<\/section>\n\t\t\t\t<\/div>","protected":false},"excerpt":{"rendered":"<p>Co m\u00f3wi\u0105 nasi klienci?<\/p>","protected":false},"author":1,"featured_media":0,"parent":0,"menu_order":0,"comment_status":"closed","ping_status":"closed","template":"","meta":{"_acf_changed":false,"footnotes":""},"class_list":["post-620","page","type-page","status-publish","hentry"],"acf":[],"_links":{"self":[{"href":"https:\/\/www.confianz.eu\/pl\/wp-json\/wp\/v2\/pages\/620","targetHints":{"allow":["GET"]}}],"collection":[{"href":"https:\/\/www.confianz.eu\/pl\/wp-json\/wp\/v2\/pages"}],"about":[{"href":"https:\/\/www.confianz.eu\/pl\/wp-json\/wp\/v2\/types\/page"}],"author":[{"embeddable":true,"href":"https:\/\/www.confianz.eu\/pl\/wp-json\/wp\/v2\/users\/1"}],"replies":[{"embeddable":true,"href":"https:\/\/www.confianz.eu\/pl\/wp-json\/wp\/v2\/comments?post=620"}],"version-history":[{"count":14,"href":"https:\/\/www.confianz.eu\/pl\/wp-json\/wp\/v2\/pages\/620\/revisions"}],"predecessor-version":[{"id":31479,"href":"https:\/\/www.confianz.eu\/pl\/wp-json\/wp\/v2\/pages\/620\/revisions\/31479"}],"wp:attachment":[{"href":"https:\/\/www.confianz.eu\/pl\/wp-json\/wp\/v2\/media?parent=620"}],"curies":[{"name":"wp","href":"https:\/\/api.w.org\/{rel}","templated":true}]}}