{"id":526,"date":"2023-03-18T15:15:32","date_gmt":"2023-03-18T14:15:32","guid":{"rendered":"https::\/\/www.confianz.eu\/?page_id=526"},"modified":"2023-03-19T13:10:04","modified_gmt":"2023-03-19T12:10:04","slug":"beroep-tegen-omgevingsvergunning","status":"publish","type":"page","link":"https:\/\/www.confianz.eu\/pl\/beroep-tegen-omgevingsvergunning\/","title":{"rendered":"Beroep tegen omgevingsvergunning"},"content":{"rendered":"<div data-elementor-type=\"wp-page\" data-elementor-id=\"526\" class=\"elementor elementor-526\" data-elementor-post-type=\"page\">\n\t\t\t\t\t\t<section data-dce-background-overlay-color=\"#22559C22\" data-dce-background-image-url=\"https:\/\/www.confianz.eu\/app\/uploads\/2023\/03\/benidorm.jpg\" class=\"elementor-section elementor-top-section elementor-element elementor-element-59ec6b5a elementor-section-height-min-height elementor-section-boxed elementor-section-height-default elementor-section-items-middle\" data-id=\"59ec6b5a\" data-element_type=\"section\" data-e-type=\"section\" data-settings=\"{&quot;background_background&quot;:&quot;classic&quot;}\">\n\t\t\t\t\t\t\t<div class=\"elementor-background-overlay\"><\/div>\n\t\t\t\t\t\t\t<div class=\"elementor-container elementor-column-gap-default\">\n\t\t\t\t\t<div class=\"elementor-column elementor-col-100 elementor-top-column elementor-element elementor-element-73d922a0\" data-id=\"73d922a0\" data-element_type=\"column\" data-e-type=\"column\">\n\t\t\t<div class=\"elementor-widget-wrap elementor-element-populated\">\n\t\t\t\t\t\t<div class=\"elementor-element elementor-element-66331cf elementor-widget elementor-widget-heading\" data-id=\"66331cf\" data-element_type=\"widget\" data-e-type=\"widget\" data-widget_type=\"heading.default\">\n\t\t\t\t<div class=\"elementor-widget-container\">\n\t\t\t\t\t<h1 class=\"elementor-heading-title elementor-size-default\">Beroep tegen omgevingsvergunning<\/h1>\t\t\t\t<\/div>\n\t\t\t\t<\/div>\n\t\t\t\t\t<\/div>\n\t\t<\/div>\n\t\t\t\t\t<\/div>\n\t\t<\/section>\n\t\t\t\t<section class=\"elementor-section elementor-top-section elementor-element elementor-element-89748a8 elementor-section-boxed elementor-section-height-default elementor-section-height-default\" data-id=\"89748a8\" data-element_type=\"section\" data-e-type=\"section\">\n\t\t\t\t\t\t<div class=\"elementor-container elementor-column-gap-default\">\n\t\t\t\t\t<div class=\"elementor-column elementor-col-100 elementor-top-column elementor-element elementor-element-c6ceaef animated-fast elementor-invisible\" data-id=\"c6ceaef\" data-element_type=\"column\" data-e-type=\"column\" data-settings=\"{&quot;animation&quot;:&quot;subtleFadeInUp&quot;,&quot;animation_mobile&quot;:&quot;subtleFadeInUp&quot;}\">\n\t\t\t<div class=\"elementor-widget-wrap elementor-element-populated\">\n\t\t\t\t\t\t<div class=\"elementor-element elementor-element-1001986 elementor-widget elementor-widget-text-editor\" data-id=\"1001986\" data-element_type=\"widget\" data-e-type=\"widget\" data-widget_type=\"text-editor.default\">\n\t\t\t\t<div class=\"elementor-widget-container\">\n\t\t\t\t\t\t\t\t\t<p>Zaufanie jest zapewnione dzi\u0119ki szybkiemu zainstalowaniu beroepa w celu przeprowadzenia przegl\u0105du w prowincji.<\/p>\t\t\t\t\t\t\t\t<\/div>\n\t\t\t\t<\/div>\n\t\t\t\t<div class=\"elementor-element elementor-element-00cef68 elementor-widget elementor-widget-heading\" data-id=\"00cef68\" data-element_type=\"widget\" data-e-type=\"widget\" data-widget_type=\"heading.default\">\n\t\t\t\t<div class=\"elementor-widget-container\">\n\t\t\t\t\t<h2 class=\"elementor-heading-title elementor-size-default\">Advocaten omgevingsrecht<\/h2>\t\t\t\t<\/div>\n\t\t\t\t<\/div>\n\t\t\t\t<div class=\"elementor-element elementor-element-10ba24f elementor-widget elementor-widget-text-editor\" data-id=\"10ba24f\" data-element_type=\"widget\" data-e-type=\"widget\" data-widget_type=\"text-editor.default\">\n\t\t\t\t<div class=\"elementor-widget-container\">\n\t\t\t\t\t\t\t\t\t<p>Confianz staat u bij met zowel de opmaak van het beroepsschrift als de vertegenwoordiging bij de hoorzitting. Op die manier kunt u uw argumenten en\/of grieven terdege overmaken aan de provinciale omgevingsambtenaar en de deputatie.<\/p><p><strong><a href=\"https:\/\/www.confianz.eu\/pl\/2021\/04\/06\/bouwvergunning-geweigerd-beroep-bij-de-provincie\/\">Tutaj znajdziesz wi\u0119cej informacji na temat procedury rozliczeniowej w prowincji.<\/a><\/strong><\/p><p>Heeft u\u00a0<strong>vragen over een beroep tegen een omgevingsvergunning<\/strong>? Skontaktuj si\u0119 z nami za po\u015brednictwem poni\u017cszego formularza.<\/p>\t\t\t\t\t\t\t\t<\/div>\n\t\t\t\t<\/div>\n\t\t\t\t\t<\/div>\n\t\t<\/div>\n\t\t\t\t\t<\/div>\n\t\t<\/section>\n\t\t\t\t<\/div>","protected":false},"excerpt":{"rendered":"<p>Beroep tegen omgevings&#173;vergunning Confianz staat u bij met het tijdig instellen van een beroep tegen een omgevingsvergunning bij de provincie. Advocaten omgevingsrecht Confianz staat u bij met zowel de opmaak van het beroepsschrift als de vertegenwoordiging bij de hoorzitting. Op die manier kunt u uw argumenten en\/of grieven terdege overmaken aan de provinciale omgevingsambtenaar en [&hellip;]<\/p>\n","protected":false},"author":1,"featured_media":0,"parent":0,"menu_order":0,"comment_status":"closed","ping_status":"closed","template":"","meta":{"_acf_changed":false,"footnotes":""},"class_list":["post-526","page","type-page","status-publish","hentry"],"acf":[],"_links":{"self":[{"href":"https:\/\/www.confianz.eu\/pl\/wp-json\/wp\/v2\/pages\/526","targetHints":{"allow":["GET"]}}],"collection":[{"href":"https:\/\/www.confianz.eu\/pl\/wp-json\/wp\/v2\/pages"}],"about":[{"href":"https:\/\/www.confianz.eu\/pl\/wp-json\/wp\/v2\/types\/page"}],"author":[{"embeddable":true,"href":"https:\/\/www.confianz.eu\/pl\/wp-json\/wp\/v2\/users\/1"}],"replies":[{"embeddable":true,"href":"https:\/\/www.confianz.eu\/pl\/wp-json\/wp\/v2\/comments?post=526"}],"version-history":[{"count":16,"href":"https:\/\/www.confianz.eu\/pl\/wp-json\/wp\/v2\/pages\/526\/revisions"}],"predecessor-version":[{"id":29465,"href":"https:\/\/www.confianz.eu\/pl\/wp-json\/wp\/v2\/pages\/526\/revisions\/29465"}],"wp:attachment":[{"href":"https:\/\/www.confianz.eu\/pl\/wp-json\/wp\/v2\/media?parent=526"}],"curies":[{"name":"wp","href":"https:\/\/api.w.org\/{rel}","templated":true}]}}