{"id":485,"date":"2023-03-18T14:49:38","date_gmt":"2023-03-18T13:49:38","guid":{"rendered":"https::\/\/www.confianz.eu\/?page_id=485"},"modified":"2023-03-19T12:33:23","modified_gmt":"2023-03-19T11:33:23","slug":"aangifte-nalatenschap","status":"publish","type":"page","link":"https:\/\/www.confianz.eu\/pl\/aangifte-nalatenschap\/","title":{"rendered":"Aangifte van nalatenschap"},"content":{"rendered":"<div data-elementor-type=\"wp-page\" data-elementor-id=\"485\" class=\"elementor elementor-485\" data-elementor-post-type=\"page\">\n\t\t\t\t\t\t<section data-dce-background-overlay-color=\"#22559C22\" data-dce-background-image-url=\"https:\/\/www.confianz.eu\/app\/uploads\/2023\/03\/aankoopbegeleiding-spanje.jpeg\" class=\"elementor-section elementor-top-section elementor-element elementor-element-59ec6b5a elementor-section-height-min-height elementor-section-boxed elementor-section-height-default elementor-section-items-middle\" data-id=\"59ec6b5a\" data-element_type=\"section\" data-e-type=\"section\" data-settings=\"{&quot;background_background&quot;:&quot;classic&quot;}\">\n\t\t\t\t\t\t\t<div class=\"elementor-background-overlay\"><\/div>\n\t\t\t\t\t\t\t<div class=\"elementor-container elementor-column-gap-default\">\n\t\t\t\t\t<div class=\"elementor-column elementor-col-100 elementor-top-column elementor-element elementor-element-73d922a0\" data-id=\"73d922a0\" data-element_type=\"column\" data-e-type=\"column\">\n\t\t\t<div class=\"elementor-widget-wrap elementor-element-populated\">\n\t\t\t\t\t\t<div class=\"elementor-element elementor-element-66331cf elementor-widget elementor-widget-heading\" data-id=\"66331cf\" data-element_type=\"widget\" data-e-type=\"widget\" data-widget_type=\"heading.default\">\n\t\t\t\t<div class=\"elementor-widget-container\">\n\t\t\t\t\t<h1 class=\"elementor-heading-title elementor-size-default\">Aangifte van nalatenschap<\/h1>\t\t\t\t<\/div>\n\t\t\t\t<\/div>\n\t\t\t\t\t<\/div>\n\t\t<\/div>\n\t\t\t\t\t<\/div>\n\t\t<\/section>\n\t\t\t\t<section class=\"elementor-section elementor-top-section elementor-element elementor-element-89748a8 elementor-section-boxed elementor-section-height-default elementor-section-height-default\" data-id=\"89748a8\" data-element_type=\"section\" data-e-type=\"section\">\n\t\t\t\t\t\t<div class=\"elementor-container elementor-column-gap-default\">\n\t\t\t\t\t<div class=\"elementor-column elementor-col-50 elementor-top-column elementor-element elementor-element-c6ceaef animated-fast elementor-invisible\" data-id=\"c6ceaef\" data-element_type=\"column\" data-e-type=\"column\" data-settings=\"{&quot;animation&quot;:&quot;subtleFadeInLeft&quot;,&quot;animation_mobile&quot;:&quot;subtleFadeInUp&quot;}\">\n\t\t\t<div class=\"elementor-widget-wrap elementor-element-populated\">\n\t\t\t\t\t\t<div class=\"elementor-element elementor-element-438c267 elementor-widget elementor-widget-heading\" data-id=\"438c267\" data-element_type=\"widget\" data-e-type=\"widget\" data-widget_type=\"heading.default\">\n\t\t\t\t<div class=\"elementor-widget-container\">\n\t\t\t\t\t<h2 class=\"elementor-heading-title elementor-size-default\">Zakres prawid\u0142owej reklamy<\/h2>\t\t\t\t<\/div>\n\t\t\t\t<\/div>\n\t\t\t\t<div class=\"elementor-element elementor-element-1001986 elementor-widget elementor-widget-text-editor\" data-id=\"1001986\" data-element_type=\"widget\" data-e-type=\"widget\" data-widget_type=\"text-editor.default\">\n\t\t\t\t<div class=\"elementor-widget-container\">\n\t\t\t\t\t\t\t\t\t<p>W przypadku zmiany kierunku obrot\u00f3w nale\u017cy zwr\u00f3ci\u0107 uwag\u0119 na prawid\u0142owe umiejscowienie filtra w kabinie. Tutaj znajduje si\u0119\u00a0<strong>juridische voorbereiding<\/strong>\u00a0aan vooraf. Jak mo\u017cemy to zrobi\u0107? Zijn er in het verleden schenkingen gebeurd? Z jakich zmian i przeszk\u00f3d mo\u017cemy skorzysta\u0107? Dobre zarz\u0105dzanie jest zatem kluczowe. Nie bez znaczenia s\u0105 r\u00f3wnie\u017c kwestie finansowe:<strong>\u00a0W przypadku uraz\u00f3w mo\u017ce doj\u015b\u0107 do powa\u017cnych uszkodze\u0144, uszkodze\u0144 lub zakleszcze\u0144.<\/strong>.<\/p>\t\t\t\t\t\t\t\t<\/div>\n\t\t\t\t<\/div>\n\t\t\t\t<div class=\"elementor-element elementor-element-c0a9881 elementor-widget elementor-widget-heading\" data-id=\"c0a9881\" data-element_type=\"widget\" data-e-type=\"widget\" data-widget_type=\"heading.default\">\n\t\t\t\t<div class=\"elementor-widget-container\">\n\t\t\t\t\t<h2 class=\"elementor-heading-title elementor-size-default\">Administracja ontzorging\n<\/h2>\t\t\t\t<\/div>\n\t\t\t\t<\/div>\n\t\t\t\t<div class=\"elementor-element elementor-element-b537394 elementor-widget elementor-widget-text-editor\" data-id=\"b537394\" data-element_type=\"widget\" data-e-type=\"widget\" data-widget_type=\"text-editor.default\">\n\t\t\t\t<div class=\"elementor-widget-container\">\n\t\t\t\t\t\t\t\t\t<p>W celu dokonania zmiany nale\u017cy regularnie sprawdza\u0107, czy nie dosz\u0142o do utraty warto\u015bci nalatenschap. Zaufanie daje nam totaalpakket. Zapewniamy wszelkie niezb\u0119dne\u00a0<strong>podj\u0119te dzia\u0142ania administracyjne<\/strong>\u00a0dla nas i naszej rodziny\u00a0<strong>uit handen<\/strong>.<\/p><p>Nie tylko mo\u017cemy uzyska\u0107 niezb\u0119dne informacje w oficjalnych komunikatach, ale r\u00f3wnie\u017c mo\u017cemy liczy\u0107 na pe\u0142n\u0105 pomoc. W zwi\u0105zku z tym nie musimy si\u0119 martwi\u0107 o te czynno\u015bci administracyjne.<\/p>\t\t\t\t\t\t\t\t<\/div>\n\t\t\t\t<\/div>\n\t\t\t\t\t<\/div>\n\t\t<\/div>\n\t\t\t\t<div class=\"elementor-column elementor-col-50 elementor-top-column elementor-element elementor-element-82226cc animated-fast elementor-invisible\" data-id=\"82226cc\" data-element_type=\"column\" data-e-type=\"column\" data-settings=\"{&quot;animation&quot;:&quot;subtleFadeInRight&quot;,&quot;animation_mobile&quot;:&quot;subtleFadeInUp&quot;}\">\n\t\t\t<div class=\"elementor-widget-wrap elementor-element-populated\">\n\t\t\t\t\t\t<div class=\"elementor-element elementor-element-361e46f elementor-widget elementor-widget-heading\" data-id=\"361e46f\" data-element_type=\"widget\" data-e-type=\"widget\" data-widget_type=\"heading.default\">\n\t\t\t\t<div class=\"elementor-widget-container\">\n\t\t\t\t\t<h2 class=\"elementor-heading-title elementor-size-default\">Ook bij buitenlandse activa<\/h2>\t\t\t\t<\/div>\n\t\t\t\t<\/div>\n\t\t\t\t<div class=\"elementor-element elementor-element-8b6112b elementor-widget elementor-widget-text-editor\" data-id=\"8b6112b\" data-element_type=\"widget\" data-e-type=\"widget\" data-widget_type=\"text-editor.default\">\n\t\t\t\t<div class=\"elementor-widget-container\">\n\t\t\t\t\t\t\t\t\t<p>Czy chcesz goederen w buitenland? R\u00f3wnie\u017c te buitenlandse goederen dient u aan te geven. Confianz specjalizuje si\u0119 w obs\u0142udze nalatenschap i buitenlands vastgoed.<\/p><p>Je\u015bli zdecydujesz si\u0119 na wyjazd do Hiszpanii, b\u0119dziemy mogli zapewni\u0107 Ci prawid\u0142owe i aktualne warunki. Daarnaast kunnen we ook de afwikkeling in Spanje in orde maken.\u00a0<a href=\"https:\/\/www.confianz.eu\/pl\/2022\/08\/04\/aangifte-van-nalatenschap-met-spaans-vastgoed\/\">Tutaj mo\u017cna znale\u017a\u0107 wi\u0119cej informacji na temat sprzeda\u017cy bilet\u00f3w do Spaans vastgoed.<\/a><\/p>\t\t\t\t\t\t\t\t<\/div>\n\t\t\t\t<\/div>\n\t\t\t\t<div class=\"elementor-element elementor-element-a7967e1 elementor-widget elementor-widget-heading\" data-id=\"a7967e1\" data-element_type=\"widget\" data-e-type=\"widget\" data-widget_type=\"heading.default\">\n\t\t\t\t<div class=\"elementor-widget-container\">\n\t\t\t\t\t<h2 class=\"elementor-heading-title elementor-size-default\">Regularna i indywidualna komunikacja\n<\/h2>\t\t\t\t<\/div>\n\t\t\t\t<\/div>\n\t\t\t\t<div class=\"elementor-element elementor-element-6c6b8d9 elementor-widget elementor-widget-text-editor\" data-id=\"6c6b8d9\" data-element_type=\"widget\" data-e-type=\"widget\" data-widget_type=\"text-editor.default\">\n\t\t\t\t<div class=\"elementor-widget-container\">\n\t\t\t\t\t\t\t\t\t<p>Nasze opinie i uwagi s\u0105 wa\u017cne, aby pom\u00f3c w rozwi\u0105zaniu (rodzinnej) sytuacji p\u0142atnika. Nale\u017cy zwr\u00f3ci\u0107 uwag\u0119 na prawid\u0142owe obchodzenie si\u0119 z bezittingen.\u00a0<strong>Uw inzichten zijn dus zeker welkom.<\/strong>\u00a0W zwi\u0105zku z tym wa\u017cne jest, aby\u015bmy regularnie i osobi\u015bcie je kontrolowali. Zaufanie zobowi\u0105zuje nas do okresowego informowania nas o sytuacji w zak\u0142adzie.<\/p>\t\t\t\t\t\t\t\t<\/div>\n\t\t\t\t<\/div>\n\t\t\t\t\t<\/div>\n\t\t<\/div>\n\t\t\t\t\t<\/div>\n\t\t<\/section>\n\t\t\t\t<\/div>","protected":false},"excerpt":{"rendered":"<p>Aangifte van nalatenschap Belang van een correcte aangifte Voor een aangifte van nalatenschap dient u heel de vermogenssituatie van de erflater in kaart te brengen. Hier gaat een hele\u00a0juridische voorbereiding\u00a0aan vooraf. Hoe waarderen we het vastgoed? Zijn er in het verleden schenkingen gebeurd? Van welke vrijstellingen en verminderingen kunnen we genieten? Een goede voorbereiding is [&hellip;]<\/p>\n","protected":false},"author":1,"featured_media":0,"parent":0,"menu_order":0,"comment_status":"closed","ping_status":"closed","template":"","meta":{"_acf_changed":false,"footnotes":""},"class_list":["post-485","page","type-page","status-publish","hentry"],"acf":[],"_links":{"self":[{"href":"https:\/\/www.confianz.eu\/pl\/wp-json\/wp\/v2\/pages\/485","targetHints":{"allow":["GET"]}}],"collection":[{"href":"https:\/\/www.confianz.eu\/pl\/wp-json\/wp\/v2\/pages"}],"about":[{"href":"https:\/\/www.confianz.eu\/pl\/wp-json\/wp\/v2\/types\/page"}],"author":[{"embeddable":true,"href":"https:\/\/www.confianz.eu\/pl\/wp-json\/wp\/v2\/users\/1"}],"replies":[{"embeddable":true,"href":"https:\/\/www.confianz.eu\/pl\/wp-json\/wp\/v2\/comments?post=485"}],"version-history":[{"count":10,"href":"https:\/\/www.confianz.eu\/pl\/wp-json\/wp\/v2\/pages\/485\/revisions"}],"predecessor-version":[{"id":29410,"href":"https:\/\/www.confianz.eu\/pl\/wp-json\/wp\/v2\/pages\/485\/revisions\/29410"}],"wp:attachment":[{"href":"https:\/\/www.confianz.eu\/pl\/wp-json\/wp\/v2\/media?parent=485"}],"curies":[{"name":"wp","href":"https:\/\/api.w.org\/{rel}","templated":true}]}}