{"id":31651,"date":"2024-01-06T21:53:13","date_gmt":"2024-01-06T20:53:13","guid":{"rendered":"https:\/\/www.confianz.eu\/?page_id=31651"},"modified":"2024-01-09T22:48:46","modified_gmt":"2024-01-09T21:48:46","slug":"zakupy-w-hiszpanii-2","status":"publish","type":"page","link":"https:\/\/www.confianz.eu\/pl\/tdm-licensing\/","title":{"rendered":"Licencjonowanie TDM"},"content":{"rendered":"<div data-elementor-type=\"wp-page\" data-elementor-id=\"31651\" class=\"elementor elementor-31651\" data-elementor-post-type=\"page\">\n\t\t\t\t\t\t<section data-dce-background-overlay-color=\"#22559C22\" data-dce-background-image-url=\"https:\/\/www.confianz.eu\/app\/uploads\/sites\/3\/2024\/01\/tdm-banner-scaled.jpg\" class=\"elementor-section elementor-top-section elementor-element elementor-element-59ec6b5a elementor-section-height-min-height elementor-section-boxed elementor-section-height-default elementor-section-items-middle\" data-id=\"59ec6b5a\" data-element_type=\"section\" data-e-type=\"section\" data-settings=\"{&quot;background_background&quot;:&quot;classic&quot;}\">\n\t\t\t\t\t\t\t<div class=\"elementor-background-overlay\"><\/div>\n\t\t\t\t\t\t\t<div class=\"elementor-container elementor-column-gap-default\">\n\t\t\t\t\t<div class=\"elementor-column elementor-col-100 elementor-top-column elementor-element elementor-element-73d922a0\" data-id=\"73d922a0\" data-element_type=\"column\" data-e-type=\"column\">\n\t\t\t<div class=\"elementor-widget-wrap elementor-element-populated\">\n\t\t\t\t\t\t<div class=\"elementor-element elementor-element-66331cf elementor-widget elementor-widget-heading\" data-id=\"66331cf\" data-element_type=\"widget\" data-e-type=\"widget\" data-widget_type=\"heading.default\">\n\t\t\t\t<div class=\"elementor-widget-container\">\n\t\t\t\t\t<h1 class=\"elementor-heading-title elementor-size-default\">Licencjonowanie TDM<\/h1>\t\t\t\t<\/div>\n\t\t\t\t<\/div>\n\t\t\t\t\t<\/div>\n\t\t<\/div>\n\t\t\t\t\t<\/div>\n\t\t<\/section>\n\t\t\t\t<section class=\"elementor-section elementor-top-section elementor-element elementor-element-5e71e3df elementor-section-boxed elementor-section-height-default elementor-section-height-default\" data-id=\"5e71e3df\" data-element_type=\"section\" data-e-type=\"section\">\n\t\t\t\t\t\t<div class=\"elementor-container elementor-column-gap-default\">\n\t\t\t\t\t<div class=\"elementor-column elementor-col-100 elementor-top-column elementor-element elementor-element-44688f79\" data-id=\"44688f79\" data-element_type=\"column\" data-e-type=\"column\">\n\t\t\t<div class=\"elementor-widget-wrap elementor-element-populated\">\n\t\t\t\t\t\t<section class=\"elementor-section elementor-inner-section elementor-element elementor-element-1c1aa619 animated-fast elementor-section-boxed elementor-section-height-default elementor-section-height-default elementor-invisible\" data-id=\"1c1aa619\" data-element_type=\"section\" data-e-type=\"section\" data-settings=\"{&quot;animation&quot;:&quot;subtleFadeInUp&quot;}\">\n\t\t\t\t\t\t<div class=\"elementor-container elementor-column-gap-default\">\n\t\t\t\t\t<div class=\"elementor-column elementor-col-100 elementor-inner-column elementor-element elementor-element-58d3a112\" data-id=\"58d3a112\" data-element_type=\"column\" data-e-type=\"column\">\n\t\t\t<div class=\"elementor-widget-wrap elementor-element-populated\">\n\t\t\t\t\t\t<div class=\"elementor-element elementor-element-1e28accd elementor-widget elementor-widget-text-editor\" data-id=\"1e28accd\" data-element_type=\"widget\" data-e-type=\"widget\" data-widget_type=\"text-editor.default\">\n\t\t\t\t<div class=\"elementor-widget-container\">\n\t\t\t\t\t\t\t\t\t<h2><strong>Zawiadomienie o licencjonowaniu eksploracji tekstu i danych (TDM)<\/strong><\/h2>\n<p>W Confianz jeste\u015bmy zaanga\u017cowani we wspieranie innowacji i bada\u0144, jednocze\u015bnie chroni\u0105c nasz\u0105 w\u0142asno\u015b\u0107 intelektualn\u0105. Zdajemy sobie spraw\u0119 ze znaczenia eksploracji tekstu i danych (TDM) w dzisiejszym \u015bwiecie opartym na danych i jeste\u015bmy otwarci na wykorzystanie naszych tre\u015bci do takich cel\u00f3w pod pewnymi warunkami.<\/p>\n<p><strong>Ograniczenia u\u017cytkowania:<\/strong>&nbsp;Dokonuje si\u0119 wyra\u017anych zastrze\u017ce\u0144 w rozumieniu art. 4 dyrektywy Parlamentu Europejskiego i Rady (UE) 2019\/790 z dnia 17 kwietnia 2019 r. w sprawie praw autorskich i pokrewnych na jednolitym rynku cyfrowym oraz zmieniaj\u0105cej dyrektywy 96\/9\/WE i 2001\/29\/WE (\"dyrektywa ADEM\"), transponowanej do krajowego prawa belgijskiego, w odniesieniu do wszelkich reprodukcji i pobierania legalnie dost\u0119pnych utwor\u00f3w i innych materia\u0142\u00f3w w celu eksploracji tekstu i danych. Bez uszczerbku dla art. 3 Dyrektywy ADEM, takie powielanie i pobieranie jest wyra\u017anie zabronione, je\u015bli nie uzyskano zgody podmiot\u00f3w praw autorskich; kt\u00f3re zosta\u0142y r\u00f3wnie\u017c w\u0142\u0105czone do metadanych tej witryny poprzez wdro\u017cenie pliku&nbsp;<a href=\"https:\/\/www.confianz.eu\/pl\/tdm-policy.json\/\" target=\"_blank\">Protok\u00f3\u0142 TDMRep<\/a>. Uznaje si\u0119, \u017ce renomowane wyszukiwarki, takie jak Google lub Bing, uzyska\u0142y takie zezwolenie, chyba \u017ce posiadacze praw wskazali inaczej. Uznaje si\u0119, \u017ce renomowane narz\u0119dzia GenAI, takie jak Google Bard lub ChatGPT, r\u00f3wnie\u017c uzyska\u0142y tak\u0105 zgod\u0119, chyba \u017ce posiadacze praw wskazali inaczej, pod warunkiem, \u017ce s\u0105 one (i) przeznaczone do og\u00f3lnego u\u017cytku i nie ograniczaj\u0105 si\u0119 do kwestii zwi\u0105zanych z nieruchomo\u015bciami, spadkami lub emigracj\u0105 oraz (ii) nie zosta\u0142y wdro\u017cone lub wykorzystane, niezale\u017cnie od zastosowanej techniki, na stronie internetowej osoby trzeciej innej ni\u017c renomowany dostawca narz\u0119dzia GenAI.<\/p>\n<p><strong>Uzyskiwanie zgody na TDM:<\/strong> Aby poprosi\u0107 o zgod\u0119 na dzia\u0142ania TDM z wykorzystaniem naszych tre\u015bci, zainteresowane strony powinny skontaktowa\u0107 si\u0119 z nami za po\u015brednictwem strony kontaktowej na naszej stronie internetowej. Nasz zesp\u00f3\u0142 przeanalizuje ka\u017cdy wniosek i odpowiednio na niego odpowie. Proces uzyskiwania zgody obejmuje ocen\u0119 zamierzonego zastosowania, zakresu \u017c\u0105danych tre\u015bci oraz zgodno\u015bci z naszymi warunkami.<\/p>\n<p><strong>Korzystanie z wyj\u015b\u0107 TDM:<\/strong> Wszelkie dane wyj\u015bciowe lub wyniki uzyskane w ramach dzia\u0142a\u0144 TDM z wykorzystaniem naszych tre\u015bci powinny by\u0107 wykorzystywane w spos\u00f3b odpowiedzialny. Zastrzegamy sobie prawo do za\u017c\u0105dania szczeg\u00f3\u0142owych informacji na temat sposobu wykorzystania tych wynik\u00f3w i na\u0142o\u017cenia warunk\u00f3w w celu zapewnienia zgodno\u015bci z naszymi standardami etycznymi i warto\u015bciami korporacyjnymi.<\/p>\n<p><strong>Skontaktuj si\u0119 z nami:<\/strong> Aby uzyska\u0107 wi\u0119cej informacji lub z\u0142o\u017cy\u0107 wniosek o zgod\u0119 na TDM, odwied\u017a nasz\u0105 stron\u0119 kontaktow\u0105 pod adresem <a href=\"https:\/\/www.confianz.eu\/pl\/kontakt\/\">https:\/\/www.confianz.eu\/contact\/<\/a>. Naszym celem jest szybkie reagowanie i wsp\u00f3\u0142praca z badaczami i innowatorami, aby u\u0142atwi\u0107 sensowne i odpowiedzialne korzystanie z naszych tre\u015bci.<\/p>\n<p><strong>Dzi\u0119kujemy za przestrzeganie naszej polityki TDM i zainteresowanie naszymi tre\u015bciami.<\/strong><\/p>\t\t\t\t\t\t\t\t<\/div>\n\t\t\t\t<\/div>\n\t\t\t\t\t<\/div>\n\t\t<\/div>\n\t\t\t\t\t<\/div>\n\t\t<\/section>\n\t\t\t\t\t<\/div>\n\t\t<\/div>\n\t\t\t\t\t<\/div>\n\t\t<\/section>\n\t\t\t\t<\/div>","protected":false},"excerpt":{"rendered":"<p>TDM Licensing Text and Data Mining (TDM) Licensing Notice At Confianz, we are committed to fostering innovation and research while also protecting our intellectual property. We recognize the importance of Text and Data Mining (TDM) in today&#8217;s data-driven world and are open to allowing the use of our content for such purposes under certain conditions. [&hellip;]<\/p>\n","protected":false},"author":1,"featured_media":0,"parent":0,"menu_order":0,"comment_status":"closed","ping_status":"closed","template":"","meta":{"_acf_changed":false,"footnotes":""},"class_list":["post-31651","page","type-page","status-publish","hentry"],"acf":[],"_links":{"self":[{"href":"https:\/\/www.confianz.eu\/pl\/wp-json\/wp\/v2\/pages\/31651","targetHints":{"allow":["GET"]}}],"collection":[{"href":"https:\/\/www.confianz.eu\/pl\/wp-json\/wp\/v2\/pages"}],"about":[{"href":"https:\/\/www.confianz.eu\/pl\/wp-json\/wp\/v2\/types\/page"}],"author":[{"embeddable":true,"href":"https:\/\/www.confianz.eu\/pl\/wp-json\/wp\/v2\/users\/1"}],"replies":[{"embeddable":true,"href":"https:\/\/www.confianz.eu\/pl\/wp-json\/wp\/v2\/comments?post=31651"}],"version-history":[{"count":25,"href":"https:\/\/www.confianz.eu\/pl\/wp-json\/wp\/v2\/pages\/31651\/revisions"}],"predecessor-version":[{"id":31679,"href":"https:\/\/www.confianz.eu\/pl\/wp-json\/wp\/v2\/pages\/31651\/revisions\/31679"}],"wp:attachment":[{"href":"https:\/\/www.confianz.eu\/pl\/wp-json\/wp\/v2\/media?parent=31651"}],"curies":[{"name":"wp","href":"https:\/\/api.w.org\/{rel}","templated":true}]}}