{"id":29449,"date":"2023-03-19T13:05:23","date_gmt":"2023-03-19T12:05:23","guid":{"rendered":"https::\/\/www.confianz.eu\/?page_id=29449"},"modified":"2023-03-19T13:19:32","modified_gmt":"2023-03-19T12:19:32","slug":"afspraakbevestiging","status":"publish","type":"page","link":"https:\/\/www.confianz.eu\/pl\/afspraakbevestiging\/","title":{"rendered":"Badanie afspraakbevestiging"},"content":{"rendered":"<div data-elementor-type=\"wp-page\" data-elementor-id=\"29449\" class=\"elementor elementor-29449\" data-elementor-post-type=\"page\">\n\t\t\t\t\t\t<section data-dce-background-overlay-color=\"#22559C22\" data-dce-background-image-url=\"https:\/\/www.confianz.eu\/app\/uploads\/2023\/03\/benidorm.jpg\" class=\"elementor-section elementor-top-section elementor-element elementor-element-59ec6b5a elementor-section-height-min-height elementor-section-boxed elementor-section-height-default elementor-section-items-middle\" data-id=\"59ec6b5a\" data-element_type=\"section\" data-e-type=\"section\" data-settings=\"{&quot;background_background&quot;:&quot;classic&quot;}\">\n\t\t\t\t\t\t\t<div class=\"elementor-background-overlay\"><\/div>\n\t\t\t\t\t\t\t<div class=\"elementor-container elementor-column-gap-default\">\n\t\t\t\t\t<div class=\"elementor-column elementor-col-100 elementor-top-column elementor-element elementor-element-73d922a0\" data-id=\"73d922a0\" data-element_type=\"column\" data-e-type=\"column\">\n\t\t\t<div class=\"elementor-widget-wrap elementor-element-populated\">\n\t\t\t\t\t\t<div class=\"elementor-element elementor-element-66331cf elementor-widget elementor-widget-heading\" data-id=\"66331cf\" data-element_type=\"widget\" data-e-type=\"widget\" data-widget_type=\"heading.default\">\n\t\t\t\t<div class=\"elementor-widget-container\">\n\t\t\t\t\t<h1 class=\"elementor-heading-title elementor-size-default\">Badanie afspraakbevestiging<\/h1>\t\t\t\t<\/div>\n\t\t\t\t<\/div>\n\t\t\t\t\t<\/div>\n\t\t<\/div>\n\t\t\t\t\t<\/div>\n\t\t<\/section>\n\t\t\t\t<section class=\"elementor-section elementor-top-section elementor-element elementor-element-89748a8 elementor-section-boxed elementor-section-height-default elementor-section-height-default\" data-id=\"89748a8\" data-element_type=\"section\" data-e-type=\"section\">\n\t\t\t\t\t\t<div class=\"elementor-container elementor-column-gap-default\">\n\t\t\t\t\t<div class=\"elementor-column elementor-col-100 elementor-top-column elementor-element elementor-element-c6ceaef animated-fast elementor-invisible\" data-id=\"c6ceaef\" data-element_type=\"column\" data-e-type=\"column\" data-settings=\"{&quot;animation&quot;:&quot;subtleFadeInUp&quot;,&quot;animation_mobile&quot;:&quot;subtleFadeInUp&quot;}\">\n\t\t\t<div class=\"elementor-widget-wrap elementor-element-populated\">\n\t\t\t\t\t\t<div class=\"elementor-element elementor-element-1001986 elementor-widget elementor-widget-text-editor\" data-id=\"1001986\" data-element_type=\"widget\" data-e-type=\"widget\" data-widget_type=\"text-editor.default\">\n\t\t\t\t<div class=\"elementor-widget-container\">\n\t\t\t\t\t\t\t\t\t<p>Niezwykle przydatny, gdy trzeba bardzo d\u0142ugo czeka\u0107.<\/p>\t\t\t\t\t\t\t\t<\/div>\n\t\t\t\t<\/div>\n\t\t\t\t<div class=\"elementor-element elementor-element-10ba24f elementor-widget elementor-widget-text-editor\" data-id=\"10ba24f\" data-element_type=\"widget\" data-e-type=\"widget\" data-widget_type=\"text-editor.default\">\n\t\t\t\t<div class=\"elementor-widget-container\">\n\t\t\t\t\t\t\t\t\t<p>Aby konsultacja by\u0142a pomocna, wa\u017cne jest, aby jej udzieli\u0107:<\/p><ul><li>ons op voorhand een situatieschets en\/of uw vragen bezorgt;<\/li><li>oraz wszystkie dokumenty zwi\u0105zane z dokumentacj\u0105.<\/li><\/ul>\t\t\t\t\t\t\t\t<\/div>\n\t\t\t\t<\/div>\n\t\t\t\t<div class=\"elementor-element elementor-element-f1f9d97 elementor-widget elementor-widget-text-editor\" data-id=\"f1f9d97\" data-element_type=\"widget\" data-e-type=\"widget\" data-widget_type=\"text-editor.default\">\n\t\t\t\t<div class=\"elementor-widget-container\">\n\t\t\t\t\t\t\t\t\t<p>Znajdziesz tu instrukcj\u0119 obs\u0142ugi i instrukcje w uw\u00a0<strong>e-mail<\/strong>. Mo\u017ce si\u0119 zdarzy\u0107, \u017ce ta wiadomo\u015b\u0107 e-mail znajdzie si\u0119 w folderze spamu.<\/p><p>Je\u015bli otrzyma\u0142e\u015b pro\u015bb\u0119 o konsultacj\u0119 telefoniczn\u0105, zadzwo\u0144 do nas w odpowiednim momencie.<\/p><p>Je\u015bli masz dost\u0119p do kantoru, tutaj znajdziesz wi\u0119cej informacji na jego temat\u00a0<a href=\"http:\/\/www.confianz.eu\/pl\/schilde\/\">adres i parkeren<\/a>.<\/p>\t\t\t\t\t\t\t\t<\/div>\n\t\t\t\t<\/div>\n\t\t\t\t\t<\/div>\n\t\t<\/div>\n\t\t\t\t\t<\/div>\n\t\t<\/section>\n\t\t\t\t<\/div>","protected":false},"excerpt":{"rendered":"<p>Afspraak&#173;bevestiging Hartelijk bedankt om een afspraak vast te leggen. Om u tijdens de consultatie goed te kunnen helpen, is het belangrijk dat u: ons op voorhand een situatieschets en\/of uw vragen bezorgt; en alle documenten met betrekking tot uw dossier meebrengt. U vindt de afspraakbevestiging met instructies in uw\u00a0e-mail. Mogelijks komt deze e-mail in uw [&hellip;]<\/p>\n","protected":false},"author":1,"featured_media":0,"parent":0,"menu_order":0,"comment_status":"closed","ping_status":"closed","template":"","meta":{"_acf_changed":false,"footnotes":""},"class_list":["post-29449","page","type-page","status-publish","hentry"],"acf":[],"_links":{"self":[{"href":"https:\/\/www.confianz.eu\/pl\/wp-json\/wp\/v2\/pages\/29449","targetHints":{"allow":["GET"]}}],"collection":[{"href":"https:\/\/www.confianz.eu\/pl\/wp-json\/wp\/v2\/pages"}],"about":[{"href":"https:\/\/www.confianz.eu\/pl\/wp-json\/wp\/v2\/types\/page"}],"author":[{"embeddable":true,"href":"https:\/\/www.confianz.eu\/pl\/wp-json\/wp\/v2\/users\/1"}],"replies":[{"embeddable":true,"href":"https:\/\/www.confianz.eu\/pl\/wp-json\/wp\/v2\/comments?post=29449"}],"version-history":[{"count":10,"href":"https:\/\/www.confianz.eu\/pl\/wp-json\/wp\/v2\/pages\/29449\/revisions"}],"predecessor-version":[{"id":29499,"href":"https:\/\/www.confianz.eu\/pl\/wp-json\/wp\/v2\/pages\/29449\/revisions\/29499"}],"wp:attachment":[{"href":"https:\/\/www.confianz.eu\/pl\/wp-json\/wp\/v2\/media?parent=29449"}],"curies":[{"name":"wp","href":"https:\/\/api.w.org\/{rel}","templated":true}]}}