{"id":29440,"date":"2023-03-19T12:53:54","date_gmt":"2023-03-19T11:53:54","guid":{"rendered":"https::\/\/www.confianz.eu\/?page_id=29440"},"modified":"2023-03-19T13:01:43","modified_gmt":"2023-03-19T12:01:43","slug":"omgevingsrecht","status":"publish","type":"page","link":"https:\/\/www.confianz.eu\/pl\/omgevingsrecht\/","title":{"rendered":"Advocaten omgevingsrecht"},"content":{"rendered":"<div data-elementor-type=\"wp-page\" data-elementor-id=\"29440\" class=\"elementor elementor-29440\" data-elementor-post-type=\"page\">\n\t\t\t\t\t\t<section data-dce-background-overlay-color=\"#22559C22\" data-dce-background-image-url=\"https:\/\/www.confianz.eu\/app\/uploads\/2023\/03\/omgevingsrecht-huis.jpg\" class=\"elementor-section elementor-top-section elementor-element elementor-element-59ec6b5a elementor-section-height-min-height elementor-section-boxed elementor-section-height-default elementor-section-items-middle\" data-id=\"59ec6b5a\" data-element_type=\"section\" data-e-type=\"section\" data-settings=\"{&quot;background_background&quot;:&quot;classic&quot;}\">\n\t\t\t\t\t\t\t<div class=\"elementor-background-overlay\"><\/div>\n\t\t\t\t\t\t\t<div class=\"elementor-container elementor-column-gap-default\">\n\t\t\t\t\t<div class=\"elementor-column elementor-col-100 elementor-top-column elementor-element elementor-element-73d922a0\" data-id=\"73d922a0\" data-element_type=\"column\" data-e-type=\"column\">\n\t\t\t<div class=\"elementor-widget-wrap elementor-element-populated\">\n\t\t\t\t\t\t<div class=\"elementor-element elementor-element-66331cf elementor-widget elementor-widget-heading\" data-id=\"66331cf\" data-element_type=\"widget\" data-e-type=\"widget\" data-widget_type=\"heading.default\">\n\t\t\t\t<div class=\"elementor-widget-container\">\n\t\t\t\t\t<h1 class=\"elementor-heading-title elementor-size-default\">Advocaten omgevingsrecht<\/h1>\t\t\t\t<\/div>\n\t\t\t\t<\/div>\n\t\t\t\t\t<\/div>\n\t\t<\/div>\n\t\t\t\t\t<\/div>\n\t\t<\/section>\n\t\t\t\t<section class=\"elementor-section elementor-top-section elementor-element elementor-element-9542fbf elementor-section-boxed elementor-section-height-default elementor-section-height-default\" data-id=\"9542fbf\" data-element_type=\"section\" data-e-type=\"section\">\n\t\t\t\t\t\t<div class=\"elementor-container elementor-column-gap-default\">\n\t\t\t\t\t<div class=\"elementor-column elementor-col-100 elementor-top-column elementor-element elementor-element-d0c868c animated-fast elementor-invisible\" data-id=\"d0c868c\" data-element_type=\"column\" data-e-type=\"column\" data-settings=\"{&quot;animation&quot;:&quot;subtleFadeInUp&quot;}\">\n\t\t\t<div class=\"elementor-widget-wrap elementor-element-populated\">\n\t\t\t\t\t\t<div class=\"elementor-element elementor-element-edfae78 elementor-widget elementor-widget-text-editor\" data-id=\"edfae78\" data-element_type=\"widget\" data-e-type=\"widget\" data-widget_type=\"text-editor.default\">\n\t\t\t\t<div class=\"elementor-widget-container\">\n\t\t\t\t\t\t\t\t\t<p>Czy chcesz zrealizowa\u0107 rozleg\u0142y projekt? Onze advocaat omgevingsrecht staat u bij met alle stedenbouwkundige aspecten in Vlaanderen.<\/p>\t\t\t\t\t\t\t\t<\/div>\n\t\t\t\t<\/div>\n\t\t\t\t<div class=\"elementor-element elementor-element-b49f739 elementor-blockquote--skin-border elementor-widget elementor-widget-blockquote\" data-id=\"b49f739\" data-element_type=\"widget\" data-e-type=\"widget\" data-widget_type=\"blockquote.default\">\n\t\t\t\t<div class=\"elementor-widget-container\">\n\t\t\t\t\t\t\t<blockquote class=\"elementor-blockquote\">\n\t\t\t<p class=\"elementor-blockquote__content\">\n\t\t\t\tOnze dienstverlening kenmerkt zich door drie termen: <strong>begeleiden - voorkomen - procederen<\/strong>. Firma Confianz jest odpowiedzialna za dokumentacj\u0119 omgevingsrecht for heel Vlaanderen.\t\t\t<\/p>\n\t\t\t\t\t<\/blockquote>\n\t\t\t\t\t\t<\/div>\n\t\t\t\t<\/div>\n\t\t\t\t\t<\/div>\n\t\t<\/div>\n\t\t\t\t\t<\/div>\n\t\t<\/section>\n\t\t\t\t<section class=\"elementor-section elementor-top-section elementor-element elementor-element-89748a8 elementor-section-boxed elementor-section-height-default elementor-section-height-default\" data-id=\"89748a8\" data-element_type=\"section\" data-e-type=\"section\">\n\t\t\t\t\t\t<div class=\"elementor-container elementor-column-gap-default\">\n\t\t\t\t\t<div class=\"elementor-column elementor-col-50 elementor-top-column elementor-element elementor-element-c6ceaef animated-fast elementor-invisible\" data-id=\"c6ceaef\" data-element_type=\"column\" data-e-type=\"column\" data-settings=\"{&quot;animation&quot;:&quot;subtleFadeInLeft&quot;,&quot;animation_delay&quot;:100,&quot;animation_mobile&quot;:&quot;subtleFadeInUp&quot;}\">\n\t\t\t<div class=\"elementor-widget-wrap elementor-element-populated\">\n\t\t\t\t\t\t<div class=\"elementor-element elementor-element-438c267 elementor-widget elementor-widget-heading\" data-id=\"438c267\" data-element_type=\"widget\" data-e-type=\"widget\" data-widget_type=\"heading.default\">\n\t\t\t\t<div class=\"elementor-widget-container\">\n\t\t\t\t\t<h2 class=\"elementor-heading-title elementor-size-default\">1. Begeleiding van vergunningsaanvragen<\/h2>\t\t\t\t<\/div>\n\t\t\t\t<\/div>\n\t\t\t\t<div class=\"elementor-element elementor-element-1001986 elementor-widget elementor-widget-text-editor\" data-id=\"1001986\" data-element_type=\"widget\" data-e-type=\"widget\" data-widget_type=\"text-editor.default\">\n\t\t\t\t<div class=\"elementor-widget-container\">\n\t\t\t\t\t\t\t\t\t<p>Jako specjali\u015bci w zakresie kontroli jako\u015bci wy\u015bwietlamy<strong>\u00a0<\/strong>vergunningsaanvragen om zo te vermijden dat een procedure mogelijks vastloopt. Hieronder valt bijvoorbeeld ook overleg met gemeentes en adviesinstanties, wegwerken van bezwaren uit de buurt en het samenwerken met externe deskundigen zoals een landmeter of architect.<\/p>\n<p><strong><a href=\"https:\/\/www.confianz.eu\/pl\/2020\/12\/28\/omgevingsvergunning-aanvragen\/\">W tym miejscu mo\u017cna uzyska\u0107 informacje na temat r\u00f3\u017cnych krok\u00f3w zwi\u0105zanych z uruchomieniem us\u0142ugi omgevingsvergunning.<\/a><\/strong><\/p>\t\t\t\t\t\t\t\t<\/div>\n\t\t\t\t<\/div>\n\t\t\t\t<div class=\"elementor-element elementor-element-f78cf3d elementor-widget elementor-widget-heading\" data-id=\"f78cf3d\" data-element_type=\"widget\" data-e-type=\"widget\" data-widget_type=\"heading.default\">\n\t\t\t\t<div class=\"elementor-widget-container\">\n\t\t\t\t\t<h2 class=\"elementor-heading-title elementor-size-default\">2. Bijstand bij weigering omgevingsvergunning<\/h2>\t\t\t\t<\/div>\n\t\t\t\t<\/div>\n\t\t\t\t<div class=\"elementor-element elementor-element-2dcd4d5 elementor-widget elementor-widget-text-editor\" data-id=\"2dcd4d5\" data-element_type=\"widget\" data-e-type=\"widget\" data-widget_type=\"text-editor.default\">\n\t\t\t\t<div class=\"elementor-widget-container\">\n\t\t\t\t\t\t\t\t\t<p>Czy Tw\u00f3j projekt zosta\u0142 uruchomiony? Oznacza to, \u017ce nasz projekt jest na samym ko\u0144cu. Oznacza to r\u00f3wnie\u017c, \u017ce nie musisz si\u0119 tutaj martwi\u0107. Mo\u017cemy si\u0119 z Tob\u0105 skontaktowa\u0107.<\/p>\n<p><strong><a href=\"https:\/\/www.confianz.eu\/pl\/2021\/02\/08\/weigering-omgevingsvergunning\/\">Jakie s\u0105 Twoje mo\u017cliwo\u015bci w zwi\u0105zku z weryfikacj\u0105?<\/a><\/strong><\/p>\t\t\t\t\t\t\t\t<\/div>\n\t\t\t\t<\/div>\n\t\t\t\t\t<\/div>\n\t\t<\/div>\n\t\t\t\t<div class=\"elementor-column elementor-col-50 elementor-top-column elementor-element elementor-element-82226cc animated-fast elementor-invisible\" data-id=\"82226cc\" data-element_type=\"column\" data-e-type=\"column\" data-settings=\"{&quot;animation&quot;:&quot;subtleFadeInRight&quot;,&quot;animation_mobile&quot;:&quot;subtleFadeInUp&quot;}\">\n\t\t\t<div class=\"elementor-widget-wrap elementor-element-populated\">\n\t\t\t\t\t\t<div class=\"elementor-element elementor-element-14efc71 elementor-widget elementor-widget-heading\" data-id=\"14efc71\" data-element_type=\"widget\" data-e-type=\"widget\" data-widget_type=\"heading.default\">\n\t\t\t\t<div class=\"elementor-widget-container\">\n\t\t\t\t\t<h2 class=\"elementor-heading-title elementor-size-default\">3. Bezwaren en beroepen<\/h2>\t\t\t\t<\/div>\n\t\t\t\t<\/div>\n\t\t\t\t<div class=\"elementor-element elementor-element-36ab8a1 elementor-widget elementor-widget-text-editor\" data-id=\"36ab8a1\" data-element_type=\"widget\" data-e-type=\"widget\" data-widget_type=\"text-editor.default\">\n\t\t\t\t<div class=\"elementor-widget-container\">\n\t\t\t\t\t\t\t\t\t<p>Onze advocaat omgevingsrecht vrijwaart uw belangen en staat u bij met stedenbouwkundige geschillen en procedures voor individueel verleende vergunningen in Vlaanderen. R\u00f3wnie\u017c jako rzecznik stedenbouw mo\u017cemy pom\u00f3c w nast\u0119puj\u0105cych kwestiach\u00a0<strong>procedury beroep<\/strong>\u00a0bij de provincie en de Raad voor Vergunningsbetwistingen.<\/p>\n<p><strong><a href=\"https:\/\/www.confianz.eu\/pl\/2020\/12\/11\/een-bouwvergunning-aanvechten-3-praktische-tips\/\">Dowiedz si\u0119 wi\u0119cej o krokach, jakie nale\u017cy podj\u0105\u0107, aby uzyska\u0107 dost\u0119p do us\u0142ugi omgevingsvergunning<\/a><\/strong>.<\/p>\t\t\t\t\t\t\t\t<\/div>\n\t\t\t\t<\/div>\n\t\t\t\t<div class=\"elementor-element elementor-element-361e46f elementor-widget elementor-widget-heading\" data-id=\"361e46f\" data-element_type=\"widget\" data-e-type=\"widget\" data-widget_type=\"heading.default\">\n\t\t\t\t<div class=\"elementor-widget-container\">\n\t\t\t\t\t<h2 class=\"elementor-heading-title elementor-size-default\">4. Du\u017ca nale\u017cyta staranno\u015b\u0107<\/h2>\t\t\t\t<\/div>\n\t\t\t\t<\/div>\n\t\t\t\t<div class=\"elementor-element elementor-element-8b6112b elementor-widget elementor-widget-text-editor\" data-id=\"8b6112b\" data-element_type=\"widget\" data-e-type=\"widget\" data-widget_type=\"text-editor.default\">\n\t\t\t\t<div class=\"elementor-widget-container\">\n\t\t\t\t\t\t\t\t\t<p>Confianz pomaga nam w przeprowadzeniu badania due diligence, kt\u00f3re dotyczy aspektu stedenbouwkundige w przypadku du\u017cych inwestycji we W\u0142oszech. Jakie s\u0105 najwa\u017cniejsze kwestie, kt\u00f3re mog\u0105 si\u0119 pojawi\u0107 w zwi\u0105zku z wprowadzeniem og\u00f3lnych zasad lub nowych rozwi\u0105za\u0144, kt\u00f3re maj\u0105 zosta\u0107 wprowadzone? Nasz doradca ds. zam\u00f3wie\u0144 publicznych doradza w zakresie realizacji projektu w celu uzyskania konkretnej pomocy.<\/p>\n<p><strong><a href=\"https:\/\/www.confianz.eu\/pl\/2021\/01\/13\/stedenbouwkundig-onderzoek-vlaanderen\/\">W jaki spos\u00f3b nale\u017cy przeprowadzi\u0107 badanie due diligence lub badanie stedenbouwkundig?<\/a><\/strong><\/p>\t\t\t\t\t\t\t\t<\/div>\n\t\t\t\t<\/div>\n\t\t\t\t\t<\/div>\n\t\t<\/div>\n\t\t\t\t\t<\/div>\n\t\t<\/section>\n\t\t\t\t<\/div>","protected":false},"excerpt":{"rendered":"<p>Advocaten omgevingsrecht Werkt u aan de realisatie van een vastgoedproject? Onze advocaat omgevingsrecht staat u bij met alle stedenbouwkundige aspecten in Vlaanderen. Onze dienstverlening kenmerkt zich door drie termen: begeleiden \u2013 voorkomen \u2013 procederen. Confianz behandelt dossiers omgevingsrecht voor heel Vlaanderen. 1. Begeleiding van vergunningsaanvragen Als specialisten omgevingsrecht screenen we\u00a0vergunningsaanvragen om zo te vermijden dat [&hellip;]<\/p>\n","protected":false},"author":1,"featured_media":0,"parent":0,"menu_order":0,"comment_status":"closed","ping_status":"closed","template":"","meta":{"_acf_changed":false,"footnotes":""},"class_list":["post-29440","page","type-page","status-publish","hentry"],"acf":[],"_links":{"self":[{"href":"https:\/\/www.confianz.eu\/pl\/wp-json\/wp\/v2\/pages\/29440","targetHints":{"allow":["GET"]}}],"collection":[{"href":"https:\/\/www.confianz.eu\/pl\/wp-json\/wp\/v2\/pages"}],"about":[{"href":"https:\/\/www.confianz.eu\/pl\/wp-json\/wp\/v2\/types\/page"}],"author":[{"embeddable":true,"href":"https:\/\/www.confianz.eu\/pl\/wp-json\/wp\/v2\/users\/1"}],"replies":[{"embeddable":true,"href":"https:\/\/www.confianz.eu\/pl\/wp-json\/wp\/v2\/comments?post=29440"}],"version-history":[{"count":7,"href":"https:\/\/www.confianz.eu\/pl\/wp-json\/wp\/v2\/pages\/29440\/revisions"}],"predecessor-version":[{"id":29448,"href":"https:\/\/www.confianz.eu\/pl\/wp-json\/wp\/v2\/pages\/29440\/revisions\/29448"}],"wp:attachment":[{"href":"https:\/\/www.confianz.eu\/pl\/wp-json\/wp\/v2\/media?parent=29440"}],"curies":[{"name":"wp","href":"https:\/\/api.w.org\/{rel}","templated":true}]}}