{"id":521,"date":"2023-03-18T15:13:36","date_gmt":"2023-03-18T14:13:36","guid":{"rendered":"https::\/\/www.confianz.eu\/?page_id=521"},"modified":"2023-03-19T13:09:43","modified_gmt":"2023-03-19T12:09:43","slug":"bezwaar-omgevingsvergunning","status":"publish","type":"page","link":"https:\/\/www.confianz.eu\/fr\/bezwaar-omgevingsvergunning\/","title":{"rendered":"Remboursement des frais de transport"},"content":{"rendered":"<div data-elementor-type=\"wp-page\" data-elementor-id=\"521\" class=\"elementor elementor-521\" data-elementor-post-type=\"page\">\n\t\t\t\t\t\t<section data-dce-background-overlay-color=\"#22559C22\" data-dce-background-image-url=\"https:\/\/www.confianz.eu\/app\/uploads\/2023\/03\/benidorm.jpg\" class=\"elementor-section elementor-top-section elementor-element elementor-element-59ec6b5a elementor-section-height-min-height elementor-section-boxed elementor-section-height-default elementor-section-items-middle\" data-id=\"59ec6b5a\" data-element_type=\"section\" data-e-type=\"section\" data-settings=\"{&quot;background_background&quot;:&quot;classic&quot;}\">\n\t\t\t\t\t\t\t<div class=\"elementor-background-overlay\"><\/div>\n\t\t\t\t\t\t\t<div class=\"elementor-container elementor-column-gap-default\">\n\t\t\t\t\t<div class=\"elementor-column elementor-col-100 elementor-top-column elementor-element elementor-element-73d922a0\" data-id=\"73d922a0\" data-element_type=\"column\" data-e-type=\"column\">\n\t\t\t<div class=\"elementor-widget-wrap elementor-element-populated\">\n\t\t\t\t\t\t<div class=\"elementor-element elementor-element-66331cf elementor-widget elementor-widget-heading\" data-id=\"66331cf\" data-element_type=\"widget\" data-e-type=\"widget\" data-widget_type=\"heading.default\">\n\t\t\t\t<div class=\"elementor-widget-container\">\n\t\t\t\t\t<h1 class=\"elementor-heading-title elementor-size-default\">Remboursement des frais de transport<\/h1>\t\t\t\t<\/div>\n\t\t\t\t<\/div>\n\t\t\t\t\t<\/div>\n\t\t<\/div>\n\t\t\t\t\t<\/div>\n\t\t<\/section>\n\t\t\t\t<section class=\"elementor-section elementor-top-section elementor-element elementor-element-89748a8 elementor-section-boxed elementor-section-height-default elementor-section-height-default\" data-id=\"89748a8\" data-element_type=\"section\" data-e-type=\"section\">\n\t\t\t\t\t\t<div class=\"elementor-container elementor-column-gap-default\">\n\t\t\t\t\t<div class=\"elementor-column elementor-col-100 elementor-top-column elementor-element elementor-element-c6ceaef animated-fast elementor-invisible\" data-id=\"c6ceaef\" data-element_type=\"column\" data-e-type=\"column\" data-settings=\"{&quot;animation&quot;:&quot;subtleFadeInUp&quot;,&quot;animation_mobile&quot;:&quot;subtleFadeInUp&quot;}\">\n\t\t\t<div class=\"elementor-widget-wrap elementor-element-populated\">\n\t\t\t\t\t\t<div class=\"elementor-element elementor-element-1001986 elementor-widget elementor-widget-text-editor\" data-id=\"1001986\" data-element_type=\"widget\" data-e-type=\"widget\" data-widget_type=\"text-editor.default\">\n\t\t\t\t<div class=\"elementor-widget-container\">\n\t\t\t\t\t\t\t\t\t<p>Confianz staat u bij met de tijdige opmaak van een bezwaarschrift tegen een omgevingsvergunning in Vlaanderen.<\/p>\t\t\t\t\t\t\t\t<\/div>\n\t\t\t\t<\/div>\n\t\t\t\t<div class=\"elementor-element elementor-element-00cef68 elementor-widget elementor-widget-heading\" data-id=\"00cef68\" data-element_type=\"widget\" data-e-type=\"widget\" data-widget_type=\"heading.default\">\n\t\t\t\t<div class=\"elementor-widget-container\">\n\t\t\t\t\t<h2 class=\"elementor-heading-title elementor-size-default\">Avocat des droits de l'homme<\/h2>\t\t\t\t<\/div>\n\t\t\t\t<\/div>\n\t\t\t\t<div class=\"elementor-element elementor-element-10ba24f elementor-widget elementor-widget-text-editor\" data-id=\"10ba24f\" data-element_type=\"widget\" data-e-type=\"widget\" data-widget_type=\"text-editor.default\">\n\t\t\t\t<div class=\"elementor-widget-container\">\n\t\t\t\t\t\t\t\t\t<p>Il est important de souligner que votre dossier doit \u00eatre trait\u00e9 par un avocat dans le cadre d'une proc\u00e9dure judiciaire. De cette mani\u00e8re, vous devez vous conformer aux r\u00e8gles de proc\u00e9dure.<\/p><p>Vous avez aussi plus d'informations \u00e0 ce sujet.<strong>\u00a0la r\u00e9ponse \u00e0 la question pos\u00e9e par le meilleur d'entre vous se r\u00e9f\u00e8re \u00e0 vos arguments<\/strong>. Vous trouverez ici plus d'informations sur ce qui est essentiel pour progresser dans la proc\u00e9dure de v\u00e9rification.\u00a0<a href=\"https:\/\/www.confianz.eu\/fr\/2022\/05\/12\/bezwaarschrift-omgevingsvergunning-waarom-is-dit-nuttig\/\">een bezwaarschrift in te dienen.<\/a><\/p><p>Heeft u\u00a0<strong>les questions relatives \u00e0 l'\u00e9tablissement d'une d\u00e9claration d'imp\u00f4t sur le revenu en vue d'une d\u00e9claration d'imp\u00f4t sur le revenu<\/strong>? N'h\u00e9sitez pas \u00e0 nous contacter via le formulaire ci-dessous.<\/p>\t\t\t\t\t\t\t\t<\/div>\n\t\t\t\t<\/div>\n\t\t\t\t\t<\/div>\n\t\t<\/div>\n\t\t\t\t\t<\/div>\n\t\t<\/section>\n\t\t\t\t<\/div>","protected":false},"excerpt":{"rendered":"<p>Bezwaar omgevings&#173;vergunning Confianz staat u bij met de tijdige opmaak van een bezwaarschrift tegen een omgevingsvergunning in Vlaanderen. Advocaat omgevingsrecht Het is aan te raden dat u het bezwaarschrift laat opmaken door een advocaat omgevingsrecht. Op die manier voldoet uw bezwaarschrift aan de procedurele vereisten. Ook heeft u meer kans dat\u00a0het bestuur rekening houdt met [&hellip;]<\/p>\n","protected":false},"author":1,"featured_media":0,"parent":0,"menu_order":0,"comment_status":"closed","ping_status":"closed","template":"","meta":{"_acf_changed":false,"footnotes":""},"class_list":["post-521","page","type-page","status-publish","hentry"],"acf":[],"_links":{"self":[{"href":"https:\/\/www.confianz.eu\/fr\/wp-json\/wp\/v2\/pages\/521","targetHints":{"allow":["GET"]}}],"collection":[{"href":"https:\/\/www.confianz.eu\/fr\/wp-json\/wp\/v2\/pages"}],"about":[{"href":"https:\/\/www.confianz.eu\/fr\/wp-json\/wp\/v2\/types\/page"}],"author":[{"embeddable":true,"href":"https:\/\/www.confianz.eu\/fr\/wp-json\/wp\/v2\/users\/1"}],"replies":[{"embeddable":true,"href":"https:\/\/www.confianz.eu\/fr\/wp-json\/wp\/v2\/comments?post=521"}],"version-history":[{"count":13,"href":"https:\/\/www.confianz.eu\/fr\/wp-json\/wp\/v2\/pages\/521\/revisions"}],"predecessor-version":[{"id":29462,"href":"https:\/\/www.confianz.eu\/fr\/wp-json\/wp\/v2\/pages\/521\/revisions\/29462"}],"wp:attachment":[{"href":"https:\/\/www.confianz.eu\/fr\/wp-json\/wp\/v2\/media?parent=521"}],"curies":[{"name":"wp","href":"https:\/\/api.w.org\/{rel}","templated":true}]}}