{"id":491,"date":"2023-03-18T14:54:33","date_gmt":"2023-03-18T13:54:33","guid":{"rendered":"https::\/\/www.confianz.eu\/?page_id=491"},"modified":"2023-03-19T12:34:03","modified_gmt":"2023-03-19T11:34:03","slug":"waardebepaling-vastgoed-in-spanje-opvragen","status":"publish","type":"page","link":"https:\/\/www.confianz.eu\/fr\/waardebepaling-vastgoed-in-spanje-opvragen\/","title":{"rendered":"Aide \u00e0 l'emploi pour les grandes entreprises en Espagne"},"content":{"rendered":"<div data-elementor-type=\"wp-page\" data-elementor-id=\"491\" class=\"elementor elementor-491\" data-elementor-post-type=\"page\">\n\t\t\t\t\t\t<section data-dce-background-overlay-color=\"#22559C22\" data-dce-background-image-url=\"https:\/\/www.confianz.eu\/app\/uploads\/2023\/03\/benidorm.jpg\" class=\"elementor-section elementor-top-section elementor-element elementor-element-59ec6b5a elementor-section-height-min-height elementor-section-boxed elementor-section-height-default elementor-section-items-middle\" data-id=\"59ec6b5a\" data-element_type=\"section\" data-e-type=\"section\" data-settings=\"{&quot;background_background&quot;:&quot;classic&quot;}\">\n\t\t\t\t\t\t\t<div class=\"elementor-background-overlay\"><\/div>\n\t\t\t\t\t\t\t<div class=\"elementor-container elementor-column-gap-default\">\n\t\t\t\t\t<div class=\"elementor-column elementor-col-100 elementor-top-column elementor-element elementor-element-73d922a0\" data-id=\"73d922a0\" data-element_type=\"column\" data-e-type=\"column\">\n\t\t\t<div class=\"elementor-widget-wrap elementor-element-populated\">\n\t\t\t\t\t\t<div class=\"elementor-element elementor-element-66331cf elementor-widget elementor-widget-heading\" data-id=\"66331cf\" data-element_type=\"widget\" data-e-type=\"widget\" data-widget_type=\"heading.default\">\n\t\t\t\t<div class=\"elementor-widget-container\">\n\t\t\t\t\t<h1 class=\"elementor-heading-title elementor-size-default\">Aide \u00e0 l'emploi pour les grandes entreprises en Espagne<\/h1>\t\t\t\t<\/div>\n\t\t\t\t<\/div>\n\t\t\t\t\t<\/div>\n\t\t<\/div>\n\t\t\t\t\t<\/div>\n\t\t<\/section>\n\t\t\t\t<section class=\"elementor-section elementor-top-section elementor-element elementor-element-89748a8 elementor-section-boxed elementor-section-height-default elementor-section-height-default\" data-id=\"89748a8\" data-element_type=\"section\" data-e-type=\"section\">\n\t\t\t\t\t\t<div class=\"elementor-container elementor-column-gap-default\">\n\t\t\t\t\t<div class=\"elementor-column elementor-col-50 elementor-top-column elementor-element elementor-element-c6ceaef animated-fast elementor-invisible\" data-id=\"c6ceaef\" data-element_type=\"column\" data-e-type=\"column\" data-settings=\"{&quot;animation&quot;:&quot;subtleFadeInLeft&quot;,&quot;animation_mobile&quot;:&quot;subtleFadeInUp&quot;}\">\n\t\t\t<div class=\"elementor-widget-wrap elementor-element-populated\">\n\t\t\t\t\t\t<div class=\"elementor-element elementor-element-1001986 elementor-widget elementor-widget-text-editor\" data-id=\"1001986\" data-element_type=\"widget\" data-e-type=\"widget\" data-widget_type=\"text-editor.default\">\n\t\t\t\t<div class=\"elementor-widget-container\">\n\t\t\t\t\t\t\t\t\t<p>Avez-vous un emploi en Espagne ? Gr\u00e2ce \u00e0 l'\u00e9galit\u00e9 des chances, il est possible d'obtenir des informations sur le montant de l'aide. Nous pensons m\u00eame que les\u00a0<strong>erfgenamen moeilijkheden ondervinden om het Spaans vastgoed correct te waarderen.<\/strong>\u00a0De ce fait, nous pouvons vous demander de nous aider dans le cadre du traitement des demandes d'asile en Espagne.<\/p><p>En 2022, le service d'aide \u00e0 l'emploi de l'Espagne aura une nouvelle fois \u00e9t\u00e9 mis en place.<em>\u00a0tabouret de barbarie\u00a0<\/em>voor vastgoed uitgewerkt. La m\u00e9thode d'\u00e9valuation est, entre autres, bas\u00e9e sur l'\u00e9valuation de la qualit\u00e9 des produits dans la r\u00e9gion. Nous estimons ici que ces mesures doivent \u00eatre prises en tenant compte des \u00e9l\u00e9ments suivants\u00a0<strong>un march\u00e9 r\u00e9aliste<\/strong>. Le fisc espagnol a adopt\u00e9 cette mesure de r\u00e9f\u00e9rence pour l'am\u00e9lioration de la protection sociale en Espagne.<\/p><p>Si les estimations sont tr\u00e8s pr\u00e9cises par rapport \u00e0 la valeur potentielle, vous pouvez vous servir de ces sch\u00e9mas pour am\u00e9liorer la qualit\u00e9 de l'\u00e9tiquetage flamand.\u00a0<strong><a href=\"https:\/\/www.confianz.eu\/fr\/2022\/08\/04\/aangifte-van-nalatenschap-met-spaans-vastgoed\/\" target=\"_blank\" rel=\"noreferrer noopener\">Vous trouverez ici de plus amples informations sur les activit\u00e9s d'une association \u00e0 but non lucratif en Espagne.<\/a><\/strong><\/p><p>Les notaires et avocats espagnols peuvent \u00eatre confront\u00e9s \u00e0 une situation de conflit d'int\u00e9r\u00eats. Si vous le souhaitez, nous pouvons vous proposer un syst\u00e8me d'aide fiscale pour les grandes entreprises en Espagne. Nous vous demandons de prendre connaissance de l'attestation fiscale.\u00a0<strong>dans les 10 jours ouvrables<\/strong>\u00a0na ontvangst van uw gegevens. Cette attestation peut \u00eatre utilis\u00e9e dans le cadre de la lutte contre le blanchiment d'argent.<\/p>\t\t\t\t\t\t\t\t<\/div>\n\t\t\t\t<\/div>\n\t\t\t\t\t<\/div>\n\t\t<\/div>\n\t\t\t\t<div class=\"elementor-column elementor-col-50 elementor-top-column elementor-element elementor-element-82226cc animated-fast elementor-invisible\" data-id=\"82226cc\" data-element_type=\"column\" data-e-type=\"column\" data-settings=\"{&quot;animation&quot;:&quot;subtleFadeInRight&quot;,&quot;animation_mobile&quot;:&quot;subtleFadeInUp&quot;}\">\n\t\t\t<div class=\"elementor-widget-wrap elementor-element-populated\">\n\t\t\t\t\t\t<div class=\"elementor-element elementor-element-f5178c3 elementor-widget elementor-widget-heading\" data-id=\"f5178c3\" data-element_type=\"widget\" data-e-type=\"widget\" data-widget_type=\"heading.default\">\n\t\t\t\t<div class=\"elementor-widget-container\">\n\t\t\t\t\t<h2 class=\"elementor-heading-title elementor-size-default\">Quels sont les documents dont vous avez besoin ?<\/h2>\t\t\t\t<\/div>\n\t\t\t\t<\/div>\n\t\t\t\t<div class=\"elementor-element elementor-element-8f557cb elementor-widget elementor-widget-text-editor\" data-id=\"8f557cb\" data-element_type=\"widget\" data-e-type=\"widget\" data-widget_type=\"text-editor.default\">\n\t\t\t\t<div class=\"elementor-widget-container\">\n\t\t\t\t\t\t\t\t\t<p>Seules quelques-unes des parties suivantes sont int\u00e9ressantes :<\/p><ul><li>de factuur \/ belastingaanslag van de IBI of SUMA (niet het betalingsbewijs) ;<\/li><li>de kadastrale fiche \"descriptiva y grafica\" ;<\/li><li>de eigendomsakte van het vastgoed Spanje.<\/li><\/ul><p>\u00a0<\/p><p>Ces documents nous permettent d'entamer la proc\u00e9dure.<\/p>\t\t\t\t\t\t\t\t<\/div>\n\t\t\t\t<\/div>\n\t\t\t\t<div class=\"elementor-element elementor-element-e49a0ba elementor-widget elementor-widget-heading\" data-id=\"e49a0ba\" data-element_type=\"widget\" data-e-type=\"widget\" data-widget_type=\"heading.default\">\n\t\t\t\t<div class=\"elementor-widget-container\">\n\t\t\t\t\t<h2 class=\"elementor-heading-title elementor-size-default\">Comment cela fonctionne-t-il ?\n<\/h2>\t\t\t\t<\/div>\n\t\t\t\t<\/div>\n\t\t\t\t<div class=\"elementor-element elementor-element-b0edc92 elementor-widget elementor-widget-text-editor\" data-id=\"b0edc92\" data-element_type=\"widget\" data-e-type=\"widget\" data-widget_type=\"text-editor.default\">\n\t\t\t\t<div class=\"elementor-widget-container\">\n\t\t\t\t\t\t\t\t\t<p>Si vous souhaitez obtenir l'attestation fiscale du fisc espagnol, n'h\u00e9sitez pas \u00e0 nous contacter par le biais du formulaire de contact en ligne. De plus, nous vous fournirons de plus amples informations sur les services en Espagne.<\/p>\t\t\t\t\t\t\t\t<\/div>\n\t\t\t\t<\/div>\n\t\t\t\t\t<\/div>\n\t\t<\/div>\n\t\t\t\t\t<\/div>\n\t\t<\/section>\n\t\t\t\t<\/div>","protected":false},"excerpt":{"rendered":"<p>Waardebepaling voor vastgoed in Spanje Erft u vastgoed in Spanje? Bij de aangifte van nalatenschap dient u de verkoopwaarde van het vastgoed aan te geven. Wij merken evenwel dat de\u00a0erfgenamen moeilijkheden ondervinden om het Spaans vastgoed correct te waarderen.\u00a0Daarom kan ons kantoor u helpen met de waardebepaling voor vastgoed in Spanje. De Spaanse belastingdienst heeft [&hellip;]<\/p>\n","protected":false},"author":1,"featured_media":0,"parent":0,"menu_order":0,"comment_status":"closed","ping_status":"closed","template":"","meta":{"_acf_changed":false,"footnotes":""},"class_list":["post-491","page","type-page","status-publish","hentry"],"acf":[],"_links":{"self":[{"href":"https:\/\/www.confianz.eu\/fr\/wp-json\/wp\/v2\/pages\/491","targetHints":{"allow":["GET"]}}],"collection":[{"href":"https:\/\/www.confianz.eu\/fr\/wp-json\/wp\/v2\/pages"}],"about":[{"href":"https:\/\/www.confianz.eu\/fr\/wp-json\/wp\/v2\/types\/page"}],"author":[{"embeddable":true,"href":"https:\/\/www.confianz.eu\/fr\/wp-json\/wp\/v2\/users\/1"}],"replies":[{"embeddable":true,"href":"https:\/\/www.confianz.eu\/fr\/wp-json\/wp\/v2\/comments?post=491"}],"version-history":[{"count":10,"href":"https:\/\/www.confianz.eu\/fr\/wp-json\/wp\/v2\/pages\/491\/revisions"}],"predecessor-version":[{"id":29413,"href":"https:\/\/www.confianz.eu\/fr\/wp-json\/wp\/v2\/pages\/491\/revisions\/29413"}],"wp:attachment":[{"href":"https:\/\/www.confianz.eu\/fr\/wp-json\/wp\/v2\/media?parent=491"}],"curies":[{"name":"wp","href":"https:\/\/api.w.org\/{rel}","templated":true}]}}