{"id":485,"date":"2023-03-18T14:49:38","date_gmt":"2023-03-18T13:49:38","guid":{"rendered":"https::\/\/www.confianz.eu\/?page_id=485"},"modified":"2023-03-19T12:33:23","modified_gmt":"2023-03-19T11:33:23","slug":"aangifte-nalatenschap","status":"publish","type":"page","link":"https:\/\/www.confianz.eu\/fr\/aangifte-nalatenschap\/","title":{"rendered":"Aangifte van nalatenschap (en anglais)"},"content":{"rendered":"<div data-elementor-type=\"wp-page\" data-elementor-id=\"485\" class=\"elementor elementor-485\" data-elementor-post-type=\"page\">\n\t\t\t\t\t\t<section data-dce-background-overlay-color=\"#22559C22\" data-dce-background-image-url=\"https:\/\/www.confianz.eu\/app\/uploads\/2023\/03\/aankoopbegeleiding-spanje.jpeg\" class=\"elementor-section elementor-top-section elementor-element elementor-element-59ec6b5a elementor-section-height-min-height elementor-section-boxed elementor-section-height-default elementor-section-items-middle\" data-id=\"59ec6b5a\" data-element_type=\"section\" data-e-type=\"section\" data-settings=\"{&quot;background_background&quot;:&quot;classic&quot;}\">\n\t\t\t\t\t\t\t<div class=\"elementor-background-overlay\"><\/div>\n\t\t\t\t\t\t\t<div class=\"elementor-container elementor-column-gap-default\">\n\t\t\t\t\t<div class=\"elementor-column elementor-col-100 elementor-top-column elementor-element elementor-element-73d922a0\" data-id=\"73d922a0\" data-element_type=\"column\" data-e-type=\"column\">\n\t\t\t<div class=\"elementor-widget-wrap elementor-element-populated\">\n\t\t\t\t\t\t<div class=\"elementor-element elementor-element-66331cf elementor-widget elementor-widget-heading\" data-id=\"66331cf\" data-element_type=\"widget\" data-e-type=\"widget\" data-widget_type=\"heading.default\">\n\t\t\t\t<div class=\"elementor-widget-container\">\n\t\t\t\t\t<h1 class=\"elementor-heading-title elementor-size-default\">Aangifte van nalatenschap (en anglais)<\/h1>\t\t\t\t<\/div>\n\t\t\t\t<\/div>\n\t\t\t\t\t<\/div>\n\t\t<\/div>\n\t\t\t\t\t<\/div>\n\t\t<\/section>\n\t\t\t\t<section class=\"elementor-section elementor-top-section elementor-element elementor-element-89748a8 elementor-section-boxed elementor-section-height-default elementor-section-height-default\" data-id=\"89748a8\" data-element_type=\"section\" data-e-type=\"section\">\n\t\t\t\t\t\t<div class=\"elementor-container elementor-column-gap-default\">\n\t\t\t\t\t<div class=\"elementor-column elementor-col-50 elementor-top-column elementor-element elementor-element-c6ceaef animated-fast elementor-invisible\" data-id=\"c6ceaef\" data-element_type=\"column\" data-e-type=\"column\" data-settings=\"{&quot;animation&quot;:&quot;subtleFadeInLeft&quot;,&quot;animation_mobile&quot;:&quot;subtleFadeInUp&quot;}\">\n\t\t\t<div class=\"elementor-widget-wrap elementor-element-populated\">\n\t\t\t\t\t\t<div class=\"elementor-element elementor-element-438c267 elementor-widget elementor-widget-heading\" data-id=\"438c267\" data-element_type=\"widget\" data-e-type=\"widget\" data-widget_type=\"heading.default\">\n\t\t\t\t<div class=\"elementor-widget-container\">\n\t\t\t\t\t<h2 class=\"elementor-heading-title elementor-size-default\">La valeur d'un \u00e9chantillon correct<\/h2>\t\t\t\t<\/div>\n\t\t\t\t<\/div>\n\t\t\t\t<div class=\"elementor-element elementor-element-1001986 elementor-widget elementor-widget-text-editor\" data-id=\"1001986\" data-element_type=\"widget\" data-e-type=\"widget\" data-widget_type=\"text-editor.default\">\n\t\t\t\t<div class=\"elementor-widget-container\">\n\t\t\t\t\t\t\t\t\t<p>Pour obtenir un r\u00e9sultat satisfaisant, il est n\u00e9cessaire de v\u00e9rifier la position de l'appareil dans la pi\u00e8ce. Hier gaat een hele\u00a0<strong>droit de la concurrence<\/strong>\u00a0aan vooraf. Comment pouvons-nous faire face \u00e0 cette situation ? Existe-t-il des sch\u00e9mas de fonctionnement dans ce domaine ? De quels facteurs et de quels obstacles pouvons-nous nous pr\u00e9valoir ? Une bonne orientation est donc cruciale. Les aspects financiers sont \u00e9galement importants :<strong>\u00a0een onjuiste aangifte kan leiden tot een hogere erfbelasting, boete of betwisting<\/strong>.<\/p>\t\t\t\t\t\t\t\t<\/div>\n\t\t\t\t<\/div>\n\t\t\t\t<div class=\"elementor-element elementor-element-c0a9881 elementor-widget elementor-widget-heading\" data-id=\"c0a9881\" data-element_type=\"widget\" data-e-type=\"widget\" data-widget_type=\"heading.default\">\n\t\t\t\t<div class=\"elementor-widget-container\">\n\t\t\t\t\t<h2 class=\"elementor-heading-title elementor-size-default\">Gestion administrative\n<\/h2>\t\t\t\t<\/div>\n\t\t\t\t<\/div>\n\t\t\t\t<div class=\"elementor-element elementor-element-b537394 elementor-widget elementor-widget-text-editor\" data-id=\"b537394\" data-element_type=\"widget\" data-e-type=\"widget\" data-widget_type=\"text-editor.default\">\n\t\t\t\t<div class=\"elementor-widget-container\">\n\t\t\t\t\t\t\t\t\t<p>Om die reden krijgt ons kantoor regelmatig de vraag om de aangifte van nalatenschap in orde te maken. Confianz vous remet un paquet total. Nous avons tous les droits\u00a0<strong>administration prise<\/strong>\u00a0pour vous et votre famille\u00a0<strong>en main<\/strong>.<\/p><p>Nous pouvons non seulement obtenir des informations utiles par le biais d'annonces officielles, mais aussi nous appuyer sur des informations compl\u00e8tes. Vous n'avez donc aucune raison de vous pr\u00e9occuper de ces d\u00e9marches administratives.<\/p>\t\t\t\t\t\t\t\t<\/div>\n\t\t\t\t<\/div>\n\t\t\t\t\t<\/div>\n\t\t<\/div>\n\t\t\t\t<div class=\"elementor-column elementor-col-50 elementor-top-column elementor-element elementor-element-82226cc animated-fast elementor-invisible\" data-id=\"82226cc\" data-element_type=\"column\" data-e-type=\"column\" data-settings=\"{&quot;animation&quot;:&quot;subtleFadeInRight&quot;,&quot;animation_mobile&quot;:&quot;subtleFadeInUp&quot;}\">\n\t\t\t<div class=\"elementor-widget-wrap elementor-element-populated\">\n\t\t\t\t\t\t<div class=\"elementor-element elementor-element-361e46f elementor-widget elementor-widget-heading\" data-id=\"361e46f\" data-element_type=\"widget\" data-e-type=\"widget\" data-widget_type=\"heading.default\">\n\t\t\t\t<div class=\"elementor-widget-container\">\n\t\t\t\t\t<h2 class=\"elementor-heading-title elementor-size-default\">Egalement dans le cadre de l'activa<\/h2>\t\t\t\t<\/div>\n\t\t\t\t<\/div>\n\t\t\t\t<div class=\"elementor-element elementor-element-8b6112b elementor-widget elementor-widget-text-editor\" data-id=\"8b6112b\" data-element_type=\"widget\" data-e-type=\"widget\" data-widget_type=\"text-editor.default\">\n\t\t\t\t<div class=\"elementor-widget-container\">\n\t\t\t\t\t\t\t\t\t<p>Vous voulez faire des achats dans le pays ? Les entreprises de la r\u00e9gion du Bade-Wurtemberg peuvent vous aider \u00e0 trouver un emploi. Confianz est sp\u00e9cialis\u00e9 dans l'accompagnement des personnes en situation de handicap dans les pays en voie de d\u00e9veloppement.<\/p><p>Si vous vous rendez en Espagne, nous pouvons vous aider \u00e0 choisir la bonne date et la bonne heure. Par ailleurs, nous pouvons \u00e9galement mettre en place un syst\u00e8me d'alerte en Espagne.\u00a0<a href=\"https:\/\/www.confianz.eu\/fr\/2022\/08\/04\/aangifte-van-nalatenschap-met-spaans-vastgoed\/\">Vous trouverez ici de plus amples informations sur l'importance de la coop\u00e9ration avec les pays d'Europe centrale et orientale.<\/a><\/p>\t\t\t\t\t\t\t\t<\/div>\n\t\t\t\t<\/div>\n\t\t\t\t<div class=\"elementor-element elementor-element-a7967e1 elementor-widget elementor-widget-heading\" data-id=\"a7967e1\" data-element_type=\"widget\" data-e-type=\"widget\" data-widget_type=\"heading.default\">\n\t\t\t\t<div class=\"elementor-widget-container\">\n\t\t\t\t\t<h2 class=\"elementor-heading-title elementor-size-default\">Communication r\u00e9guli\u00e8re et personnelle\n<\/h2>\t\t\t\t<\/div>\n\t\t\t\t<\/div>\n\t\t\t\t<div class=\"elementor-element elementor-element-6c6b8d9 elementor-widget elementor-widget-text-editor\" data-id=\"6c6b8d9\" data-element_type=\"widget\" data-e-type=\"widget\" data-widget_type=\"text-editor.default\">\n\t\t\t\t<div class=\"elementor-widget-container\">\n\t\t\t\t\t\t\t\t\t<p>Vos commentaires et suggestions sont essentiels pour am\u00e9liorer la situation (familiale) de l'utilisateur. Vous devez \u00eatre conscient de l'importance d'une bonne gestion des droits.\u00a0<strong>Vos id\u00e9es sont donc tout \u00e0 fait pertinentes.<\/strong>\u00a0Il est donc important que nous soyons inform\u00e9s r\u00e9guli\u00e8rement et personnellement. La confiance est de mise pour nous informer p\u00e9riodiquement sur l'\u00e9tat des lieux.<\/p>\t\t\t\t\t\t\t\t<\/div>\n\t\t\t\t<\/div>\n\t\t\t\t\t<\/div>\n\t\t<\/div>\n\t\t\t\t\t<\/div>\n\t\t<\/section>\n\t\t\t\t<\/div>","protected":false},"excerpt":{"rendered":"<p>Aangifte van nalatenschap Belang van een correcte aangifte Voor een aangifte van nalatenschap dient u heel de vermogenssituatie van de erflater in kaart te brengen. Hier gaat een hele\u00a0juridische voorbereiding\u00a0aan vooraf. Hoe waarderen we het vastgoed? Zijn er in het verleden schenkingen gebeurd? Van welke vrijstellingen en verminderingen kunnen we genieten? Een goede voorbereiding is [&hellip;]<\/p>\n","protected":false},"author":1,"featured_media":0,"parent":0,"menu_order":0,"comment_status":"closed","ping_status":"closed","template":"","meta":{"_acf_changed":false,"footnotes":""},"class_list":["post-485","page","type-page","status-publish","hentry"],"acf":[],"_links":{"self":[{"href":"https:\/\/www.confianz.eu\/fr\/wp-json\/wp\/v2\/pages\/485","targetHints":{"allow":["GET"]}}],"collection":[{"href":"https:\/\/www.confianz.eu\/fr\/wp-json\/wp\/v2\/pages"}],"about":[{"href":"https:\/\/www.confianz.eu\/fr\/wp-json\/wp\/v2\/types\/page"}],"author":[{"embeddable":true,"href":"https:\/\/www.confianz.eu\/fr\/wp-json\/wp\/v2\/users\/1"}],"replies":[{"embeddable":true,"href":"https:\/\/www.confianz.eu\/fr\/wp-json\/wp\/v2\/comments?post=485"}],"version-history":[{"count":10,"href":"https:\/\/www.confianz.eu\/fr\/wp-json\/wp\/v2\/pages\/485\/revisions"}],"predecessor-version":[{"id":29410,"href":"https:\/\/www.confianz.eu\/fr\/wp-json\/wp\/v2\/pages\/485\/revisions\/29410"}],"wp:attachment":[{"href":"https:\/\/www.confianz.eu\/fr\/wp-json\/wp\/v2\/media?parent=485"}],"curies":[{"name":"wp","href":"https:\/\/api.w.org\/{rel}","templated":true}]}}