{"id":383,"date":"2023-03-11T09:56:46","date_gmt":"2023-03-11T08:56:46","guid":{"rendered":"https::\/\/www.confianz.eu\/?page_id=383"},"modified":"2023-11-21T20:46:01","modified_gmt":"2023-11-21T19:46:01","slug":"confianz","status":"publish","type":"page","link":"https:\/\/www.confianz.eu\/fr\/confianz\/","title":{"rendered":"A propos de nous"},"content":{"rendered":"<div data-elementor-type=\"wp-page\" data-elementor-id=\"383\" class=\"elementor elementor-383\" data-elementor-post-type=\"page\">\n\t\t\t\t\t\t<section data-dce-background-overlay-color=\"#22559C22\" data-dce-background-image-url=\"https:\/\/www.confianz.eu\/app\/uploads\/2023\/03\/benidorm.jpg\" class=\"elementor-section elementor-top-section elementor-element elementor-element-59ec6b5a elementor-section-height-min-height elementor-section-boxed elementor-section-height-default elementor-section-items-middle\" data-id=\"59ec6b5a\" data-element_type=\"section\" data-e-type=\"section\" data-settings=\"{&quot;background_background&quot;:&quot;classic&quot;}\">\n\t\t\t\t\t\t\t<div class=\"elementor-background-overlay\"><\/div>\n\t\t\t\t\t\t\t<div class=\"elementor-container elementor-column-gap-default\">\n\t\t\t\t\t<div class=\"elementor-column elementor-col-100 elementor-top-column elementor-element elementor-element-73d922a0\" data-id=\"73d922a0\" data-element_type=\"column\" data-e-type=\"column\">\n\t\t\t<div class=\"elementor-widget-wrap elementor-element-populated\">\n\t\t\t\t\t\t<div class=\"elementor-element elementor-element-66331cf elementor-widget elementor-widget-heading\" data-id=\"66331cf\" data-element_type=\"widget\" data-e-type=\"widget\" data-widget_type=\"heading.default\">\n\t\t\t\t<div class=\"elementor-widget-container\">\n\t\t\t\t\t<h1 class=\"elementor-heading-title elementor-size-default\">A propos de nous<\/h1>\t\t\t\t<\/div>\n\t\t\t\t<\/div>\n\t\t\t\t\t<\/div>\n\t\t<\/div>\n\t\t\t\t\t<\/div>\n\t\t<\/section>\n\t\t\t\t<section class=\"elementor-section elementor-top-section elementor-element elementor-element-5e71e3df elementor-section-boxed elementor-section-height-default elementor-section-height-default\" data-id=\"5e71e3df\" data-element_type=\"section\" data-e-type=\"section\">\n\t\t\t\t\t\t<div class=\"elementor-container elementor-column-gap-default\">\n\t\t\t\t\t<div class=\"elementor-column elementor-col-50 elementor-top-column elementor-element elementor-element-44688f79\" data-id=\"44688f79\" data-element_type=\"column\" data-e-type=\"column\">\n\t\t\t<div class=\"elementor-widget-wrap elementor-element-populated\">\n\t\t\t\t\t\t<section class=\"elementor-section elementor-inner-section elementor-element elementor-element-1c1aa619 elementor-section-boxed elementor-section-height-default elementor-section-height-default\" data-id=\"1c1aa619\" data-element_type=\"section\" data-e-type=\"section\">\n\t\t\t\t\t\t<div class=\"elementor-container elementor-column-gap-default\">\n\t\t\t\t\t<div class=\"elementor-column elementor-col-100 elementor-inner-column elementor-element elementor-element-58d3a112 animated-fast elementor-invisible\" data-id=\"58d3a112\" data-element_type=\"column\" data-e-type=\"column\" data-settings=\"{&quot;animation&quot;:&quot;subtleFadeInLeft&quot;,&quot;animation_mobile&quot;:&quot;subtleFadeInUp&quot;}\">\n\t\t\t<div class=\"elementor-widget-wrap elementor-element-populated\">\n\t\t\t\t\t\t<div class=\"elementor-element elementor-element-1e28accd elementor-widget elementor-widget-text-editor\" data-id=\"1e28accd\" data-element_type=\"widget\" data-e-type=\"widget\" data-widget_type=\"text-editor.default\">\n\t\t\t\t<div class=\"elementor-widget-container\">\n\t\t\t\t\t\t\t\t\t<h3>Qui sommes-nous ?\u00a0<\/h3><p>Confianz est sp\u00e9cialis\u00e9 dans l'assistance aux particuliers et aux entreprises dans le cadre de transactions immobili\u00e8res en Espagne.<\/p><p>Nous offrons \u00e0 nos clients une\u00a0<strong>personnel service total<\/strong> pour acheter ou vendre une propri\u00e9t\u00e9 en Espagne, en accordant une attention particuli\u00e8re aux aspects juridiques et fiscaux.\u00a0<\/p><p>Nous sommes convaincus que l'achat d'une propri\u00e9t\u00e9 en Espagne est une opportunit\u00e9 \u00e0 ne pas manquer.<strong>\u00a0investissement dans votre famille, votre qualit\u00e9 de vie et votre sant\u00e9<\/strong>. L'environnement, le climat ensoleill\u00e9 et le mode de vie local rendent la vie agr\u00e9able. C'est pourquoi notre mission est de rendre votre investissement aussi facile que possible.<\/p><p>Pour ce faire, nous veillons \u00e0 vos int\u00e9r\u00eats \u00e0 tout moment et vous \u00e9vitons les mauvaises surprises juridiques et fiscales. Vous pouvez ainsi profiter de votre s\u00e9jour \u00e0 l'\u00e9tranger en toute tranquillit\u00e9.<\/p><h3>Ce que nous promettons<\/h3><p>Confianz garantit l'ind\u00e9pendance <strong>conseils juridiques <\/strong>tout en prot\u00e9geant vos int\u00e9r\u00eats. Nos solutions sont pratiques et sur mesure. En effet, chaque situation est diff\u00e9rente, avec ses propres besoins et souhaits. La confiance et la discr\u00e9tion sont essentielles.<\/p><p>Nous avons de l'exp\u00e9rience dans toutes les r\u00e9gions d'Espagne et nous couvrons les domaines suivants <strong>l'ensemble du territoire espagnol,<\/strong> y compris les Canaries.\u00a0<\/p>\t\t\t\t\t\t\t\t<\/div>\n\t\t\t\t<\/div>\n\t\t\t\t\t<\/div>\n\t\t<\/div>\n\t\t\t\t\t<\/div>\n\t\t<\/section>\n\t\t\t\t\t<\/div>\n\t\t<\/div>\n\t\t\t\t<div class=\"elementor-column elementor-col-50 elementor-top-column elementor-element elementor-element-2fa4ce7b animated-fast elementor-invisible\" data-id=\"2fa4ce7b\" data-element_type=\"column\" data-e-type=\"column\" data-settings=\"{&quot;animation&quot;:&quot;subtleFadeInRight&quot;,&quot;animation_mobile&quot;:&quot;subtleFadeInUp&quot;}\">\n\t\t\t<div class=\"elementor-widget-wrap elementor-element-populated\">\n\t\t\t\t\t\t<div class=\"elementor-element elementor-element-a23cea8 elementor-widget elementor-widget-heading\" data-id=\"a23cea8\" data-element_type=\"widget\" data-e-type=\"widget\" data-widget_type=\"heading.default\">\n\t\t\t\t<div class=\"elementor-widget-container\">\n\t\t\t\t\t<h3 class=\"elementor-heading-title elementor-size-default\">Que disent nos clients ?<\/h3>\t\t\t\t<\/div>\n\t\t\t\t<\/div>\n\t\t\t\t<section class=\"elementor-section elementor-inner-section elementor-element elementor-element-e29138f elementor-section-boxed elementor-section-height-default elementor-section-height-default\" data-id=\"e29138f\" data-element_type=\"section\" data-e-type=\"section\">\n\t\t\t\t\t\t<div class=\"elementor-container elementor-column-gap-default\">\n\t\t\t\t\t<div class=\"elementor-column elementor-col-100 elementor-inner-column elementor-element elementor-element-69646ec\" data-id=\"69646ec\" data-element_type=\"column\" data-e-type=\"column\">\n\t\t\t<div class=\"elementor-widget-wrap elementor-element-populated\">\n\t\t\t\t\t\t<div class=\"elementor-element elementor-element-1fad60d elementor-widget elementor-widget-template\" data-id=\"1fad60d\" data-element_type=\"widget\" data-e-type=\"widget\" data-widget_type=\"template.default\">\n\t\t\t\t<div class=\"elementor-widget-container\">\n\t\t\t\t\t\t\t<div class=\"elementor-template\">\n\t\t\t\t\t<div data-elementor-type=\"section\" data-elementor-id=\"614\" class=\"elementor elementor-614\" data-elementor-post-type=\"elementor_library\">\n\t\t\t\t\t<section class=\"elementor-section elementor-inner-section elementor-element elementor-element-3b2389ba elementor-section-boxed elementor-section-height-default elementor-section-height-default\" data-id=\"3b2389ba\" data-element_type=\"section\" data-e-type=\"section\">\n\t\t\t\t\t\t<div class=\"elementor-container elementor-column-gap-default\">\n\t\t\t\t\t<div class=\"elementor-column elementor-col-100 elementor-inner-column elementor-element elementor-element-26a3cc5e\" data-id=\"26a3cc5e\" data-element_type=\"column\" data-e-type=\"column\">\n\t\t\t<div class=\"elementor-widget-wrap elementor-element-populated\">\n\t\t\t\t\t\t<div class=\"elementor-element elementor-element-2965e8d0 elementor-widget elementor-widget-testimonial\" data-id=\"2965e8d0\" data-element_type=\"widget\" data-e-type=\"widget\" data-widget_type=\"testimonial.default\">\n\t\t\t\t<div class=\"elementor-widget-container\">\n\t\t\t\t\t\t\t<div class=\"elementor-testimonial-wrapper\">\n\t\t\t\t\t\t\t<div class=\"elementor-testimonial-content\">Tout le processus s'est d\u00e9roul\u00e9 sans probl\u00e8me gr\u00e2ce \u00e0 Confianz \ud83d\udc4d\ud83c\udffc. Nous sommes rentr\u00e9s chez nous fiers et satisfaits. Je ne manquerai pas de vous recommander \u00e0 ceux qui souhaitent \u00e9galement acheter une propri\u00e9t\u00e9 dans le sud de l'Espagne.<\/div>\n\t\t\t\n\t\t\t\t\t\t<div class=\"elementor-testimonial-meta elementor-has-image elementor-testimonial-image-position-aside\">\n\t\t\t\t<div class=\"elementor-testimonial-meta-inner\">\n\t\t\t\t\t\t\t\t\t\t\t<div class=\"elementor-testimonial-image\">\n\t\t\t\t\t\t\t<img fetchpriority=\"high\" decoding=\"async\" width=\"264\" height=\"280\" src=\"https:\/\/www.confianz.eu\/app\/uploads\/sites\/3\/2023\/03\/avatar-male.svg\" class=\"attachment-medium size-medium wp-image-418\" alt=\"\" \/>\t\t\t\t\t\t<\/div>\n\t\t\t\t\t\n\t\t\t\t\t\t\t\t\t\t<div class=\"elementor-testimonial-details\">\n\t\t\t\t\t\t\t\t\t\t\t\t\t\t<div class=\"elementor-testimonial-name\">R. Smeets<\/div>\n\t\t\t\t\t\t\t\t\t\t\t\t\t\t\t\t\t\t\t\t\t\t<div class=\"elementor-testimonial-job\">Ind\u00e9pendants<\/div>\n\t\t\t\t\t\t\t\t\t\t\t\t\t<\/div>\n\t\t\t\t\t\t\t\t\t<\/div>\n\t\t\t<\/div>\n\t\t\t\t\t<\/div>\n\t\t\t\t\t\t<\/div>\n\t\t\t\t<\/div>\n\t\t\t\t<div class=\"elementor-element elementor-element-4dfa7e56 elementor-widget elementor-widget-testimonial\" data-id=\"4dfa7e56\" data-element_type=\"widget\" data-e-type=\"widget\" data-widget_type=\"testimonial.default\">\n\t\t\t\t<div class=\"elementor-widget-container\">\n\t\t\t\t\t\t\t<div class=\"elementor-testimonial-wrapper\">\n\t\t\t\t\t\t\t<div class=\"elementor-testimonial-content\">Tout s'est d\u00e9roul\u00e9 comme pr\u00e9vu, merci pour votre aide. Nous sommes tr\u00e8s satisfaits du service.<\/div>\n\t\t\t\n\t\t\t\t\t\t<div class=\"elementor-testimonial-meta elementor-has-image elementor-testimonial-image-position-aside\">\n\t\t\t\t<div class=\"elementor-testimonial-meta-inner\">\n\t\t\t\t\t\t\t\t\t\t\t<div class=\"elementor-testimonial-image\">\n\t\t\t\t\t\t\t<img decoding=\"async\" width=\"264\" height=\"280\" src=\"https:\/\/www.confianz.eu\/app\/uploads\/sites\/3\/2023\/03\/avatar-male.svg\" class=\"attachment-full size-full wp-image-418\" alt=\"\" \/>\t\t\t\t\t\t<\/div>\n\t\t\t\t\t\n\t\t\t\t\t\t\t\t\t\t<div class=\"elementor-testimonial-details\">\n\t\t\t\t\t\t\t\t\t\t\t\t\t\t<div class=\"elementor-testimonial-name\">L. De Meester<\/div>\n\t\t\t\t\t\t\t\t\t\t\t\t\t\t\t\t\t\t\t\t\t\t<div class=\"elementor-testimonial-job\">Ing\u00e9nieur<\/div>\n\t\t\t\t\t\t\t\t\t\t\t\t\t<\/div>\n\t\t\t\t\t\t\t\t\t<\/div>\n\t\t\t<\/div>\n\t\t\t\t\t<\/div>\n\t\t\t\t\t\t<\/div>\n\t\t\t\t<\/div>\n\t\t\t\t<div class=\"elementor-element elementor-element-66e354f5 elementor-widget elementor-widget-testimonial\" data-id=\"66e354f5\" data-element_type=\"widget\" data-e-type=\"widget\" data-widget_type=\"testimonial.default\">\n\t\t\t\t<div class=\"elementor-widget-container\">\n\t\t\t\t\t\t\t<div class=\"elementor-testimonial-wrapper\">\n\t\t\t\t\t\t\t<div class=\"elementor-testimonial-content\">Trente et un d\u00e9cembre, trois heures de l'apr\u00e8s-midi. Oui ! Nous avons un accord verbal pour l'achat d'un petit appartement \u00e0 La Gomera. J'appelle Glenn, que je ne connais que par le biais d'une demande de renseignements par courrier \u00e9lectronique. \u00c0 notre grande surprise, il se met imm\u00e9diatement au travail et, le soir m\u00eame, un accord pr\u00e9liminaire est conclu. Il est clair que nous sommes entre de bonnes mains. Aujourd'hui, pr\u00e8s d'un an plus tard, notre achat a \u00e9t\u00e9 enregistr\u00e9 aupr\u00e8s des autorit\u00e9s espagnoles. La facture finale de Confianz suit. \u00c0 notre grande surprise, nous recevons une belle somme en retour. Comment cela ? En bref, nous recommandons vivement Glenn et son \u00e9quipe ! Chaleureuses salutations de La Gomera. Lut et Herwig<\/div>\n\t\t\t\n\t\t\t\t\t\t<div class=\"elementor-testimonial-meta elementor-has-image elementor-testimonial-image-position-aside\">\n\t\t\t\t<div class=\"elementor-testimonial-meta-inner\">\n\t\t\t\t\t\t\t\t\t\t\t<div class=\"elementor-testimonial-image\">\n\t\t\t\t\t\t\t<img decoding=\"async\" width=\"264\" height=\"280\" src=\"https:\/\/www.confianz.eu\/app\/uploads\/sites\/3\/2023\/03\/avatar-female.svg\" class=\"attachment-full size-full wp-image-419\" alt=\"\" \/>\t\t\t\t\t\t<\/div>\n\t\t\t\t\t\n\t\t\t\t\t\t\t\t\t\t<div class=\"elementor-testimonial-details\">\n\t\t\t\t\t\t\t\t\t\t\t\t\t\t<div class=\"elementor-testimonial-name\">Lut &amp; Herwig<\/div>\n\t\t\t\t\t\t\t\t\t\t\t\t\t\t\t\t\t\t\t\t\t\t<div class=\"elementor-testimonial-job\">Profiter de la vie \u00e0 La Gomera<\/div>\n\t\t\t\t\t\t\t\t\t\t\t\t\t<\/div>\n\t\t\t\t\t\t\t\t\t<\/div>\n\t\t\t<\/div>\n\t\t\t\t\t<\/div>\n\t\t\t\t\t\t<\/div>\n\t\t\t\t<\/div>\n\t\t\t\t<div class=\"elementor-element elementor-element-19c5e694 elementor-widget elementor-widget-testimonial\" data-id=\"19c5e694\" data-element_type=\"widget\" data-e-type=\"widget\" data-widget_type=\"testimonial.default\">\n\t\t\t\t<div class=\"elementor-widget-container\">\n\t\t\t\t\t\t\t<div class=\"elementor-testimonial-wrapper\">\n\t\t\t\t\t\t\t<div class=\"elementor-testimonial-content\">Je suis tr\u00e8s satisfait de votre travail et je tiens \u00e0 vous remercier pour vos conseils.<\/div>\n\t\t\t\n\t\t\t\t\t\t<div class=\"elementor-testimonial-meta elementor-has-image elementor-testimonial-image-position-aside\">\n\t\t\t\t<div class=\"elementor-testimonial-meta-inner\">\n\t\t\t\t\t\t\t\t\t\t\t<div class=\"elementor-testimonial-image\">\n\t\t\t\t\t\t\t<img decoding=\"async\" width=\"264\" height=\"280\" src=\"https:\/\/www.confianz.eu\/app\/uploads\/sites\/3\/2023\/03\/avatar-male.svg\" class=\"attachment-full size-full wp-image-418\" alt=\"\" \/>\t\t\t\t\t\t<\/div>\n\t\t\t\t\t\n\t\t\t\t\t\t\t\t\t\t<div class=\"elementor-testimonial-details\">\n\t\t\t\t\t\t\t\t\t\t\t\t\t\t<div class=\"elementor-testimonial-name\">F. Pollet<\/div>\n\t\t\t\t\t\t\t\t\t\t\t\t\t\t\t\t\t\t\t<\/div>\n\t\t\t\t\t\t\t\t\t<\/div>\n\t\t\t<\/div>\n\t\t\t\t\t<\/div>\n\t\t\t\t\t\t<\/div>\n\t\t\t\t<\/div>\n\t\t\t\t<div class=\"elementor-element elementor-element-14e3e80a elementor-widget elementor-widget-testimonial\" data-id=\"14e3e80a\" data-element_type=\"widget\" data-e-type=\"widget\" data-widget_type=\"testimonial.default\">\n\t\t\t\t<div class=\"elementor-widget-container\">\n\t\t\t\t\t\t\t<div class=\"elementor-testimonial-wrapper\">\n\t\t\t\t\t\t\t<div class=\"elementor-testimonial-content\">Nous vous remercions pour votre collaboration et votre assistance. Tout s'est d\u00e9roul\u00e9 comme pr\u00e9vu. Hautement recommand\u00e9. Nous sommes maintenant de fiers propri\u00e9taires et nous appr\u00e9cions notre maison.<\/div>\n\t\t\t\n\t\t\t\t\t\t<div class=\"elementor-testimonial-meta elementor-has-image elementor-testimonial-image-position-aside\">\n\t\t\t\t<div class=\"elementor-testimonial-meta-inner\">\n\t\t\t\t\t\t\t\t\t\t\t<div class=\"elementor-testimonial-image\">\n\t\t\t\t\t\t\t<img decoding=\"async\" width=\"264\" height=\"280\" src=\"https:\/\/www.confianz.eu\/app\/uploads\/sites\/3\/2023\/03\/avatar-male.svg\" class=\"attachment-full size-full wp-image-418\" alt=\"\" \/>\t\t\t\t\t\t<\/div>\n\t\t\t\t\t\n\t\t\t\t\t\t\t\t\t\t<div class=\"elementor-testimonial-details\">\n\t\t\t\t\t\t\t\t\t\t\t\t\t\t<div class=\"elementor-testimonial-name\">D. Vanaken<\/div>\n\t\t\t\t\t\t\t\t\t\t\t\t\t\t\t\t\t\t\t<\/div>\n\t\t\t\t\t\t\t\t\t<\/div>\n\t\t\t<\/div>\n\t\t\t\t\t<\/div>\n\t\t\t\t\t\t<\/div>\n\t\t\t\t<\/div>\n\t\t\t\t\t<\/div>\n\t\t<\/div>\n\t\t\t\t\t<\/div>\n\t\t<\/section>\n\t\t\t\t<\/div>\n\t\t\t\t<\/div>\n\t\t\t\t\t\t<\/div>\n\t\t\t\t<\/div>\n\t\t\t\t\t<\/div>\n\t\t<\/div>\n\t\t\t\t\t<\/div>\n\t\t<\/section>\n\t\t\t\t\t<\/div>\n\t\t<\/div>\n\t\t\t\t\t<\/div>\n\t\t<\/section>\n\t\t\t\t<\/div>","protected":false},"excerpt":{"rendered":"<p>About us Who we are\u00a0 Confianz specialises in assisting individuals and companies in property transactions in Spain. We offer our clients a\u00a0personal total service to buy or sell a property in Spain, paying particular attention to the legal and tax aspects.\u00a0 Our belief is that buying a property in Spain is an\u00a0investment in your family, [&hellip;]<\/p>\n","protected":false},"author":1,"featured_media":0,"parent":0,"menu_order":0,"comment_status":"closed","ping_status":"closed","template":"","meta":{"_acf_changed":false,"footnotes":""},"class_list":["post-383","page","type-page","status-publish","hentry"],"acf":[],"_links":{"self":[{"href":"https:\/\/www.confianz.eu\/fr\/wp-json\/wp\/v2\/pages\/383","targetHints":{"allow":["GET"]}}],"collection":[{"href":"https:\/\/www.confianz.eu\/fr\/wp-json\/wp\/v2\/pages"}],"about":[{"href":"https:\/\/www.confianz.eu\/fr\/wp-json\/wp\/v2\/types\/page"}],"author":[{"embeddable":true,"href":"https:\/\/www.confianz.eu\/fr\/wp-json\/wp\/v2\/users\/1"}],"replies":[{"embeddable":true,"href":"https:\/\/www.confianz.eu\/fr\/wp-json\/wp\/v2\/comments?post=383"}],"version-history":[{"count":36,"href":"https:\/\/www.confianz.eu\/fr\/wp-json\/wp\/v2\/pages\/383\/revisions"}],"predecessor-version":[{"id":31431,"href":"https:\/\/www.confianz.eu\/fr\/wp-json\/wp\/v2\/pages\/383\/revisions\/31431"}],"wp:attachment":[{"href":"https:\/\/www.confianz.eu\/fr\/wp-json\/wp\/v2\/media?parent=383"}],"curies":[{"name":"wp","href":"https:\/\/api.w.org\/{rel}","templated":true}]}}