{"id":31651,"date":"2024-01-06T21:53:13","date_gmt":"2024-01-06T20:53:13","guid":{"rendered":"https:\/\/www.confianz.eu\/?page_id=31651"},"modified":"2024-01-09T22:48:46","modified_gmt":"2024-01-09T21:48:46","slug":"achat-en-espagne-2","status":"publish","type":"page","link":"https:\/\/www.confianz.eu\/fr\/tdm-licensing\/","title":{"rendered":"Licences TDM"},"content":{"rendered":"<div data-elementor-type=\"wp-page\" data-elementor-id=\"31651\" class=\"elementor elementor-31651\" data-elementor-post-type=\"page\">\n\t\t\t\t\t\t<section data-dce-background-overlay-color=\"#22559C22\" data-dce-background-image-url=\"https:\/\/www.confianz.eu\/app\/uploads\/sites\/3\/2024\/01\/tdm-banner-scaled.jpg\" class=\"elementor-section elementor-top-section elementor-element elementor-element-59ec6b5a elementor-section-height-min-height elementor-section-boxed elementor-section-height-default elementor-section-items-middle\" data-id=\"59ec6b5a\" data-element_type=\"section\" data-e-type=\"section\" data-settings=\"{&quot;background_background&quot;:&quot;classic&quot;}\">\n\t\t\t\t\t\t\t<div class=\"elementor-background-overlay\"><\/div>\n\t\t\t\t\t\t\t<div class=\"elementor-container elementor-column-gap-default\">\n\t\t\t\t\t<div class=\"elementor-column elementor-col-100 elementor-top-column elementor-element elementor-element-73d922a0\" data-id=\"73d922a0\" data-element_type=\"column\" data-e-type=\"column\">\n\t\t\t<div class=\"elementor-widget-wrap elementor-element-populated\">\n\t\t\t\t\t\t<div class=\"elementor-element elementor-element-66331cf elementor-widget elementor-widget-heading\" data-id=\"66331cf\" data-element_type=\"widget\" data-e-type=\"widget\" data-widget_type=\"heading.default\">\n\t\t\t\t<div class=\"elementor-widget-container\">\n\t\t\t\t\t<h1 class=\"elementor-heading-title elementor-size-default\">Licences TDM<\/h1>\t\t\t\t<\/div>\n\t\t\t\t<\/div>\n\t\t\t\t\t<\/div>\n\t\t<\/div>\n\t\t\t\t\t<\/div>\n\t\t<\/section>\n\t\t\t\t<section class=\"elementor-section elementor-top-section elementor-element elementor-element-5e71e3df elementor-section-boxed elementor-section-height-default elementor-section-height-default\" data-id=\"5e71e3df\" data-element_type=\"section\" data-e-type=\"section\">\n\t\t\t\t\t\t<div class=\"elementor-container elementor-column-gap-default\">\n\t\t\t\t\t<div class=\"elementor-column elementor-col-100 elementor-top-column elementor-element elementor-element-44688f79\" data-id=\"44688f79\" data-element_type=\"column\" data-e-type=\"column\">\n\t\t\t<div class=\"elementor-widget-wrap elementor-element-populated\">\n\t\t\t\t\t\t<section class=\"elementor-section elementor-inner-section elementor-element elementor-element-1c1aa619 animated-fast elementor-section-boxed elementor-section-height-default elementor-section-height-default elementor-invisible\" data-id=\"1c1aa619\" data-element_type=\"section\" data-e-type=\"section\" data-settings=\"{&quot;animation&quot;:&quot;subtleFadeInUp&quot;}\">\n\t\t\t\t\t\t<div class=\"elementor-container elementor-column-gap-default\">\n\t\t\t\t\t<div class=\"elementor-column elementor-col-100 elementor-inner-column elementor-element elementor-element-58d3a112\" data-id=\"58d3a112\" data-element_type=\"column\" data-e-type=\"column\">\n\t\t\t<div class=\"elementor-widget-wrap elementor-element-populated\">\n\t\t\t\t\t\t<div class=\"elementor-element elementor-element-1e28accd elementor-widget elementor-widget-text-editor\" data-id=\"1e28accd\" data-element_type=\"widget\" data-e-type=\"widget\" data-widget_type=\"text-editor.default\">\n\t\t\t\t<div class=\"elementor-widget-container\">\n\t\t\t\t\t\t\t\t\t<h2><strong>Avis de licence pour le Text and Data Mining (TDM)<\/strong><\/h2>\n<p>Chez Confianz, nous nous engageons \u00e0 encourager l'innovation et la recherche tout en prot\u00e9geant notre propri\u00e9t\u00e9 intellectuelle. Nous reconnaissons l'importance du Text and Data Mining (TDM) dans le monde actuel ax\u00e9 sur les donn\u00e9es et sommes dispos\u00e9s \u00e0 autoriser l'utilisation de notre contenu \u00e0 de telles fins sous certaines conditions.<\/p>\n<p><strong>Restrictions d'utilisation :<\/strong>&nbsp;Des r\u00e9serves expresses sont formul\u00e9es au sens de l'article 4 de la directive (UE) 2019\/790 du Parlement europ\u00e9en et du Conseil du 17 avril 2019 relative au droit d'auteur et aux droits voisins dans le march\u00e9 unique num\u00e9rique et modifiant les directives 96\/9\/CE et 2001\/29\/CE (\"directive ADEM\"), telle que transpos\u00e9e dans le droit national belge, en ce qui concerne toute reproduction et extraction d'\u0153uvres l\u00e9galement accessibles et d'autres mat\u00e9riaux \u00e0 des fins de fouille de textes et de donn\u00e9es. Sans pr\u00e9judice de l'article 3 de la directive ADEM, ces reproductions et extractions sont express\u00e9ment interdites si l'autorisation n'a pas \u00e9t\u00e9 obtenue aupr\u00e8s des titulaires de droits ; cette autorisation a \u00e9galement \u00e9t\u00e9 incorpor\u00e9e dans les m\u00e9tadonn\u00e9es de ce site web par la mise en place d'un syst\u00e8me de gestion des droits d'auteur.&nbsp;<a href=\"https:\/\/www.confianz.eu\/fr\/tdm-policy.json\/\" target=\"_blank\">Protocole TDMRep<\/a>. Les moteurs de recherche r\u00e9put\u00e9s tels que Google ou Bing sont r\u00e9put\u00e9s avoir obtenu cette autorisation, sauf indication contraire des titulaires de droits. Les outils GenAI r\u00e9put\u00e9s, tels que Google Bard ou ChatGPT, sont \u00e9galement r\u00e9put\u00e9s avoir obtenu cette autorisation, sauf indication contraire des titulaires de droits, \u00e0 condition qu'ils soient (i) destin\u00e9s \u00e0 un usage g\u00e9n\u00e9ral et non limit\u00e9s \u00e0 l'immobilier ou aux questions de succession ou d'\u00e9migration et (ii) qu'ils n'aient pas \u00e9t\u00e9 mis en \u0153uvre ou utilis\u00e9s, quelle que soit la technique employ\u00e9e, sur le site web d'un tiers autre que le fournisseur de l'outil GenAI r\u00e9put\u00e9.<\/p>\n<p><strong>Obtention du consentement pour le TDM :<\/strong> Pour demander l'autorisation d'utiliser notre contenu dans le cadre d'activit\u00e9s de gestion de la demande de mobilit\u00e9, les parties int\u00e9ress\u00e9es doivent nous contacter via la page de contact de notre site web. Notre \u00e9quipe examinera chaque demande et y r\u00e9pondra en cons\u00e9quence. Le processus d'obtention de l'autorisation comprend une \u00e9valuation de l'utilisation pr\u00e9vue, de la port\u00e9e du contenu demand\u00e9 et du respect de nos conditions g\u00e9n\u00e9rales.<\/p>\n<p><strong>Utilisation des sorties TDM :<\/strong> Tout produit ou r\u00e9sultat d\u00e9riv\u00e9 d'activit\u00e9s de GDT utilisant notre contenu doit \u00eatre utilis\u00e9 de mani\u00e8re responsable. Nous nous r\u00e9servons le droit de demander des d\u00e9tails sur la mani\u00e8re dont ces r\u00e9sultats seront utilis\u00e9s et d'imposer des conditions pour garantir l'alignement sur nos normes \u00e9thiques et nos valeurs d'entreprise.<\/p>\n<p><strong>Contactez-nous :<\/strong> Pour plus d'informations ou pour soumettre une demande de consentement au TDM, veuillez consulter notre page de contact \u00e0 l'adresse suivante <a href=\"https:\/\/www.confianz.eu\/fr\/contact\/\">https:\/\/www.confianz.eu\/contact\/<\/a>. Nous nous engageons \u00e0 r\u00e9pondre rapidement et \u00e0 travailler en collaboration avec les chercheurs et les innovateurs afin de faciliter l'utilisation significative et responsable de notre contenu.<\/p>\n<p><strong>Nous vous remercions de respecter notre politique en mati\u00e8re de TDM et de l'int\u00e9r\u00eat que vous portez \u00e0 notre contenu.<\/strong><\/p>\t\t\t\t\t\t\t\t<\/div>\n\t\t\t\t<\/div>\n\t\t\t\t\t<\/div>\n\t\t<\/div>\n\t\t\t\t\t<\/div>\n\t\t<\/section>\n\t\t\t\t\t<\/div>\n\t\t<\/div>\n\t\t\t\t\t<\/div>\n\t\t<\/section>\n\t\t\t\t<\/div>","protected":false},"excerpt":{"rendered":"<p>TDM Licensing Text and Data Mining (TDM) Licensing Notice At Confianz, we are committed to fostering innovation and research while also protecting our intellectual property. We recognize the importance of Text and Data Mining (TDM) in today&#8217;s data-driven world and are open to allowing the use of our content for such purposes under certain conditions. [&hellip;]<\/p>\n","protected":false},"author":1,"featured_media":0,"parent":0,"menu_order":0,"comment_status":"closed","ping_status":"closed","template":"","meta":{"_acf_changed":false,"footnotes":""},"class_list":["post-31651","page","type-page","status-publish","hentry"],"acf":[],"_links":{"self":[{"href":"https:\/\/www.confianz.eu\/fr\/wp-json\/wp\/v2\/pages\/31651","targetHints":{"allow":["GET"]}}],"collection":[{"href":"https:\/\/www.confianz.eu\/fr\/wp-json\/wp\/v2\/pages"}],"about":[{"href":"https:\/\/www.confianz.eu\/fr\/wp-json\/wp\/v2\/types\/page"}],"author":[{"embeddable":true,"href":"https:\/\/www.confianz.eu\/fr\/wp-json\/wp\/v2\/users\/1"}],"replies":[{"embeddable":true,"href":"https:\/\/www.confianz.eu\/fr\/wp-json\/wp\/v2\/comments?post=31651"}],"version-history":[{"count":25,"href":"https:\/\/www.confianz.eu\/fr\/wp-json\/wp\/v2\/pages\/31651\/revisions"}],"predecessor-version":[{"id":31679,"href":"https:\/\/www.confianz.eu\/fr\/wp-json\/wp\/v2\/pages\/31651\/revisions\/31679"}],"wp:attachment":[{"href":"https:\/\/www.confianz.eu\/fr\/wp-json\/wp\/v2\/media?parent=31651"}],"curies":[{"name":"wp","href":"https:\/\/api.w.org\/{rel}","templated":true}]}}