{"id":29440,"date":"2023-03-19T12:53:54","date_gmt":"2023-03-19T11:53:54","guid":{"rendered":"https::\/\/www.confianz.eu\/?page_id=29440"},"modified":"2023-03-19T13:01:43","modified_gmt":"2023-03-19T12:01:43","slug":"omgevingsrecht","status":"publish","type":"page","link":"https:\/\/www.confianz.eu\/fr\/omgevingsrecht\/","title":{"rendered":"Avocats des droits de l'homme"},"content":{"rendered":"<div data-elementor-type=\"wp-page\" data-elementor-id=\"29440\" class=\"elementor elementor-29440\" data-elementor-post-type=\"page\">\n\t\t\t\t\t\t<section data-dce-background-overlay-color=\"#22559C22\" data-dce-background-image-url=\"https:\/\/www.confianz.eu\/app\/uploads\/2023\/03\/omgevingsrecht-huis.jpg\" class=\"elementor-section elementor-top-section elementor-element elementor-element-59ec6b5a elementor-section-height-min-height elementor-section-boxed elementor-section-height-default elementor-section-items-middle\" data-id=\"59ec6b5a\" data-element_type=\"section\" data-e-type=\"section\" data-settings=\"{&quot;background_background&quot;:&quot;classic&quot;}\">\n\t\t\t\t\t\t\t<div class=\"elementor-background-overlay\"><\/div>\n\t\t\t\t\t\t\t<div class=\"elementor-container elementor-column-gap-default\">\n\t\t\t\t\t<div class=\"elementor-column elementor-col-100 elementor-top-column elementor-element elementor-element-73d922a0\" data-id=\"73d922a0\" data-element_type=\"column\" data-e-type=\"column\">\n\t\t\t<div class=\"elementor-widget-wrap elementor-element-populated\">\n\t\t\t\t\t\t<div class=\"elementor-element elementor-element-66331cf elementor-widget elementor-widget-heading\" data-id=\"66331cf\" data-element_type=\"widget\" data-e-type=\"widget\" data-widget_type=\"heading.default\">\n\t\t\t\t<div class=\"elementor-widget-container\">\n\t\t\t\t\t<h1 class=\"elementor-heading-title elementor-size-default\">Avocats des droits de l'homme<\/h1>\t\t\t\t<\/div>\n\t\t\t\t<\/div>\n\t\t\t\t\t<\/div>\n\t\t<\/div>\n\t\t\t\t\t<\/div>\n\t\t<\/section>\n\t\t\t\t<section class=\"elementor-section elementor-top-section elementor-element elementor-element-9542fbf elementor-section-boxed elementor-section-height-default elementor-section-height-default\" data-id=\"9542fbf\" data-element_type=\"section\" data-e-type=\"section\">\n\t\t\t\t\t\t<div class=\"elementor-container elementor-column-gap-default\">\n\t\t\t\t\t<div class=\"elementor-column elementor-col-100 elementor-top-column elementor-element elementor-element-d0c868c animated-fast elementor-invisible\" data-id=\"d0c868c\" data-element_type=\"column\" data-e-type=\"column\" data-settings=\"{&quot;animation&quot;:&quot;subtleFadeInUp&quot;}\">\n\t\t\t<div class=\"elementor-widget-wrap elementor-element-populated\">\n\t\t\t\t\t\t<div class=\"elementor-element elementor-element-edfae78 elementor-widget elementor-widget-text-editor\" data-id=\"edfae78\" data-element_type=\"widget\" data-e-type=\"widget\" data-widget_type=\"text-editor.default\">\n\t\t\t\t<div class=\"elementor-widget-container\">\n\t\t\t\t\t\t\t\t\t<p>Souhaitez-vous r\u00e9aliser un projet de grande envergure ? Notre loi sur la protection des droits de l'homme vous aide \u00e0 r\u00e9soudre tous les probl\u00e8mes de sant\u00e9 publique en Flandre.<\/p>\t\t\t\t\t\t\t\t<\/div>\n\t\t\t\t<\/div>\n\t\t\t\t<div class=\"elementor-element elementor-element-b49f739 elementor-blockquote--skin-border elementor-widget elementor-widget-blockquote\" data-id=\"b49f739\" data-element_type=\"widget\" data-e-type=\"widget\" data-widget_type=\"blockquote.default\">\n\t\t\t\t<div class=\"elementor-widget-container\">\n\t\t\t\t\t\t\t<blockquote class=\"elementor-blockquote\">\n\t\t\t<p class=\"elementor-blockquote__content\">\n\t\t\t\tL'ouverture d'une session se fait en trois temps : <strong>\u00eatre en ordre - travailler - proc\u00e9der<\/strong>. Confianz behandelt dossiers omgevingsrecht voor heel Vlaanderen.\t\t\t<\/p>\n\t\t\t\t\t<\/blockquote>\n\t\t\t\t\t\t<\/div>\n\t\t\t\t<\/div>\n\t\t\t\t\t<\/div>\n\t\t<\/div>\n\t\t\t\t\t<\/div>\n\t\t<\/section>\n\t\t\t\t<section class=\"elementor-section elementor-top-section elementor-element elementor-element-89748a8 elementor-section-boxed elementor-section-height-default elementor-section-height-default\" data-id=\"89748a8\" data-element_type=\"section\" data-e-type=\"section\">\n\t\t\t\t\t\t<div class=\"elementor-container elementor-column-gap-default\">\n\t\t\t\t\t<div class=\"elementor-column elementor-col-50 elementor-top-column elementor-element elementor-element-c6ceaef animated-fast elementor-invisible\" data-id=\"c6ceaef\" data-element_type=\"column\" data-e-type=\"column\" data-settings=\"{&quot;animation&quot;:&quot;subtleFadeInLeft&quot;,&quot;animation_delay&quot;:100,&quot;animation_mobile&quot;:&quot;subtleFadeInUp&quot;}\">\n\t\t\t<div class=\"elementor-widget-wrap elementor-element-populated\">\n\t\t\t\t\t\t<div class=\"elementor-element elementor-element-438c267 elementor-widget elementor-widget-heading\" data-id=\"438c267\" data-element_type=\"widget\" data-e-type=\"widget\" data-widget_type=\"heading.default\">\n\t\t\t\t<div class=\"elementor-widget-container\">\n\t\t\t\t\t<h2 class=\"elementor-heading-title elementor-size-default\">1. Mise en \u0153uvre des mesures d'accompagnement<\/h2>\t\t\t\t<\/div>\n\t\t\t\t<\/div>\n\t\t\t\t<div class=\"elementor-element elementor-element-1001986 elementor-widget elementor-widget-text-editor\" data-id=\"1001986\" data-element_type=\"widget\" data-e-type=\"widget\" data-widget_type=\"text-editor.default\">\n\t\t\t\t<div class=\"elementor-widget-container\">\n\t\t\t\t\t\t\t\t\t<p>En tant que sp\u00e9cialistes en mati\u00e8re de contr\u00f4le de l'environnement, nous<strong>\u00a0<\/strong>vergunningsaanvragen om zo te vermijden dat een procedure mogelijks vastloopt. Il en va de m\u00eame pour les relations avec les entreprises et les conseillers, les travaux d'entretien des b\u00e2timents et les relations avec les bureaux ext\u00e9rieurs, notamment avec un architecte ou un architecte d'int\u00e9rieur.<\/p>\n<p><strong><a href=\"https:\/\/www.confianz.eu\/fr\/2020\/12\/28\/omgevingsvergunning-aanvragen\/\">Vous trouverez ici les diff\u00e9rentes \u00e9tapes de la proc\u00e9dure de demande d'autorisation.<\/a><\/strong><\/p>\t\t\t\t\t\t\t\t<\/div>\n\t\t\t\t<\/div>\n\t\t\t\t<div class=\"elementor-element elementor-element-f78cf3d elementor-widget elementor-widget-heading\" data-id=\"f78cf3d\" data-element_type=\"widget\" data-e-type=\"widget\" data-widget_type=\"heading.default\">\n\t\t\t\t<div class=\"elementor-widget-container\">\n\t\t\t\t\t<h2 class=\"elementor-heading-title elementor-size-default\">2. Assistance \u00e0 la mise en \u0153uvre de la gestion des ressources humaines<\/h2>\t\t\t\t<\/div>\n\t\t\t\t<\/div>\n\t\t\t\t<div class=\"elementor-element elementor-element-2dcd4d5 elementor-widget elementor-widget-text-editor\" data-id=\"2dcd4d5\" data-element_type=\"widget\" data-e-type=\"widget\" data-widget_type=\"text-editor.default\">\n\t\t\t\t<div class=\"elementor-widget-container\">\n\t\t\t\t\t\t\t\t\t<p>Votre projet a-t-il \u00e9t\u00e9 modifi\u00e9 ? Cela ne signifie pas que votre projet se situe \u00e0 l'ext\u00e9rieur. Par ailleurs, il n'est pas n\u00e9cessaire de nous laisser tomber ici. Nous vous aidons \u00e0 r\u00e9soudre vos probl\u00e8mes.<\/p>\n<p><strong><a href=\"https:\/\/www.confianz.eu\/fr\/2021\/02\/08\/weigering-omgevingsvergunning\/\">Quels sont vos objectifs lors d'un changement d'orientation ?<\/a><\/strong><\/p>\t\t\t\t\t\t\t\t<\/div>\n\t\t\t\t<\/div>\n\t\t\t\t\t<\/div>\n\t\t<\/div>\n\t\t\t\t<div class=\"elementor-column elementor-col-50 elementor-top-column elementor-element elementor-element-82226cc animated-fast elementor-invisible\" data-id=\"82226cc\" data-element_type=\"column\" data-e-type=\"column\" data-settings=\"{&quot;animation&quot;:&quot;subtleFadeInRight&quot;,&quot;animation_mobile&quot;:&quot;subtleFadeInUp&quot;}\">\n\t\t\t<div class=\"elementor-widget-wrap elementor-element-populated\">\n\t\t\t\t\t\t<div class=\"elementor-element elementor-element-14efc71 elementor-widget elementor-widget-heading\" data-id=\"14efc71\" data-element_type=\"widget\" data-e-type=\"widget\" data-widget_type=\"heading.default\">\n\t\t\t\t<div class=\"elementor-widget-container\">\n\t\t\t\t\t<h2 class=\"elementor-heading-title elementor-size-default\">3. Remboursements d'imp\u00f4ts et de taxes<\/h2>\t\t\t\t<\/div>\n\t\t\t\t<\/div>\n\t\t\t\t<div class=\"elementor-element elementor-element-36ab8a1 elementor-widget elementor-widget-text-editor\" data-id=\"36ab8a1\" data-element_type=\"widget\" data-e-type=\"widget\" data-widget_type=\"text-editor.default\">\n\t\t\t\t<div class=\"elementor-widget-container\">\n\t\t\t\t\t\t\t\t\t<p>Notre avocat en droit de la concurrence tient compte de vos int\u00e9r\u00eats et vous aide \u00e0 mettre en place des proc\u00e9dures et des r\u00e8gles juridiques pour les litiges individuels en Flandre. En tant qu'avocat du Conseil de l'Europe, nous pouvons \u00e9galement vous aider dans les domaines suivants\u00a0<strong>beroepsprocedures<\/strong>\u00a0bij de provincie en de Raad voor Vergunningsbetwistingen.<\/p>\n<p><strong><a href=\"https:\/\/www.confianz.eu\/fr\/2020\/12\/11\/een-bouwvergunning-aanvechten-3-praktische-tips\/\">En savoir plus sur les \u00e9tapes \u00e0 suivre pour obtenir un remboursement de frais de scolarit\u00e9<\/a><\/strong>.<\/p>\t\t\t\t\t\t\t\t<\/div>\n\t\t\t\t<\/div>\n\t\t\t\t<div class=\"elementor-element elementor-element-361e46f elementor-widget elementor-widget-heading\" data-id=\"361e46f\" data-element_type=\"widget\" data-e-type=\"widget\" data-widget_type=\"heading.default\">\n\t\t\t\t<div class=\"elementor-widget-container\">\n\t\t\t\t\t<h2 class=\"elementor-heading-title elementor-size-default\">4. Diligence raisonnable \u00e9tendue<\/h2>\t\t\t\t<\/div>\n\t\t\t\t<\/div>\n\t\t\t\t<div class=\"elementor-element elementor-element-8b6112b elementor-widget elementor-widget-text-editor\" data-id=\"8b6112b\" data-element_type=\"widget\" data-e-type=\"widget\" data-widget_type=\"text-editor.default\">\n\t\t\t\t<div class=\"elementor-widget-container\">\n\t\t\t\t\t\t\t\t\t<p>Confianz vous aide \u00e0 faire preuve de diligence raisonnable en ce qui concerne l'aspect social des grands investissements en Flandre. Quelles sont les principales questions qui peuvent se poser lors de la mise en \u0153uvre d'un plan d'action ou d'une nouvelle solution que vous souhaitez mettre en place ? Notre avocat vous conseille sur la pertinence de votre projet pour une prise de d\u00e9cision d\u00e9finitive.<\/p>\n<p><strong><a href=\"https:\/\/www.confianz.eu\/fr\/2021\/01\/13\/stedenbouwkundig-onderzoek-vlaanderen\/\">Qu'est-ce que la due diligence ou l'analyse de la solvabilit\u00e9 d'un grand groupe ?<\/a><\/strong><\/p>\t\t\t\t\t\t\t\t<\/div>\n\t\t\t\t<\/div>\n\t\t\t\t\t<\/div>\n\t\t<\/div>\n\t\t\t\t\t<\/div>\n\t\t<\/section>\n\t\t\t\t<\/div>","protected":false},"excerpt":{"rendered":"<p>Advocaten omgevingsrecht Werkt u aan de realisatie van een vastgoedproject? Onze advocaat omgevingsrecht staat u bij met alle stedenbouwkundige aspecten in Vlaanderen. Onze dienstverlening kenmerkt zich door drie termen: begeleiden \u2013 voorkomen \u2013 procederen. Confianz behandelt dossiers omgevingsrecht voor heel Vlaanderen. 1. Begeleiding van vergunningsaanvragen Als specialisten omgevingsrecht screenen we\u00a0vergunningsaanvragen om zo te vermijden dat [&hellip;]<\/p>\n","protected":false},"author":1,"featured_media":0,"parent":0,"menu_order":0,"comment_status":"closed","ping_status":"closed","template":"","meta":{"_acf_changed":false,"footnotes":""},"class_list":["post-29440","page","type-page","status-publish","hentry"],"acf":[],"_links":{"self":[{"href":"https:\/\/www.confianz.eu\/fr\/wp-json\/wp\/v2\/pages\/29440","targetHints":{"allow":["GET"]}}],"collection":[{"href":"https:\/\/www.confianz.eu\/fr\/wp-json\/wp\/v2\/pages"}],"about":[{"href":"https:\/\/www.confianz.eu\/fr\/wp-json\/wp\/v2\/types\/page"}],"author":[{"embeddable":true,"href":"https:\/\/www.confianz.eu\/fr\/wp-json\/wp\/v2\/users\/1"}],"replies":[{"embeddable":true,"href":"https:\/\/www.confianz.eu\/fr\/wp-json\/wp\/v2\/comments?post=29440"}],"version-history":[{"count":7,"href":"https:\/\/www.confianz.eu\/fr\/wp-json\/wp\/v2\/pages\/29440\/revisions"}],"predecessor-version":[{"id":29448,"href":"https:\/\/www.confianz.eu\/fr\/wp-json\/wp\/v2\/pages\/29440\/revisions\/29448"}],"wp:attachment":[{"href":"https:\/\/www.confianz.eu\/fr\/wp-json\/wp\/v2\/media?parent=29440"}],"curies":[{"name":"wp","href":"https:\/\/api.w.org\/{rel}","templated":true}]}}